{"id":78,"date":"2020-10-12T08:07:36","date_gmt":"2020-10-12T08:07:36","guid":{"rendered":"https:\/\/tecmur2.es\/?post_type=product&#038;p=78"},"modified":"2022-10-24T17:04:18","modified_gmt":"2022-10-24T17:04:18","slug":"taponadora-de-cubos-t2","status":"publish","type":"product","link":"https:\/\/tecmur2.es\/?product=taponadora-de-cubos-t2","title":{"rendered":"TAPONADORA DE CUBOS T2"},"content":{"rendered":"<p>La taponadora de cubos o cerradora de cubetas, permite el cierre autom\u00e1tico de diferentes tipos de envases de pl\u00e1stico por presi\u00f3n. Fabricada en acero inoxidable A-304,ideal para peque\u00f1as y medianas producciones. Su dise\u00f1o ergon\u00f3mico est\u00e1 especialmente pensado para taponar cualquier tipo de envase ajustando la altura del rodillo vulcanizado. Los cubos acceden a la taponadora a trav\u00e9s de un camino de rodillos que lleva incorporada la m\u00e1quina, coloc\u00e1ndose sobre unas placas que act\u00faan de base para realizar la correcta presi\u00f3n sobre las tapas de los envases. Una vez, taponados los envases, contin\u00faan la l\u00ednea de producto siguiendo la cinta de rodillos.<\/p>\n","protected":false},"excerpt":{"rendered":"<p>La taponadora de cubos o cerradora de cubetas, permite el cierre autom\u00e1tico de diferentes tipos de envases de pl\u00e1stico por presi\u00f3n. Fabricada en acero inoxidable A-304,ideal para peque\u00f1as y medianas producciones. Su dise\u00f1o ergon\u00f3mico est\u00e1 especialmente pensado para taponar cualquier tipo de envase ajustando la altura del rodillo vulcanizado. Los cubos acceden a la taponadora [&hellip;]<\/p>\n","protected":false},"featured_media":596,"comment_status":"open","ping_status":"closed","template":"","meta":[],"product_cat":[16,23,33],"product_tag":[],"yoast_head":"<!-- This site is optimized with the Yoast SEO plugin v20.12 - https:\/\/yoast.com\/wordpress\/plugins\/seo\/ -->\n<title>TAPONADORA DE CUBOS T2 - Tecmur 2 S.L.<\/title>\n<meta name=\"robots\" content=\"index, follow, max-snippet:-1, max-image-preview:large, max-video-preview:-1\" \/>\n<link rel=\"canonical\" href=\"https:\/\/tecmur2.es\/producto\/taponadora-de-cubos-t2\/\" \/>\n<meta property=\"og:locale\" content=\"es_ES\" \/>\n<meta property=\"og:type\" content=\"article\" \/>\n<meta property=\"og:title\" content=\"TAPONADORA DE CUBOS T2 - Tecmur 2 S.L.\" \/>\n<meta property=\"og:description\" content=\"La taponadora de cubos o cerradora de cubetas, permite el cierre autom\u00e1tico de diferentes tipos de envases de pl\u00e1stico por presi\u00f3n. Fabricada en acero inoxidable A-304,ideal para peque\u00f1as y medianas producciones. Su dise\u00f1o ergon\u00f3mico est\u00e1 especialmente pensado para taponar cualquier tipo de envase ajustando la altura del rodillo vulcanizado. Los cubos acceden a la taponadora [&hellip;]\" \/>\n<meta property=\"og:url\" content=\"https:\/\/tecmur2.es\/producto\/taponadora-de-cubos-t2\/\" \/>\n<meta property=\"og:site_name\" content=\"Tecmur 2 S.L.\" \/>\n<meta property=\"article:modified_time\" content=\"2022-10-24T17:04:18+00:00\" \/>\n<meta property=\"og:image\" content=\"https:\/\/tecmur2.es\/wp-content\/uploads\/2020\/10\/TAPONADORA-DE-CUBOS-T2-4.png\" \/>\n\t<meta property=\"og:image:width\" content=\"985\" \/>\n\t<meta property=\"og:image:height\" content=\"1010\" \/>\n\t<meta property=\"og:image:type\" content=\"image\/png\" \/>\n<meta name=\"twitter:card\" content=\"summary_large_image\" \/>\n<meta name=\"twitter:label1\" content=\"Tiempo de lectura\" \/>\n\t<meta name=\"twitter:data1\" content=\"1 minuto\" \/>\n<script type=\"application\/ld+json\" class=\"yoast-schema-graph\">{\"@context\":\"https:\/\/schema.org\",\"@graph\":[{\"@type\":\"WebPage\",\"@id\":\"https:\/\/tecmur2.es\/producto\/taponadora-de-cubos-t2\/\",\"url\":\"https:\/\/tecmur2.es\/producto\/taponadora-de-cubos-t2\/\",\"name\":\"TAPONADORA DE CUBOS T2 - Tecmur 2 S.L.\",\"isPartOf\":{\"@id\":\"https:\/\/tecmur2.es\/#website\"},\"datePublished\":\"2020-10-12T08:07:36+00:00\",\"dateModified\":\"2022-10-24T17:04:18+00:00\",\"breadcrumb\":{\"@id\":\"https:\/\/tecmur2.es\/producto\/taponadora-de-cubos-t2\/#breadcrumb\"},\"inLanguage\":\"es\",\"potentialAction\":[{\"@type\":\"ReadAction\",\"target\":[\"https:\/\/tecmur2.es\/producto\/taponadora-de-cubos-t2\/\"]}]},{\"@type\":\"BreadcrumbList\",\"@id\":\"https:\/\/tecmur2.es\/producto\/taponadora-de-cubos-t2\/#breadcrumb\",\"itemListElement\":[{\"@type\":\"ListItem\",\"position\":1,\"name\":\"Portada\",\"item\":\"https:\/\/tecmur2.es\/\"},{\"@type\":\"ListItem\",\"position\":2,\"name\":\"Tienda\",\"item\":\"https:\/\/tecmur2.es\/?page_id=6\"},{\"@type\":\"ListItem\",\"position\":3,\"name\":\"TAPONADORA DE CUBOS T2\"}]},{\"@type\":\"WebSite\",\"@id\":\"https:\/\/tecmur2.es\/#website\",\"url\":\"https:\/\/tecmur2.es\/\",\"name\":\"Tecmur 2 S.L.\",\"description\":\"Maquinaria para la alimentaci\u00f3n\",\"publisher\":{\"@id\":\"https:\/\/tecmur2.es\/#organization\"},\"potentialAction\":[{\"@type\":\"SearchAction\",\"target\":{\"@type\":\"EntryPoint\",\"urlTemplate\":\"https:\/\/tecmur2.es\/?s={search_term_string}\"},\"query-input\":\"required name=search_term_string\"}],\"inLanguage\":\"es\"},{\"@type\":\"Organization\",\"@id\":\"https:\/\/tecmur2.es\/#organization\",\"name\":\"Tecmur 2 S.L.\",\"url\":\"https:\/\/tecmur2.es\/\",\"logo\":{\"@type\":\"ImageObject\",\"inLanguage\":\"es\",\"@id\":\"https:\/\/tecmur2.es\/#\/schema\/logo\/image\/\",\"url\":\"https:\/\/tecmur2.es\/wp-content\/uploads\/2022\/10\/logo_tecmur2_verde.jpg\",\"contentUrl\":\"https:\/\/tecmur2.es\/wp-content\/uploads\/2022\/10\/logo_tecmur2_verde.jpg\",\"width\":2283,\"height\":539,\"caption\":\"Tecmur 2 S.L.\"},\"image\":{\"@id\":\"https:\/\/tecmur2.es\/#\/schema\/logo\/image\/\"}}]}<\/script>\n<!-- \/ Yoast SEO plugin. -->","yoast_head_json":{"title":"TAPONADORA DE CUBOS T2 - Tecmur 2 S.L.","robots":{"index":"index","follow":"follow","max-snippet":"max-snippet:-1","max-image-preview":"max-image-preview:large","max-video-preview":"max-video-preview:-1"},"canonical":"https:\/\/tecmur2.es\/producto\/taponadora-de-cubos-t2\/","og_locale":"es_ES","og_type":"article","og_title":"TAPONADORA DE CUBOS T2 - Tecmur 2 S.L.","og_description":"La taponadora de cubos o cerradora de cubetas, permite el cierre autom\u00e1tico de diferentes tipos de envases de pl\u00e1stico por presi\u00f3n. Fabricada en acero inoxidable A-304,ideal para peque\u00f1as y medianas producciones. Su dise\u00f1o ergon\u00f3mico est\u00e1 especialmente pensado para taponar cualquier tipo de envase ajustando la altura del rodillo vulcanizado. Los cubos acceden a la taponadora [&hellip;]","og_url":"https:\/\/tecmur2.es\/producto\/taponadora-de-cubos-t2\/","og_site_name":"Tecmur 2 S.L.","article_modified_time":"2022-10-24T17:04:18+00:00","og_image":[{"width":985,"height":1010,"url":"https:\/\/tecmur2.es\/wp-content\/uploads\/2020\/10\/TAPONADORA-DE-CUBOS-T2-4.png","type":"image\/png"}],"twitter_card":"summary_large_image","twitter_misc":{"Tiempo de lectura":"1 minuto"},"schema":{"@context":"https:\/\/schema.org","@graph":[{"@type":"WebPage","@id":"https:\/\/tecmur2.es\/producto\/taponadora-de-cubos-t2\/","url":"https:\/\/tecmur2.es\/producto\/taponadora-de-cubos-t2\/","name":"TAPONADORA DE CUBOS T2 - Tecmur 2 S.L.","isPartOf":{"@id":"https:\/\/tecmur2.es\/#website"},"datePublished":"2020-10-12T08:07:36+00:00","dateModified":"2022-10-24T17:04:18+00:00","breadcrumb":{"@id":"https:\/\/tecmur2.es\/producto\/taponadora-de-cubos-t2\/#breadcrumb"},"inLanguage":"es","potentialAction":[{"@type":"ReadAction","target":["https:\/\/tecmur2.es\/producto\/taponadora-de-cubos-t2\/"]}]},{"@type":"BreadcrumbList","@id":"https:\/\/tecmur2.es\/producto\/taponadora-de-cubos-t2\/#breadcrumb","itemListElement":[{"@type":"ListItem","position":1,"name":"Portada","item":"https:\/\/tecmur2.es\/"},{"@type":"ListItem","position":2,"name":"Tienda","item":"https:\/\/tecmur2.es\/?page_id=6"},{"@type":"ListItem","position":3,"name":"TAPONADORA DE CUBOS T2"}]},{"@type":"WebSite","@id":"https:\/\/tecmur2.es\/#website","url":"https:\/\/tecmur2.es\/","name":"Tecmur 2 S.L.","description":"Maquinaria para la alimentaci\u00f3n","publisher":{"@id":"https:\/\/tecmur2.es\/#organization"},"potentialAction":[{"@type":"SearchAction","target":{"@type":"EntryPoint","urlTemplate":"https:\/\/tecmur2.es\/?s={search_term_string}"},"query-input":"required name=search_term_string"}],"inLanguage":"es"},{"@type":"Organization","@id":"https:\/\/tecmur2.es\/#organization","name":"Tecmur 2 S.L.","url":"https:\/\/tecmur2.es\/","logo":{"@type":"ImageObject","inLanguage":"es","@id":"https:\/\/tecmur2.es\/#\/schema\/logo\/image\/","url":"https:\/\/tecmur2.es\/wp-content\/uploads\/2022\/10\/logo_tecmur2_verde.jpg","contentUrl":"https:\/\/tecmur2.es\/wp-content\/uploads\/2022\/10\/logo_tecmur2_verde.jpg","width":2283,"height":539,"caption":"Tecmur 2 S.L."},"image":{"@id":"https:\/\/tecmur2.es\/#\/schema\/logo\/image\/"}}]}},"_links":{"self":[{"href":"https:\/\/tecmur2.es\/index.php?rest_route=\/wp\/v2\/product\/78"}],"collection":[{"href":"https:\/\/tecmur2.es\/index.php?rest_route=\/wp\/v2\/product"}],"about":[{"href":"https:\/\/tecmur2.es\/index.php?rest_route=\/wp\/v2\/types\/product"}],"replies":[{"embeddable":true,"href":"https:\/\/tecmur2.es\/index.php?rest_route=%2Fwp%2Fv2%2Fcomments&post=78"}],"wp:featuredmedia":[{"embeddable":true,"href":"https:\/\/tecmur2.es\/index.php?rest_route=\/wp\/v2\/media\/596"}],"wp:attachment":[{"href":"https:\/\/tecmur2.es\/index.php?rest_route=%2Fwp%2Fv2%2Fmedia&parent=78"}],"wp:term":[{"taxonomy":"product_cat","embeddable":true,"href":"https:\/\/tecmur2.es\/index.php?rest_route=%2Fwp%2Fv2%2Fproduct_cat&post=78"},{"taxonomy":"product_tag","embeddable":true,"href":"https:\/\/tecmur2.es\/index.php?rest_route=%2Fwp%2Fv2%2Fproduct_tag&post=78"}],"curies":[{"name":"wp","href":"https:\/\/api.w.org\/{rel}","templated":true}]}}