{"id":636,"date":"2020-12-24T11:17:44","date_gmt":"2020-12-24T11:17:44","guid":{"rendered":"https:\/\/tecmur2.es\/?post_type=product&#038;p=636"},"modified":"2020-12-24T11:20:00","modified_gmt":"2020-12-24T11:20:00","slug":"disco-alimentacion","status":"publish","type":"product","link":"https:\/\/tecmur2.es\/?product=disco-alimentacion","title":{"rendered":"DISCO ALIMENTACI\u00d3N"},"content":{"rendered":"","protected":false},"excerpt":{"rendered":"<p>La m\u00e1quina denominada \u201cDISCO ALIMENTADOR\u201d ha sido dise\u00f1ada para dispensar botes con el objetivo de ser introducidos en una l\u00ednea de llenado de manera ordenada. Se trata de un sistema de transporte continuo formado b\u00e1sica-mente por un disco giratorio con velocidad angular igual a la salida del motor-reductor. El disco est\u00e1 conectado a un eje, que a su vez es accionado por un motor-reductor. El disco es soportado por un rodamiento conectado al eje que le transmite la velocidad. Debido al movimiento del disco, el material depositado sobre \u00e9ste es transportado hacia la l\u00ednea de llenado de manera ordenada para su posterior procesado.<\/p>\n","protected":false},"featured_media":637,"comment_status":"open","ping_status":"closed","template":"","meta":[],"product_cat":[16,33,37],"product_tag":[],"yoast_head":"<!-- This site is optimized with the Yoast SEO plugin v20.12 - https:\/\/yoast.com\/wordpress\/plugins\/seo\/ -->\n<title>DISCO ALIMENTACI\u00d3N - Tecmur 2 S.L.<\/title>\n<meta name=\"robots\" content=\"index, follow, max-snippet:-1, max-image-preview:large, max-video-preview:-1\" \/>\n<link rel=\"canonical\" href=\"https:\/\/tecmur2.es\/producto\/disco-alimentacion\/\" \/>\n<meta property=\"og:locale\" content=\"es_ES\" \/>\n<meta property=\"og:type\" content=\"article\" \/>\n<meta property=\"og:title\" content=\"DISCO ALIMENTACI\u00d3N - Tecmur 2 S.L.\" \/>\n<meta property=\"og:description\" content=\"La m\u00e1quina denominada \u201cDISCO ALIMENTADOR\u201d ha sido dise\u00f1ada para dispensar botes con el objetivo de ser introducidos en una l\u00ednea de llenado de manera ordenada. Se trata de un sistema de transporte continuo formado b\u00e1sica-mente por un disco giratorio con velocidad angular igual a la salida del motor-reductor. El disco est\u00e1 conectado a un eje, que a su vez es accionado por un motor-reductor. El disco es soportado por un rodamiento conectado al eje que le transmite la velocidad. Debido al movimiento del disco, el material depositado sobre \u00e9ste es transportado hacia la l\u00ednea de llenado de manera ordenada para su posterior procesado.\" \/>\n<meta property=\"og:url\" content=\"https:\/\/tecmur2.es\/producto\/disco-alimentacion\/\" \/>\n<meta property=\"og:site_name\" content=\"Tecmur 2 S.L.\" \/>\n<meta property=\"article:modified_time\" content=\"2020-12-24T11:20:00+00:00\" \/>\n<meta property=\"og:image\" content=\"https:\/\/tecmur2.es\/wp-content\/uploads\/2020\/12\/DISCO-ALIMENTACION-ISO2-e1608808520560.png\" \/>\n\t<meta property=\"og:image:width\" content=\"650\" \/>\n\t<meta property=\"og:image:height\" content=\"629\" \/>\n\t<meta property=\"og:image:type\" content=\"image\/png\" \/>\n<meta name=\"twitter:card\" content=\"summary_large_image\" \/>\n<script type=\"application\/ld+json\" class=\"yoast-schema-graph\">{\"@context\":\"https:\/\/schema.org\",\"@graph\":[{\"@type\":\"WebPage\",\"@id\":\"https:\/\/tecmur2.es\/producto\/disco-alimentacion\/\",\"url\":\"https:\/\/tecmur2.es\/producto\/disco-alimentacion\/\",\"name\":\"DISCO ALIMENTACI\u00d3N - Tecmur 2 S.L.\",\"isPartOf\":{\"@id\":\"https:\/\/tecmur2.es\/#website\"},\"datePublished\":\"2020-12-24T11:17:44+00:00\",\"dateModified\":\"2020-12-24T11:20:00+00:00\",\"breadcrumb\":{\"@id\":\"https:\/\/tecmur2.es\/producto\/disco-alimentacion\/#breadcrumb\"},\"inLanguage\":\"es\",\"potentialAction\":[{\"@type\":\"ReadAction\",\"target\":[\"https:\/\/tecmur2.es\/producto\/disco-alimentacion\/\"]}]},{\"@type\":\"BreadcrumbList\",\"@id\":\"https:\/\/tecmur2.es\/producto\/disco-alimentacion\/#breadcrumb\",\"itemListElement\":[{\"@type\":\"ListItem\",\"position\":1,\"name\":\"Portada\",\"item\":\"https:\/\/tecmur2.es\/\"},{\"@type\":\"ListItem\",\"position\":2,\"name\":\"Tienda\",\"item\":\"https:\/\/tecmur2.es\/?page_id=6\"},{\"@type\":\"ListItem\",\"position\":3,\"name\":\"DISCO ALIMENTACI\u00d3N\"}]},{\"@type\":\"WebSite\",\"@id\":\"https:\/\/tecmur2.es\/#website\",\"url\":\"https:\/\/tecmur2.es\/\",\"name\":\"Tecmur 2 S.L.\",\"description\":\"Maquinaria para la alimentaci\u00f3n\",\"publisher\":{\"@id\":\"https:\/\/tecmur2.es\/#organization\"},\"potentialAction\":[{\"@type\":\"SearchAction\",\"target\":{\"@type\":\"EntryPoint\",\"urlTemplate\":\"https:\/\/tecmur2.es\/?s={search_term_string}\"},\"query-input\":\"required name=search_term_string\"}],\"inLanguage\":\"es\"},{\"@type\":\"Organization\",\"@id\":\"https:\/\/tecmur2.es\/#organization\",\"name\":\"Tecmur 2 S.L.\",\"url\":\"https:\/\/tecmur2.es\/\",\"logo\":{\"@type\":\"ImageObject\",\"inLanguage\":\"es\",\"@id\":\"https:\/\/tecmur2.es\/#\/schema\/logo\/image\/\",\"url\":\"https:\/\/tecmur2.es\/wp-content\/uploads\/2022\/10\/logo_tecmur2_verde.jpg\",\"contentUrl\":\"https:\/\/tecmur2.es\/wp-content\/uploads\/2022\/10\/logo_tecmur2_verde.jpg\",\"width\":2283,\"height\":539,\"caption\":\"Tecmur 2 S.L.\"},\"image\":{\"@id\":\"https:\/\/tecmur2.es\/#\/schema\/logo\/image\/\"}}]}<\/script>\n<!-- \/ Yoast SEO plugin. -->","yoast_head_json":{"title":"DISCO ALIMENTACI\u00d3N - Tecmur 2 S.L.","robots":{"index":"index","follow":"follow","max-snippet":"max-snippet:-1","max-image-preview":"max-image-preview:large","max-video-preview":"max-video-preview:-1"},"canonical":"https:\/\/tecmur2.es\/producto\/disco-alimentacion\/","og_locale":"es_ES","og_type":"article","og_title":"DISCO ALIMENTACI\u00d3N - Tecmur 2 S.L.","og_description":"La m\u00e1quina denominada \u201cDISCO ALIMENTADOR\u201d ha sido dise\u00f1ada para dispensar botes con el objetivo de ser introducidos en una l\u00ednea de llenado de manera ordenada. Se trata de un sistema de transporte continuo formado b\u00e1sica-mente por un disco giratorio con velocidad angular igual a la salida del motor-reductor. El disco est\u00e1 conectado a un eje, que a su vez es accionado por un motor-reductor. El disco es soportado por un rodamiento conectado al eje que le transmite la velocidad. Debido al movimiento del disco, el material depositado sobre \u00e9ste es transportado hacia la l\u00ednea de llenado de manera ordenada para su posterior procesado.","og_url":"https:\/\/tecmur2.es\/producto\/disco-alimentacion\/","og_site_name":"Tecmur 2 S.L.","article_modified_time":"2020-12-24T11:20:00+00:00","og_image":[{"width":650,"height":629,"url":"https:\/\/tecmur2.es\/wp-content\/uploads\/2020\/12\/DISCO-ALIMENTACION-ISO2-e1608808520560.png","type":"image\/png"}],"twitter_card":"summary_large_image","schema":{"@context":"https:\/\/schema.org","@graph":[{"@type":"WebPage","@id":"https:\/\/tecmur2.es\/producto\/disco-alimentacion\/","url":"https:\/\/tecmur2.es\/producto\/disco-alimentacion\/","name":"DISCO ALIMENTACI\u00d3N - Tecmur 2 S.L.","isPartOf":{"@id":"https:\/\/tecmur2.es\/#website"},"datePublished":"2020-12-24T11:17:44+00:00","dateModified":"2020-12-24T11:20:00+00:00","breadcrumb":{"@id":"https:\/\/tecmur2.es\/producto\/disco-alimentacion\/#breadcrumb"},"inLanguage":"es","potentialAction":[{"@type":"ReadAction","target":["https:\/\/tecmur2.es\/producto\/disco-alimentacion\/"]}]},{"@type":"BreadcrumbList","@id":"https:\/\/tecmur2.es\/producto\/disco-alimentacion\/#breadcrumb","itemListElement":[{"@type":"ListItem","position":1,"name":"Portada","item":"https:\/\/tecmur2.es\/"},{"@type":"ListItem","position":2,"name":"Tienda","item":"https:\/\/tecmur2.es\/?page_id=6"},{"@type":"ListItem","position":3,"name":"DISCO ALIMENTACI\u00d3N"}]},{"@type":"WebSite","@id":"https:\/\/tecmur2.es\/#website","url":"https:\/\/tecmur2.es\/","name":"Tecmur 2 S.L.","description":"Maquinaria para la alimentaci\u00f3n","publisher":{"@id":"https:\/\/tecmur2.es\/#organization"},"potentialAction":[{"@type":"SearchAction","target":{"@type":"EntryPoint","urlTemplate":"https:\/\/tecmur2.es\/?s={search_term_string}"},"query-input":"required name=search_term_string"}],"inLanguage":"es"},{"@type":"Organization","@id":"https:\/\/tecmur2.es\/#organization","name":"Tecmur 2 S.L.","url":"https:\/\/tecmur2.es\/","logo":{"@type":"ImageObject","inLanguage":"es","@id":"https:\/\/tecmur2.es\/#\/schema\/logo\/image\/","url":"https:\/\/tecmur2.es\/wp-content\/uploads\/2022\/10\/logo_tecmur2_verde.jpg","contentUrl":"https:\/\/tecmur2.es\/wp-content\/uploads\/2022\/10\/logo_tecmur2_verde.jpg","width":2283,"height":539,"caption":"Tecmur 2 S.L."},"image":{"@id":"https:\/\/tecmur2.es\/#\/schema\/logo\/image\/"}}]}},"_links":{"self":[{"href":"https:\/\/tecmur2.es\/index.php?rest_route=\/wp\/v2\/product\/636"}],"collection":[{"href":"https:\/\/tecmur2.es\/index.php?rest_route=\/wp\/v2\/product"}],"about":[{"href":"https:\/\/tecmur2.es\/index.php?rest_route=\/wp\/v2\/types\/product"}],"replies":[{"embeddable":true,"href":"https:\/\/tecmur2.es\/index.php?rest_route=%2Fwp%2Fv2%2Fcomments&post=636"}],"wp:featuredmedia":[{"embeddable":true,"href":"https:\/\/tecmur2.es\/index.php?rest_route=\/wp\/v2\/media\/637"}],"wp:attachment":[{"href":"https:\/\/tecmur2.es\/index.php?rest_route=%2Fwp%2Fv2%2Fmedia&parent=636"}],"wp:term":[{"taxonomy":"product_cat","embeddable":true,"href":"https:\/\/tecmur2.es\/index.php?rest_route=%2Fwp%2Fv2%2Fproduct_cat&post=636"},{"taxonomy":"product_tag","embeddable":true,"href":"https:\/\/tecmur2.es\/index.php?rest_route=%2Fwp%2Fv2%2Fproduct_tag&post=636"}],"curies":[{"name":"wp","href":"https:\/\/api.w.org\/{rel}","templated":true}]}}