{"id":558,"date":"2020-12-15T09:23:19","date_gmt":"2020-12-15T09:23:19","guid":{"rendered":"https:\/\/tecmur2.es\/?post_type=product&#038;p=558"},"modified":"2020-12-15T09:58:21","modified_gmt":"2020-12-15T09:58:21","slug":"friltro-rotativo-t2","status":"publish","type":"product","link":"https:\/\/tecmur2.es\/?product=friltro-rotativo-t2","title":{"rendered":"FILTRO ROTATIVO T2"},"content":{"rendered":"<p>Nuestro filtro rotativo ha sido dise\u00f1ado para filtrar cualquier tipo de part\u00edculas suspendidas en agua. Tiene como funci\u00f3n principal hacer un cribado de elementos no deseados. Su funcionamiento se basa en hacer pasar el agua con part\u00edculas suspendidas por un tamiz circular perforado eliminando as\u00ed las part\u00edculas mayores al tama\u00f1o de la perforaci\u00f3n.<\/p>\n","protected":false},"excerpt":{"rendered":"<p>Nuestro filtro rotativo ha sido dise\u00f1ado para filtrar cualquier tipo de part\u00edculas suspendidas en agua. Tiene como funci\u00f3n principal hacer un cribado de elementos no deseados. Su funcionamiento se basa en hacer pasar el agua con part\u00edculas suspendidas por un tamiz circular perforado eliminando as\u00ed las part\u00edculas mayores al tama\u00f1o de la perforaci\u00f3n.<\/p>\n","protected":false},"featured_media":566,"comment_status":"open","ping_status":"closed","template":"","meta":[],"product_cat":[16,29],"product_tag":[],"yoast_head":"<!-- This site is optimized with the Yoast SEO plugin v20.12 - https:\/\/yoast.com\/wordpress\/plugins\/seo\/ -->\n<title>FILTRO ROTATIVO T2 - Tecmur 2 S.L.<\/title>\n<meta name=\"robots\" content=\"index, follow, max-snippet:-1, max-image-preview:large, max-video-preview:-1\" \/>\n<link rel=\"canonical\" href=\"https:\/\/tecmur2.es\/producto\/friltro-rotativo-t2\/\" \/>\n<meta property=\"og:locale\" content=\"es_ES\" \/>\n<meta property=\"og:type\" content=\"article\" \/>\n<meta property=\"og:title\" content=\"FILTRO ROTATIVO T2 - Tecmur 2 S.L.\" \/>\n<meta property=\"og:description\" content=\"Nuestro filtro rotativo ha sido dise\u00f1ado para filtrar cualquier tipo de part\u00edculas suspendidas en agua. Tiene como funci\u00f3n principal hacer un cribado de elementos no deseados. Su funcionamiento se basa en hacer pasar el agua con part\u00edculas suspendidas por un tamiz circular perforado eliminando as\u00ed las part\u00edculas mayores al tama\u00f1o de la perforaci\u00f3n.\" \/>\n<meta property=\"og:url\" content=\"https:\/\/tecmur2.es\/producto\/friltro-rotativo-t2\/\" \/>\n<meta property=\"og:site_name\" content=\"Tecmur 2 S.L.\" \/>\n<meta property=\"article:modified_time\" content=\"2020-12-15T09:58:21+00:00\" \/>\n<meta property=\"og:image\" content=\"https:\/\/tecmur2.es\/wp-content\/uploads\/2020\/12\/filtro-rotativo-e1608024121789.gif\" \/>\n\t<meta property=\"og:image:width\" content=\"650\" \/>\n\t<meta property=\"og:image:height\" content=\"555\" \/>\n\t<meta property=\"og:image:type\" content=\"image\/gif\" \/>\n<meta name=\"twitter:card\" content=\"summary_large_image\" \/>\n<script type=\"application\/ld+json\" class=\"yoast-schema-graph\">{\"@context\":\"https:\/\/schema.org\",\"@graph\":[{\"@type\":\"WebPage\",\"@id\":\"https:\/\/tecmur2.es\/producto\/friltro-rotativo-t2\/\",\"url\":\"https:\/\/tecmur2.es\/producto\/friltro-rotativo-t2\/\",\"name\":\"FILTRO ROTATIVO T2 - Tecmur 2 S.L.\",\"isPartOf\":{\"@id\":\"https:\/\/tecmur2.es\/#website\"},\"datePublished\":\"2020-12-15T09:23:19+00:00\",\"dateModified\":\"2020-12-15T09:58:21+00:00\",\"breadcrumb\":{\"@id\":\"https:\/\/tecmur2.es\/producto\/friltro-rotativo-t2\/#breadcrumb\"},\"inLanguage\":\"es\",\"potentialAction\":[{\"@type\":\"ReadAction\",\"target\":[\"https:\/\/tecmur2.es\/producto\/friltro-rotativo-t2\/\"]}]},{\"@type\":\"BreadcrumbList\",\"@id\":\"https:\/\/tecmur2.es\/producto\/friltro-rotativo-t2\/#breadcrumb\",\"itemListElement\":[{\"@type\":\"ListItem\",\"position\":1,\"name\":\"Portada\",\"item\":\"https:\/\/tecmur2.es\/\"},{\"@type\":\"ListItem\",\"position\":2,\"name\":\"Tienda\",\"item\":\"https:\/\/tecmur2.es\/?page_id=6\"},{\"@type\":\"ListItem\",\"position\":3,\"name\":\"FILTRO ROTATIVO T2\"}]},{\"@type\":\"WebSite\",\"@id\":\"https:\/\/tecmur2.es\/#website\",\"url\":\"https:\/\/tecmur2.es\/\",\"name\":\"Tecmur 2 S.L.\",\"description\":\"Maquinaria para la alimentaci\u00f3n\",\"publisher\":{\"@id\":\"https:\/\/tecmur2.es\/#organization\"},\"potentialAction\":[{\"@type\":\"SearchAction\",\"target\":{\"@type\":\"EntryPoint\",\"urlTemplate\":\"https:\/\/tecmur2.es\/?s={search_term_string}\"},\"query-input\":\"required name=search_term_string\"}],\"inLanguage\":\"es\"},{\"@type\":\"Organization\",\"@id\":\"https:\/\/tecmur2.es\/#organization\",\"name\":\"Tecmur 2 S.L.\",\"url\":\"https:\/\/tecmur2.es\/\",\"logo\":{\"@type\":\"ImageObject\",\"inLanguage\":\"es\",\"@id\":\"https:\/\/tecmur2.es\/#\/schema\/logo\/image\/\",\"url\":\"https:\/\/tecmur2.es\/wp-content\/uploads\/2022\/10\/logo_tecmur2_verde.jpg\",\"contentUrl\":\"https:\/\/tecmur2.es\/wp-content\/uploads\/2022\/10\/logo_tecmur2_verde.jpg\",\"width\":2283,\"height\":539,\"caption\":\"Tecmur 2 S.L.\"},\"image\":{\"@id\":\"https:\/\/tecmur2.es\/#\/schema\/logo\/image\/\"}}]}<\/script>\n<!-- \/ Yoast SEO plugin. -->","yoast_head_json":{"title":"FILTRO ROTATIVO T2 - Tecmur 2 S.L.","robots":{"index":"index","follow":"follow","max-snippet":"max-snippet:-1","max-image-preview":"max-image-preview:large","max-video-preview":"max-video-preview:-1"},"canonical":"https:\/\/tecmur2.es\/producto\/friltro-rotativo-t2\/","og_locale":"es_ES","og_type":"article","og_title":"FILTRO ROTATIVO T2 - Tecmur 2 S.L.","og_description":"Nuestro filtro rotativo ha sido dise\u00f1ado para filtrar cualquier tipo de part\u00edculas suspendidas en agua. Tiene como funci\u00f3n principal hacer un cribado de elementos no deseados. Su funcionamiento se basa en hacer pasar el agua con part\u00edculas suspendidas por un tamiz circular perforado eliminando as\u00ed las part\u00edculas mayores al tama\u00f1o de la perforaci\u00f3n.","og_url":"https:\/\/tecmur2.es\/producto\/friltro-rotativo-t2\/","og_site_name":"Tecmur 2 S.L.","article_modified_time":"2020-12-15T09:58:21+00:00","og_image":[{"width":650,"height":555,"url":"https:\/\/tecmur2.es\/wp-content\/uploads\/2020\/12\/filtro-rotativo-e1608024121789.gif","type":"image\/gif"}],"twitter_card":"summary_large_image","schema":{"@context":"https:\/\/schema.org","@graph":[{"@type":"WebPage","@id":"https:\/\/tecmur2.es\/producto\/friltro-rotativo-t2\/","url":"https:\/\/tecmur2.es\/producto\/friltro-rotativo-t2\/","name":"FILTRO ROTATIVO T2 - Tecmur 2 S.L.","isPartOf":{"@id":"https:\/\/tecmur2.es\/#website"},"datePublished":"2020-12-15T09:23:19+00:00","dateModified":"2020-12-15T09:58:21+00:00","breadcrumb":{"@id":"https:\/\/tecmur2.es\/producto\/friltro-rotativo-t2\/#breadcrumb"},"inLanguage":"es","potentialAction":[{"@type":"ReadAction","target":["https:\/\/tecmur2.es\/producto\/friltro-rotativo-t2\/"]}]},{"@type":"BreadcrumbList","@id":"https:\/\/tecmur2.es\/producto\/friltro-rotativo-t2\/#breadcrumb","itemListElement":[{"@type":"ListItem","position":1,"name":"Portada","item":"https:\/\/tecmur2.es\/"},{"@type":"ListItem","position":2,"name":"Tienda","item":"https:\/\/tecmur2.es\/?page_id=6"},{"@type":"ListItem","position":3,"name":"FILTRO ROTATIVO T2"}]},{"@type":"WebSite","@id":"https:\/\/tecmur2.es\/#website","url":"https:\/\/tecmur2.es\/","name":"Tecmur 2 S.L.","description":"Maquinaria para la alimentaci\u00f3n","publisher":{"@id":"https:\/\/tecmur2.es\/#organization"},"potentialAction":[{"@type":"SearchAction","target":{"@type":"EntryPoint","urlTemplate":"https:\/\/tecmur2.es\/?s={search_term_string}"},"query-input":"required name=search_term_string"}],"inLanguage":"es"},{"@type":"Organization","@id":"https:\/\/tecmur2.es\/#organization","name":"Tecmur 2 S.L.","url":"https:\/\/tecmur2.es\/","logo":{"@type":"ImageObject","inLanguage":"es","@id":"https:\/\/tecmur2.es\/#\/schema\/logo\/image\/","url":"https:\/\/tecmur2.es\/wp-content\/uploads\/2022\/10\/logo_tecmur2_verde.jpg","contentUrl":"https:\/\/tecmur2.es\/wp-content\/uploads\/2022\/10\/logo_tecmur2_verde.jpg","width":2283,"height":539,"caption":"Tecmur 2 S.L."},"image":{"@id":"https:\/\/tecmur2.es\/#\/schema\/logo\/image\/"}}]}},"_links":{"self":[{"href":"https:\/\/tecmur2.es\/index.php?rest_route=\/wp\/v2\/product\/558"}],"collection":[{"href":"https:\/\/tecmur2.es\/index.php?rest_route=\/wp\/v2\/product"}],"about":[{"href":"https:\/\/tecmur2.es\/index.php?rest_route=\/wp\/v2\/types\/product"}],"replies":[{"embeddable":true,"href":"https:\/\/tecmur2.es\/index.php?rest_route=%2Fwp%2Fv2%2Fcomments&post=558"}],"wp:featuredmedia":[{"embeddable":true,"href":"https:\/\/tecmur2.es\/index.php?rest_route=\/wp\/v2\/media\/566"}],"wp:attachment":[{"href":"https:\/\/tecmur2.es\/index.php?rest_route=%2Fwp%2Fv2%2Fmedia&parent=558"}],"wp:term":[{"taxonomy":"product_cat","embeddable":true,"href":"https:\/\/tecmur2.es\/index.php?rest_route=%2Fwp%2Fv2%2Fproduct_cat&post=558"},{"taxonomy":"product_tag","embeddable":true,"href":"https:\/\/tecmur2.es\/index.php?rest_route=%2Fwp%2Fv2%2Fproduct_tag&post=558"}],"curies":[{"name":"wp","href":"https:\/\/api.w.org\/{rel}","templated":true}]}}