{"id":448,"date":"2020-12-10T18:56:03","date_gmt":"2020-12-10T18:56:03","guid":{"rendered":"https:\/\/tecmur2.es\/?post_type=product&#038;p=448"},"modified":"2020-12-10T18:56:03","modified_gmt":"2020-12-10T18:56:03","slug":"mezclador-t2","status":"publish","type":"product","link":"https:\/\/tecmur2.es\/?product=mezclador-t2","title":{"rendered":"MEZCLADOR T2"},"content":{"rendered":"<p>Nuestro cocedor horizontal est\u00e1 dise\u00f1ado para mezclar homog\u00e9neamente dis-tintos tipos de productos. Est\u00e1 compuesto por un cuerpo principal semic\u00edrculo y unas aspas centrales tipo sinf\u00edn para la mezcla.<br \/>\nEl movimiento y mezcla del producto a lo largo de la c\u00e1mara se realiza por la acci\u00f3n de un husillo que incorpora el eje de la m\u00e1quina, el cual proporciona un avance lento de un lado a otro. Las aspas del eje funcionan a modo de agitador horizontal. La m\u00e1quina en la parte superior para inspeccionar el producto a lo largo de la c\u00e1mara.<br \/>\nFabricada y dise\u00f1ada bajo los est\u00e1ndares de seguridad de m\u00e1quinas.<\/p>\n","protected":false},"excerpt":{"rendered":"<p>Nuestro cocedor horizontal est\u00e1 dise\u00f1ado para mezclar homog\u00e9neamente dis-tintos tipos de productos. Est\u00e1 compuesto por un cuerpo principal semic\u00edrculo y unas aspas centrales tipo sinf\u00edn para la mezcla. El movimiento y mezcla del producto a lo largo de la c\u00e1mara se realiza por la acci\u00f3n de un husillo que incorpora el eje de la m\u00e1quina, [&hellip;]<\/p>\n","protected":false},"featured_media":449,"comment_status":"open","ping_status":"closed","template":"","meta":[],"product_cat":[16,32],"product_tag":[],"yoast_head":"<!-- This site is optimized with the Yoast SEO plugin v20.12 - https:\/\/yoast.com\/wordpress\/plugins\/seo\/ -->\n<title>MEZCLADOR T2 - Tecmur 2 S.L.<\/title>\n<meta name=\"robots\" content=\"index, follow, max-snippet:-1, max-image-preview:large, max-video-preview:-1\" \/>\n<link rel=\"canonical\" href=\"https:\/\/tecmur2.es\/producto\/mezclador-t2\/\" \/>\n<meta property=\"og:locale\" content=\"es_ES\" \/>\n<meta property=\"og:type\" content=\"article\" \/>\n<meta property=\"og:title\" content=\"MEZCLADOR T2 - Tecmur 2 S.L.\" \/>\n<meta property=\"og:description\" content=\"Nuestro cocedor horizontal est\u00e1 dise\u00f1ado para mezclar homog\u00e9neamente dis-tintos tipos de productos. Est\u00e1 compuesto por un cuerpo principal semic\u00edrculo y unas aspas centrales tipo sinf\u00edn para la mezcla. El movimiento y mezcla del producto a lo largo de la c\u00e1mara se realiza por la acci\u00f3n de un husillo que incorpora el eje de la m\u00e1quina, [&hellip;]\" \/>\n<meta property=\"og:url\" content=\"https:\/\/tecmur2.es\/producto\/mezclador-t2\/\" \/>\n<meta property=\"og:site_name\" content=\"Tecmur 2 S.L.\" \/>\n<meta property=\"og:image\" content=\"https:\/\/tecmur2.es\/wp-content\/uploads\/2020\/12\/MEZCLADORA-500LTS-ISOMETRICA-T2-e1607626501424.jpg\" \/>\n\t<meta property=\"og:image:width\" content=\"900\" \/>\n\t<meta property=\"og:image:height\" content=\"817\" \/>\n\t<meta property=\"og:image:type\" content=\"image\/jpeg\" \/>\n<meta name=\"twitter:card\" content=\"summary_large_image\" \/>\n<meta name=\"twitter:label1\" content=\"Tiempo de lectura\" \/>\n\t<meta name=\"twitter:data1\" content=\"1 minuto\" \/>\n<script type=\"application\/ld+json\" class=\"yoast-schema-graph\">{\"@context\":\"https:\/\/schema.org\",\"@graph\":[{\"@type\":\"WebPage\",\"@id\":\"https:\/\/tecmur2.es\/producto\/mezclador-t2\/\",\"url\":\"https:\/\/tecmur2.es\/producto\/mezclador-t2\/\",\"name\":\"MEZCLADOR T2 - Tecmur 2 S.L.\",\"isPartOf\":{\"@id\":\"https:\/\/tecmur2.es\/#website\"},\"datePublished\":\"2020-12-10T18:56:03+00:00\",\"dateModified\":\"2020-12-10T18:56:03+00:00\",\"breadcrumb\":{\"@id\":\"https:\/\/tecmur2.es\/producto\/mezclador-t2\/#breadcrumb\"},\"inLanguage\":\"es\",\"potentialAction\":[{\"@type\":\"ReadAction\",\"target\":[\"https:\/\/tecmur2.es\/producto\/mezclador-t2\/\"]}]},{\"@type\":\"BreadcrumbList\",\"@id\":\"https:\/\/tecmur2.es\/producto\/mezclador-t2\/#breadcrumb\",\"itemListElement\":[{\"@type\":\"ListItem\",\"position\":1,\"name\":\"Portada\",\"item\":\"https:\/\/tecmur2.es\/\"},{\"@type\":\"ListItem\",\"position\":2,\"name\":\"Tienda\",\"item\":\"https:\/\/tecmur2.es\/?page_id=6\"},{\"@type\":\"ListItem\",\"position\":3,\"name\":\"MEZCLADOR T2\"}]},{\"@type\":\"WebSite\",\"@id\":\"https:\/\/tecmur2.es\/#website\",\"url\":\"https:\/\/tecmur2.es\/\",\"name\":\"Tecmur 2 S.L.\",\"description\":\"Maquinaria para la alimentaci\u00f3n\",\"publisher\":{\"@id\":\"https:\/\/tecmur2.es\/#organization\"},\"potentialAction\":[{\"@type\":\"SearchAction\",\"target\":{\"@type\":\"EntryPoint\",\"urlTemplate\":\"https:\/\/tecmur2.es\/?s={search_term_string}\"},\"query-input\":\"required name=search_term_string\"}],\"inLanguage\":\"es\"},{\"@type\":\"Organization\",\"@id\":\"https:\/\/tecmur2.es\/#organization\",\"name\":\"Tecmur 2 S.L.\",\"url\":\"https:\/\/tecmur2.es\/\",\"logo\":{\"@type\":\"ImageObject\",\"inLanguage\":\"es\",\"@id\":\"https:\/\/tecmur2.es\/#\/schema\/logo\/image\/\",\"url\":\"https:\/\/tecmur2.es\/wp-content\/uploads\/2022\/10\/logo_tecmur2_verde.jpg\",\"contentUrl\":\"https:\/\/tecmur2.es\/wp-content\/uploads\/2022\/10\/logo_tecmur2_verde.jpg\",\"width\":2283,\"height\":539,\"caption\":\"Tecmur 2 S.L.\"},\"image\":{\"@id\":\"https:\/\/tecmur2.es\/#\/schema\/logo\/image\/\"}}]}<\/script>\n<!-- \/ Yoast SEO plugin. -->","yoast_head_json":{"title":"MEZCLADOR T2 - Tecmur 2 S.L.","robots":{"index":"index","follow":"follow","max-snippet":"max-snippet:-1","max-image-preview":"max-image-preview:large","max-video-preview":"max-video-preview:-1"},"canonical":"https:\/\/tecmur2.es\/producto\/mezclador-t2\/","og_locale":"es_ES","og_type":"article","og_title":"MEZCLADOR T2 - Tecmur 2 S.L.","og_description":"Nuestro cocedor horizontal est\u00e1 dise\u00f1ado para mezclar homog\u00e9neamente dis-tintos tipos de productos. Est\u00e1 compuesto por un cuerpo principal semic\u00edrculo y unas aspas centrales tipo sinf\u00edn para la mezcla. El movimiento y mezcla del producto a lo largo de la c\u00e1mara se realiza por la acci\u00f3n de un husillo que incorpora el eje de la m\u00e1quina, [&hellip;]","og_url":"https:\/\/tecmur2.es\/producto\/mezclador-t2\/","og_site_name":"Tecmur 2 S.L.","og_image":[{"width":900,"height":817,"url":"https:\/\/tecmur2.es\/wp-content\/uploads\/2020\/12\/MEZCLADORA-500LTS-ISOMETRICA-T2-e1607626501424.jpg","type":"image\/jpeg"}],"twitter_card":"summary_large_image","twitter_misc":{"Tiempo de lectura":"1 minuto"},"schema":{"@context":"https:\/\/schema.org","@graph":[{"@type":"WebPage","@id":"https:\/\/tecmur2.es\/producto\/mezclador-t2\/","url":"https:\/\/tecmur2.es\/producto\/mezclador-t2\/","name":"MEZCLADOR T2 - Tecmur 2 S.L.","isPartOf":{"@id":"https:\/\/tecmur2.es\/#website"},"datePublished":"2020-12-10T18:56:03+00:00","dateModified":"2020-12-10T18:56:03+00:00","breadcrumb":{"@id":"https:\/\/tecmur2.es\/producto\/mezclador-t2\/#breadcrumb"},"inLanguage":"es","potentialAction":[{"@type":"ReadAction","target":["https:\/\/tecmur2.es\/producto\/mezclador-t2\/"]}]},{"@type":"BreadcrumbList","@id":"https:\/\/tecmur2.es\/producto\/mezclador-t2\/#breadcrumb","itemListElement":[{"@type":"ListItem","position":1,"name":"Portada","item":"https:\/\/tecmur2.es\/"},{"@type":"ListItem","position":2,"name":"Tienda","item":"https:\/\/tecmur2.es\/?page_id=6"},{"@type":"ListItem","position":3,"name":"MEZCLADOR T2"}]},{"@type":"WebSite","@id":"https:\/\/tecmur2.es\/#website","url":"https:\/\/tecmur2.es\/","name":"Tecmur 2 S.L.","description":"Maquinaria para la alimentaci\u00f3n","publisher":{"@id":"https:\/\/tecmur2.es\/#organization"},"potentialAction":[{"@type":"SearchAction","target":{"@type":"EntryPoint","urlTemplate":"https:\/\/tecmur2.es\/?s={search_term_string}"},"query-input":"required name=search_term_string"}],"inLanguage":"es"},{"@type":"Organization","@id":"https:\/\/tecmur2.es\/#organization","name":"Tecmur 2 S.L.","url":"https:\/\/tecmur2.es\/","logo":{"@type":"ImageObject","inLanguage":"es","@id":"https:\/\/tecmur2.es\/#\/schema\/logo\/image\/","url":"https:\/\/tecmur2.es\/wp-content\/uploads\/2022\/10\/logo_tecmur2_verde.jpg","contentUrl":"https:\/\/tecmur2.es\/wp-content\/uploads\/2022\/10\/logo_tecmur2_verde.jpg","width":2283,"height":539,"caption":"Tecmur 2 S.L."},"image":{"@id":"https:\/\/tecmur2.es\/#\/schema\/logo\/image\/"}}]}},"_links":{"self":[{"href":"https:\/\/tecmur2.es\/index.php?rest_route=\/wp\/v2\/product\/448"}],"collection":[{"href":"https:\/\/tecmur2.es\/index.php?rest_route=\/wp\/v2\/product"}],"about":[{"href":"https:\/\/tecmur2.es\/index.php?rest_route=\/wp\/v2\/types\/product"}],"replies":[{"embeddable":true,"href":"https:\/\/tecmur2.es\/index.php?rest_route=%2Fwp%2Fv2%2Fcomments&post=448"}],"wp:featuredmedia":[{"embeddable":true,"href":"https:\/\/tecmur2.es\/index.php?rest_route=\/wp\/v2\/media\/449"}],"wp:attachment":[{"href":"https:\/\/tecmur2.es\/index.php?rest_route=%2Fwp%2Fv2%2Fmedia&parent=448"}],"wp:term":[{"taxonomy":"product_cat","embeddable":true,"href":"https:\/\/tecmur2.es\/index.php?rest_route=%2Fwp%2Fv2%2Fproduct_cat&post=448"},{"taxonomy":"product_tag","embeddable":true,"href":"https:\/\/tecmur2.es\/index.php?rest_route=%2Fwp%2Fv2%2Fproduct_tag&post=448"}],"curies":[{"name":"wp","href":"https:\/\/api.w.org\/{rel}","templated":true}]}}