{"id":419,"date":"2020-12-10T15:36:59","date_gmt":"2020-12-10T15:36:59","guid":{"rendered":"https:\/\/tecmur2.es\/?post_type=product&#038;p=419"},"modified":"2020-12-18T19:00:46","modified_gmt":"2020-12-18T19:00:46","slug":"deposito-dosificador-liquido-gobierno","status":"publish","type":"product","link":"https:\/\/tecmur2.es\/?product=deposito-dosificador-liquido-gobierno","title":{"rendered":"DEPOSITO DOSIFICADOR LIQUIDO GOBIERNO"},"content":{"rendered":"<p>Dep\u00f3sitos para la preparaci\u00f3n o acumulaci\u00f3n de distintos tipos de l\u00edquidos de gobierno, fabricados a medida.<\/p>\n","protected":false},"excerpt":{"rendered":"<p>Dep\u00f3sitos para la preparaci\u00f3n o acumulaci\u00f3n de distintos tipos de l\u00edquidos de gobierno, fabricados a medida.<\/p>\n","protected":false},"featured_media":427,"comment_status":"open","ping_status":"closed","template":"","meta":[],"product_cat":[16,26],"product_tag":[],"yoast_head":"<!-- This site is optimized with the Yoast SEO plugin v20.12 - https:\/\/yoast.com\/wordpress\/plugins\/seo\/ -->\n<title>DEPOSITO DOSIFICADOR LIQUIDO GOBIERNO - Tecmur 2 S.L.<\/title>\n<meta name=\"robots\" content=\"index, follow, max-snippet:-1, max-image-preview:large, max-video-preview:-1\" \/>\n<link rel=\"canonical\" href=\"https:\/\/tecmur2.es\/producto\/deposito-dosificador-liquido-gobierno\/\" \/>\n<meta property=\"og:locale\" content=\"es_ES\" \/>\n<meta property=\"og:type\" content=\"article\" \/>\n<meta property=\"og:title\" content=\"DEPOSITO DOSIFICADOR LIQUIDO GOBIERNO - Tecmur 2 S.L.\" \/>\n<meta property=\"og:description\" content=\"Dep\u00f3sitos para la preparaci\u00f3n o acumulaci\u00f3n de distintos tipos de l\u00edquidos de gobierno, fabricados a medida.\" \/>\n<meta property=\"og:url\" content=\"https:\/\/tecmur2.es\/producto\/deposito-dosificador-liquido-gobierno\/\" \/>\n<meta property=\"og:site_name\" content=\"Tecmur 2 S.L.\" \/>\n<meta property=\"article:modified_time\" content=\"2020-12-18T19:00:46+00:00\" \/>\n<meta property=\"og:image\" content=\"https:\/\/tecmur2.es\/wp-content\/uploads\/2020\/12\/DEPOSITO-LIQUIDO-GOB-2-e1607982149470.jpg\" \/>\n\t<meta property=\"og:image:width\" content=\"700\" \/>\n\t<meta property=\"og:image:height\" content=\"767\" \/>\n\t<meta property=\"og:image:type\" content=\"image\/jpeg\" \/>\n<meta name=\"twitter:card\" content=\"summary_large_image\" \/>\n<script type=\"application\/ld+json\" class=\"yoast-schema-graph\">{\"@context\":\"https:\/\/schema.org\",\"@graph\":[{\"@type\":\"WebPage\",\"@id\":\"https:\/\/tecmur2.es\/producto\/deposito-dosificador-liquido-gobierno\/\",\"url\":\"https:\/\/tecmur2.es\/producto\/deposito-dosificador-liquido-gobierno\/\",\"name\":\"DEPOSITO DOSIFICADOR LIQUIDO GOBIERNO - Tecmur 2 S.L.\",\"isPartOf\":{\"@id\":\"https:\/\/tecmur2.es\/#website\"},\"datePublished\":\"2020-12-10T15:36:59+00:00\",\"dateModified\":\"2020-12-18T19:00:46+00:00\",\"breadcrumb\":{\"@id\":\"https:\/\/tecmur2.es\/producto\/deposito-dosificador-liquido-gobierno\/#breadcrumb\"},\"inLanguage\":\"es\",\"potentialAction\":[{\"@type\":\"ReadAction\",\"target\":[\"https:\/\/tecmur2.es\/producto\/deposito-dosificador-liquido-gobierno\/\"]}]},{\"@type\":\"BreadcrumbList\",\"@id\":\"https:\/\/tecmur2.es\/producto\/deposito-dosificador-liquido-gobierno\/#breadcrumb\",\"itemListElement\":[{\"@type\":\"ListItem\",\"position\":1,\"name\":\"Portada\",\"item\":\"https:\/\/tecmur2.es\/\"},{\"@type\":\"ListItem\",\"position\":2,\"name\":\"Tienda\",\"item\":\"https:\/\/tecmur2.es\/?page_id=6\"},{\"@type\":\"ListItem\",\"position\":3,\"name\":\"DEPOSITO DOSIFICADOR LIQUIDO GOBIERNO\"}]},{\"@type\":\"WebSite\",\"@id\":\"https:\/\/tecmur2.es\/#website\",\"url\":\"https:\/\/tecmur2.es\/\",\"name\":\"Tecmur 2 S.L.\",\"description\":\"Maquinaria para la alimentaci\u00f3n\",\"publisher\":{\"@id\":\"https:\/\/tecmur2.es\/#organization\"},\"potentialAction\":[{\"@type\":\"SearchAction\",\"target\":{\"@type\":\"EntryPoint\",\"urlTemplate\":\"https:\/\/tecmur2.es\/?s={search_term_string}\"},\"query-input\":\"required name=search_term_string\"}],\"inLanguage\":\"es\"},{\"@type\":\"Organization\",\"@id\":\"https:\/\/tecmur2.es\/#organization\",\"name\":\"Tecmur 2 S.L.\",\"url\":\"https:\/\/tecmur2.es\/\",\"logo\":{\"@type\":\"ImageObject\",\"inLanguage\":\"es\",\"@id\":\"https:\/\/tecmur2.es\/#\/schema\/logo\/image\/\",\"url\":\"https:\/\/tecmur2.es\/wp-content\/uploads\/2022\/10\/logo_tecmur2_verde.jpg\",\"contentUrl\":\"https:\/\/tecmur2.es\/wp-content\/uploads\/2022\/10\/logo_tecmur2_verde.jpg\",\"width\":2283,\"height\":539,\"caption\":\"Tecmur 2 S.L.\"},\"image\":{\"@id\":\"https:\/\/tecmur2.es\/#\/schema\/logo\/image\/\"}}]}<\/script>\n<!-- \/ Yoast SEO plugin. -->","yoast_head_json":{"title":"DEPOSITO DOSIFICADOR LIQUIDO GOBIERNO - Tecmur 2 S.L.","robots":{"index":"index","follow":"follow","max-snippet":"max-snippet:-1","max-image-preview":"max-image-preview:large","max-video-preview":"max-video-preview:-1"},"canonical":"https:\/\/tecmur2.es\/producto\/deposito-dosificador-liquido-gobierno\/","og_locale":"es_ES","og_type":"article","og_title":"DEPOSITO DOSIFICADOR LIQUIDO GOBIERNO - Tecmur 2 S.L.","og_description":"Dep\u00f3sitos para la preparaci\u00f3n o acumulaci\u00f3n de distintos tipos de l\u00edquidos de gobierno, fabricados a medida.","og_url":"https:\/\/tecmur2.es\/producto\/deposito-dosificador-liquido-gobierno\/","og_site_name":"Tecmur 2 S.L.","article_modified_time":"2020-12-18T19:00:46+00:00","og_image":[{"width":700,"height":767,"url":"https:\/\/tecmur2.es\/wp-content\/uploads\/2020\/12\/DEPOSITO-LIQUIDO-GOB-2-e1607982149470.jpg","type":"image\/jpeg"}],"twitter_card":"summary_large_image","schema":{"@context":"https:\/\/schema.org","@graph":[{"@type":"WebPage","@id":"https:\/\/tecmur2.es\/producto\/deposito-dosificador-liquido-gobierno\/","url":"https:\/\/tecmur2.es\/producto\/deposito-dosificador-liquido-gobierno\/","name":"DEPOSITO DOSIFICADOR LIQUIDO GOBIERNO - Tecmur 2 S.L.","isPartOf":{"@id":"https:\/\/tecmur2.es\/#website"},"datePublished":"2020-12-10T15:36:59+00:00","dateModified":"2020-12-18T19:00:46+00:00","breadcrumb":{"@id":"https:\/\/tecmur2.es\/producto\/deposito-dosificador-liquido-gobierno\/#breadcrumb"},"inLanguage":"es","potentialAction":[{"@type":"ReadAction","target":["https:\/\/tecmur2.es\/producto\/deposito-dosificador-liquido-gobierno\/"]}]},{"@type":"BreadcrumbList","@id":"https:\/\/tecmur2.es\/producto\/deposito-dosificador-liquido-gobierno\/#breadcrumb","itemListElement":[{"@type":"ListItem","position":1,"name":"Portada","item":"https:\/\/tecmur2.es\/"},{"@type":"ListItem","position":2,"name":"Tienda","item":"https:\/\/tecmur2.es\/?page_id=6"},{"@type":"ListItem","position":3,"name":"DEPOSITO DOSIFICADOR LIQUIDO GOBIERNO"}]},{"@type":"WebSite","@id":"https:\/\/tecmur2.es\/#website","url":"https:\/\/tecmur2.es\/","name":"Tecmur 2 S.L.","description":"Maquinaria para la alimentaci\u00f3n","publisher":{"@id":"https:\/\/tecmur2.es\/#organization"},"potentialAction":[{"@type":"SearchAction","target":{"@type":"EntryPoint","urlTemplate":"https:\/\/tecmur2.es\/?s={search_term_string}"},"query-input":"required name=search_term_string"}],"inLanguage":"es"},{"@type":"Organization","@id":"https:\/\/tecmur2.es\/#organization","name":"Tecmur 2 S.L.","url":"https:\/\/tecmur2.es\/","logo":{"@type":"ImageObject","inLanguage":"es","@id":"https:\/\/tecmur2.es\/#\/schema\/logo\/image\/","url":"https:\/\/tecmur2.es\/wp-content\/uploads\/2022\/10\/logo_tecmur2_verde.jpg","contentUrl":"https:\/\/tecmur2.es\/wp-content\/uploads\/2022\/10\/logo_tecmur2_verde.jpg","width":2283,"height":539,"caption":"Tecmur 2 S.L."},"image":{"@id":"https:\/\/tecmur2.es\/#\/schema\/logo\/image\/"}}]}},"_links":{"self":[{"href":"https:\/\/tecmur2.es\/index.php?rest_route=\/wp\/v2\/product\/419"}],"collection":[{"href":"https:\/\/tecmur2.es\/index.php?rest_route=\/wp\/v2\/product"}],"about":[{"href":"https:\/\/tecmur2.es\/index.php?rest_route=\/wp\/v2\/types\/product"}],"replies":[{"embeddable":true,"href":"https:\/\/tecmur2.es\/index.php?rest_route=%2Fwp%2Fv2%2Fcomments&post=419"}],"wp:featuredmedia":[{"embeddable":true,"href":"https:\/\/tecmur2.es\/index.php?rest_route=\/wp\/v2\/media\/427"}],"wp:attachment":[{"href":"https:\/\/tecmur2.es\/index.php?rest_route=%2Fwp%2Fv2%2Fmedia&parent=419"}],"wp:term":[{"taxonomy":"product_cat","embeddable":true,"href":"https:\/\/tecmur2.es\/index.php?rest_route=%2Fwp%2Fv2%2Fproduct_cat&post=419"},{"taxonomy":"product_tag","embeddable":true,"href":"https:\/\/tecmur2.es\/index.php?rest_route=%2Fwp%2Fv2%2Fproduct_tag&post=419"}],"curies":[{"name":"wp","href":"https:\/\/api.w.org\/{rel}","templated":true}]}}