{"id":414,"date":"2020-12-10T13:24:48","date_gmt":"2020-12-10T13:24:48","guid":{"rendered":"https:\/\/tecmur2.es\/?post_type=product&#038;p=414"},"modified":"2022-10-11T17:41:21","modified_gmt":"2022-10-11T17:41:21","slug":"tolva-desperdicio-t2-2000kg","status":"publish","type":"product","link":"https:\/\/tecmur2.es\/?product=tolva-desperdicio-t2-2000kg","title":{"rendered":"TOLVA DESPERDICIO T2 20.000KG"},"content":{"rendered":"<p>Dise\u00f1ado para acumular los desperdicios de los procesos de producci\u00f3n facilitando la recogida y descarga en el transporte a el vertedero. Esta compuesta por una tolva de acumulaci\u00f3n, controlando su apertura y cierre mediante dos puertas enfrentadas en el fondo mediante mecanismo motorreductor, para el control de descarga. Dispone de una pasarela en su zona superior accesible mediante escalera de gato. Fabricada y dise\u00f1ada bajo los est\u00e1ndares de seguridad de m\u00e1quinas y seguridad alimentaria.<\/p>\n","protected":false},"excerpt":{"rendered":"<p>Dise\u00f1ado para acumular los desperdicios de los procesos de producci\u00f3n facilitando la recogida y descarga en el transporte a el vertedero. Esta compuesta por una tolva de acumulaci\u00f3n, controlando su apertura y cierre mediante dos puertas enfrentadas en el fondo mediante mecanismo motorreductor, para el control de descarga. Dispone de una pasarela en su zona [&hellip;]<\/p>\n","protected":false},"featured_media":415,"comment_status":"open","ping_status":"closed","template":"","meta":[],"product_cat":[16,34],"product_tag":[],"yoast_head":"<!-- This site is optimized with the Yoast SEO plugin v20.12 - https:\/\/yoast.com\/wordpress\/plugins\/seo\/ -->\n<title>TOLVA DESPERDICIO T2 20.000KG - Tecmur 2 S.L.<\/title>\n<meta name=\"robots\" content=\"index, follow, max-snippet:-1, max-image-preview:large, max-video-preview:-1\" \/>\n<link rel=\"canonical\" href=\"https:\/\/tecmur2.es\/producto\/tolva-desperdicio-t2-2000kg\/\" \/>\n<meta property=\"og:locale\" content=\"es_ES\" \/>\n<meta property=\"og:type\" content=\"article\" \/>\n<meta property=\"og:title\" content=\"TOLVA DESPERDICIO T2 20.000KG - Tecmur 2 S.L.\" \/>\n<meta property=\"og:description\" content=\"Dise\u00f1ado para acumular los desperdicios de los procesos de producci\u00f3n facilitando la recogida y descarga en el transporte a el vertedero. Esta compuesta por una tolva de acumulaci\u00f3n, controlando su apertura y cierre mediante dos puertas enfrentadas en el fondo mediante mecanismo motorreductor, para el control de descarga. Dispone de una pasarela en su zona [&hellip;]\" \/>\n<meta property=\"og:url\" content=\"https:\/\/tecmur2.es\/producto\/tolva-desperdicio-t2-2000kg\/\" \/>\n<meta property=\"og:site_name\" content=\"Tecmur 2 S.L.\" \/>\n<meta property=\"article:modified_time\" content=\"2022-10-11T17:41:21+00:00\" \/>\n<meta property=\"og:image\" content=\"https:\/\/tecmur2.es\/wp-content\/uploads\/2020\/12\/TOLVA-DESPERDICIO-1-e1607982549891.jpg\" \/>\n\t<meta property=\"og:image:width\" content=\"600\" \/>\n\t<meta property=\"og:image:height\" content=\"745\" \/>\n\t<meta property=\"og:image:type\" content=\"image\/jpeg\" \/>\n<meta name=\"twitter:card\" content=\"summary_large_image\" \/>\n<script type=\"application\/ld+json\" class=\"yoast-schema-graph\">{\"@context\":\"https:\/\/schema.org\",\"@graph\":[{\"@type\":\"WebPage\",\"@id\":\"https:\/\/tecmur2.es\/producto\/tolva-desperdicio-t2-2000kg\/\",\"url\":\"https:\/\/tecmur2.es\/producto\/tolva-desperdicio-t2-2000kg\/\",\"name\":\"TOLVA DESPERDICIO T2 20.000KG - Tecmur 2 S.L.\",\"isPartOf\":{\"@id\":\"https:\/\/tecmur2.es\/#website\"},\"datePublished\":\"2020-12-10T13:24:48+00:00\",\"dateModified\":\"2022-10-11T17:41:21+00:00\",\"breadcrumb\":{\"@id\":\"https:\/\/tecmur2.es\/producto\/tolva-desperdicio-t2-2000kg\/#breadcrumb\"},\"inLanguage\":\"es\",\"potentialAction\":[{\"@type\":\"ReadAction\",\"target\":[\"https:\/\/tecmur2.es\/producto\/tolva-desperdicio-t2-2000kg\/\"]}]},{\"@type\":\"BreadcrumbList\",\"@id\":\"https:\/\/tecmur2.es\/producto\/tolva-desperdicio-t2-2000kg\/#breadcrumb\",\"itemListElement\":[{\"@type\":\"ListItem\",\"position\":1,\"name\":\"Portada\",\"item\":\"https:\/\/tecmur2.es\/\"},{\"@type\":\"ListItem\",\"position\":2,\"name\":\"Tienda\",\"item\":\"https:\/\/tecmur2.es\/?page_id=6\"},{\"@type\":\"ListItem\",\"position\":3,\"name\":\"TOLVA DESPERDICIO T2 20.000KG\"}]},{\"@type\":\"WebSite\",\"@id\":\"https:\/\/tecmur2.es\/#website\",\"url\":\"https:\/\/tecmur2.es\/\",\"name\":\"Tecmur 2 S.L.\",\"description\":\"Maquinaria para la alimentaci\u00f3n\",\"publisher\":{\"@id\":\"https:\/\/tecmur2.es\/#organization\"},\"potentialAction\":[{\"@type\":\"SearchAction\",\"target\":{\"@type\":\"EntryPoint\",\"urlTemplate\":\"https:\/\/tecmur2.es\/?s={search_term_string}\"},\"query-input\":\"required name=search_term_string\"}],\"inLanguage\":\"es\"},{\"@type\":\"Organization\",\"@id\":\"https:\/\/tecmur2.es\/#organization\",\"name\":\"Tecmur 2 S.L.\",\"url\":\"https:\/\/tecmur2.es\/\",\"logo\":{\"@type\":\"ImageObject\",\"inLanguage\":\"es\",\"@id\":\"https:\/\/tecmur2.es\/#\/schema\/logo\/image\/\",\"url\":\"https:\/\/tecmur2.es\/wp-content\/uploads\/2022\/10\/logo_tecmur2_verde.jpg\",\"contentUrl\":\"https:\/\/tecmur2.es\/wp-content\/uploads\/2022\/10\/logo_tecmur2_verde.jpg\",\"width\":2283,\"height\":539,\"caption\":\"Tecmur 2 S.L.\"},\"image\":{\"@id\":\"https:\/\/tecmur2.es\/#\/schema\/logo\/image\/\"}}]}<\/script>\n<!-- \/ Yoast SEO plugin. -->","yoast_head_json":{"title":"TOLVA DESPERDICIO T2 20.000KG - Tecmur 2 S.L.","robots":{"index":"index","follow":"follow","max-snippet":"max-snippet:-1","max-image-preview":"max-image-preview:large","max-video-preview":"max-video-preview:-1"},"canonical":"https:\/\/tecmur2.es\/producto\/tolva-desperdicio-t2-2000kg\/","og_locale":"es_ES","og_type":"article","og_title":"TOLVA DESPERDICIO T2 20.000KG - Tecmur 2 S.L.","og_description":"Dise\u00f1ado para acumular los desperdicios de los procesos de producci\u00f3n facilitando la recogida y descarga en el transporte a el vertedero. Esta compuesta por una tolva de acumulaci\u00f3n, controlando su apertura y cierre mediante dos puertas enfrentadas en el fondo mediante mecanismo motorreductor, para el control de descarga. Dispone de una pasarela en su zona [&hellip;]","og_url":"https:\/\/tecmur2.es\/producto\/tolva-desperdicio-t2-2000kg\/","og_site_name":"Tecmur 2 S.L.","article_modified_time":"2022-10-11T17:41:21+00:00","og_image":[{"width":600,"height":745,"url":"https:\/\/tecmur2.es\/wp-content\/uploads\/2020\/12\/TOLVA-DESPERDICIO-1-e1607982549891.jpg","type":"image\/jpeg"}],"twitter_card":"summary_large_image","schema":{"@context":"https:\/\/schema.org","@graph":[{"@type":"WebPage","@id":"https:\/\/tecmur2.es\/producto\/tolva-desperdicio-t2-2000kg\/","url":"https:\/\/tecmur2.es\/producto\/tolva-desperdicio-t2-2000kg\/","name":"TOLVA DESPERDICIO T2 20.000KG - Tecmur 2 S.L.","isPartOf":{"@id":"https:\/\/tecmur2.es\/#website"},"datePublished":"2020-12-10T13:24:48+00:00","dateModified":"2022-10-11T17:41:21+00:00","breadcrumb":{"@id":"https:\/\/tecmur2.es\/producto\/tolva-desperdicio-t2-2000kg\/#breadcrumb"},"inLanguage":"es","potentialAction":[{"@type":"ReadAction","target":["https:\/\/tecmur2.es\/producto\/tolva-desperdicio-t2-2000kg\/"]}]},{"@type":"BreadcrumbList","@id":"https:\/\/tecmur2.es\/producto\/tolva-desperdicio-t2-2000kg\/#breadcrumb","itemListElement":[{"@type":"ListItem","position":1,"name":"Portada","item":"https:\/\/tecmur2.es\/"},{"@type":"ListItem","position":2,"name":"Tienda","item":"https:\/\/tecmur2.es\/?page_id=6"},{"@type":"ListItem","position":3,"name":"TOLVA DESPERDICIO T2 20.000KG"}]},{"@type":"WebSite","@id":"https:\/\/tecmur2.es\/#website","url":"https:\/\/tecmur2.es\/","name":"Tecmur 2 S.L.","description":"Maquinaria para la alimentaci\u00f3n","publisher":{"@id":"https:\/\/tecmur2.es\/#organization"},"potentialAction":[{"@type":"SearchAction","target":{"@type":"EntryPoint","urlTemplate":"https:\/\/tecmur2.es\/?s={search_term_string}"},"query-input":"required name=search_term_string"}],"inLanguage":"es"},{"@type":"Organization","@id":"https:\/\/tecmur2.es\/#organization","name":"Tecmur 2 S.L.","url":"https:\/\/tecmur2.es\/","logo":{"@type":"ImageObject","inLanguage":"es","@id":"https:\/\/tecmur2.es\/#\/schema\/logo\/image\/","url":"https:\/\/tecmur2.es\/wp-content\/uploads\/2022\/10\/logo_tecmur2_verde.jpg","contentUrl":"https:\/\/tecmur2.es\/wp-content\/uploads\/2022\/10\/logo_tecmur2_verde.jpg","width":2283,"height":539,"caption":"Tecmur 2 S.L."},"image":{"@id":"https:\/\/tecmur2.es\/#\/schema\/logo\/image\/"}}]}},"_links":{"self":[{"href":"https:\/\/tecmur2.es\/index.php?rest_route=\/wp\/v2\/product\/414"}],"collection":[{"href":"https:\/\/tecmur2.es\/index.php?rest_route=\/wp\/v2\/product"}],"about":[{"href":"https:\/\/tecmur2.es\/index.php?rest_route=\/wp\/v2\/types\/product"}],"replies":[{"embeddable":true,"href":"https:\/\/tecmur2.es\/index.php?rest_route=%2Fwp%2Fv2%2Fcomments&post=414"}],"wp:featuredmedia":[{"embeddable":true,"href":"https:\/\/tecmur2.es\/index.php?rest_route=\/wp\/v2\/media\/415"}],"wp:attachment":[{"href":"https:\/\/tecmur2.es\/index.php?rest_route=%2Fwp%2Fv2%2Fmedia&parent=414"}],"wp:term":[{"taxonomy":"product_cat","embeddable":true,"href":"https:\/\/tecmur2.es\/index.php?rest_route=%2Fwp%2Fv2%2Fproduct_cat&post=414"},{"taxonomy":"product_tag","embeddable":true,"href":"https:\/\/tecmur2.es\/index.php?rest_route=%2Fwp%2Fv2%2Fproduct_tag&post=414"}],"curies":[{"name":"wp","href":"https:\/\/api.w.org\/{rel}","templated":true}]}}