{"id":393,"date":"2020-12-09T13:12:19","date_gmt":"2020-12-09T13:12:19","guid":{"rendered":"https:\/\/tecmur2.es\/?post_type=product&#038;p=393"},"modified":"2020-12-09T13:15:17","modified_gmt":"2020-12-09T13:15:17","slug":"cocedor-vertical-t2-v","status":"publish","type":"product","link":"https:\/\/tecmur2.es\/?product=cocedor-vertical-t2-v","title":{"rendered":"COCEDOR VERTICAL T2-V"},"content":{"rendered":"<p>Nuestro cocedor vertical est\u00e1n dise\u00f1ados para cocer y mezclar homog\u00e9nea-mente pulpa de fruta o verduras. Esta compuesto por un cuerpo principal circu-lar dividido en dos c\u00e1maras, una para el producto y la otra para el vapor de agua. Las c\u00e1maras son anexas produci\u00e9ndose un intercambio de calor que ha-ce posible la cocci\u00f3n del producto. El movimiento y mezcla del producto a lo largo de la c\u00e1mara se realiza por la acci\u00f3n de un agitador que incorpora la m\u00e1-quina, el cual proporciona una mezcla homog\u00e9nea. La m\u00e1quina incorpora dos puertas en la parte superior para inspeccionar el producto. Fabricada y dise\u00f1a-da bajo los est\u00e1ndares de seguridad de m\u00e1quinas y seguridad alimentaria.<\/p>\n","protected":false},"excerpt":{"rendered":"<p>Nuestro cocedor vertical est\u00e1n dise\u00f1ados para cocer y mezclar homog\u00e9nea-mente pulpa de fruta o verduras. Esta compuesto por un cuerpo principal circu-lar dividido en dos c\u00e1maras, una para el producto y la otra para el vapor de agua. Las c\u00e1maras son anexas produci\u00e9ndose un intercambio de calor que ha-ce posible la cocci\u00f3n del producto. El [&hellip;]<\/p>\n","protected":false},"featured_media":394,"comment_status":"open","ping_status":"closed","template":"","meta":[],"product_cat":[16,24],"product_tag":[],"yoast_head":"<!-- This site is optimized with the Yoast SEO plugin v20.12 - https:\/\/yoast.com\/wordpress\/plugins\/seo\/ -->\n<title>COCEDOR VERTICAL T2-V - Tecmur 2 S.L.<\/title>\n<meta name=\"robots\" content=\"index, follow, max-snippet:-1, max-image-preview:large, max-video-preview:-1\" \/>\n<link rel=\"canonical\" href=\"https:\/\/tecmur2.es\/producto\/cocedor-vertical-t2-v\/\" \/>\n<meta property=\"og:locale\" content=\"es_ES\" \/>\n<meta property=\"og:type\" content=\"article\" \/>\n<meta property=\"og:title\" content=\"COCEDOR VERTICAL T2-V - Tecmur 2 S.L.\" \/>\n<meta property=\"og:description\" content=\"Nuestro cocedor vertical est\u00e1n dise\u00f1ados para cocer y mezclar homog\u00e9nea-mente pulpa de fruta o verduras. Esta compuesto por un cuerpo principal circu-lar dividido en dos c\u00e1maras, una para el producto y la otra para el vapor de agua. Las c\u00e1maras son anexas produci\u00e9ndose un intercambio de calor que ha-ce posible la cocci\u00f3n del producto. El [&hellip;]\" \/>\n<meta property=\"og:url\" content=\"https:\/\/tecmur2.es\/producto\/cocedor-vertical-t2-v\/\" \/>\n<meta property=\"og:site_name\" content=\"Tecmur 2 S.L.\" \/>\n<meta property=\"article:modified_time\" content=\"2020-12-09T13:15:17+00:00\" \/>\n<meta property=\"og:image\" content=\"https:\/\/tecmur2.es\/wp-content\/uploads\/2020\/12\/Cocedor-vertical-doble-camisa-e1607519634982.jpg\" \/>\n\t<meta property=\"og:image:width\" content=\"650\" \/>\n\t<meta property=\"og:image:height\" content=\"625\" \/>\n\t<meta property=\"og:image:type\" content=\"image\/jpeg\" \/>\n<meta name=\"twitter:card\" content=\"summary_large_image\" \/>\n<meta name=\"twitter:label1\" content=\"Tiempo de lectura\" \/>\n\t<meta name=\"twitter:data1\" content=\"1 minuto\" \/>\n<script type=\"application\/ld+json\" class=\"yoast-schema-graph\">{\"@context\":\"https:\/\/schema.org\",\"@graph\":[{\"@type\":\"WebPage\",\"@id\":\"https:\/\/tecmur2.es\/producto\/cocedor-vertical-t2-v\/\",\"url\":\"https:\/\/tecmur2.es\/producto\/cocedor-vertical-t2-v\/\",\"name\":\"COCEDOR VERTICAL T2-V - Tecmur 2 S.L.\",\"isPartOf\":{\"@id\":\"https:\/\/tecmur2.es\/#website\"},\"datePublished\":\"2020-12-09T13:12:19+00:00\",\"dateModified\":\"2020-12-09T13:15:17+00:00\",\"breadcrumb\":{\"@id\":\"https:\/\/tecmur2.es\/producto\/cocedor-vertical-t2-v\/#breadcrumb\"},\"inLanguage\":\"es\",\"potentialAction\":[{\"@type\":\"ReadAction\",\"target\":[\"https:\/\/tecmur2.es\/producto\/cocedor-vertical-t2-v\/\"]}]},{\"@type\":\"BreadcrumbList\",\"@id\":\"https:\/\/tecmur2.es\/producto\/cocedor-vertical-t2-v\/#breadcrumb\",\"itemListElement\":[{\"@type\":\"ListItem\",\"position\":1,\"name\":\"Portada\",\"item\":\"https:\/\/tecmur2.es\/\"},{\"@type\":\"ListItem\",\"position\":2,\"name\":\"Tienda\",\"item\":\"https:\/\/tecmur2.es\/?page_id=6\"},{\"@type\":\"ListItem\",\"position\":3,\"name\":\"COCEDOR VERTICAL T2-V\"}]},{\"@type\":\"WebSite\",\"@id\":\"https:\/\/tecmur2.es\/#website\",\"url\":\"https:\/\/tecmur2.es\/\",\"name\":\"Tecmur 2 S.L.\",\"description\":\"Maquinaria para la alimentaci\u00f3n\",\"publisher\":{\"@id\":\"https:\/\/tecmur2.es\/#organization\"},\"potentialAction\":[{\"@type\":\"SearchAction\",\"target\":{\"@type\":\"EntryPoint\",\"urlTemplate\":\"https:\/\/tecmur2.es\/?s={search_term_string}\"},\"query-input\":\"required name=search_term_string\"}],\"inLanguage\":\"es\"},{\"@type\":\"Organization\",\"@id\":\"https:\/\/tecmur2.es\/#organization\",\"name\":\"Tecmur 2 S.L.\",\"url\":\"https:\/\/tecmur2.es\/\",\"logo\":{\"@type\":\"ImageObject\",\"inLanguage\":\"es\",\"@id\":\"https:\/\/tecmur2.es\/#\/schema\/logo\/image\/\",\"url\":\"https:\/\/tecmur2.es\/wp-content\/uploads\/2022\/10\/logo_tecmur2_verde.jpg\",\"contentUrl\":\"https:\/\/tecmur2.es\/wp-content\/uploads\/2022\/10\/logo_tecmur2_verde.jpg\",\"width\":2283,\"height\":539,\"caption\":\"Tecmur 2 S.L.\"},\"image\":{\"@id\":\"https:\/\/tecmur2.es\/#\/schema\/logo\/image\/\"}}]}<\/script>\n<!-- \/ Yoast SEO plugin. -->","yoast_head_json":{"title":"COCEDOR VERTICAL T2-V - Tecmur 2 S.L.","robots":{"index":"index","follow":"follow","max-snippet":"max-snippet:-1","max-image-preview":"max-image-preview:large","max-video-preview":"max-video-preview:-1"},"canonical":"https:\/\/tecmur2.es\/producto\/cocedor-vertical-t2-v\/","og_locale":"es_ES","og_type":"article","og_title":"COCEDOR VERTICAL T2-V - Tecmur 2 S.L.","og_description":"Nuestro cocedor vertical est\u00e1n dise\u00f1ados para cocer y mezclar homog\u00e9nea-mente pulpa de fruta o verduras. Esta compuesto por un cuerpo principal circu-lar dividido en dos c\u00e1maras, una para el producto y la otra para el vapor de agua. Las c\u00e1maras son anexas produci\u00e9ndose un intercambio de calor que ha-ce posible la cocci\u00f3n del producto. El [&hellip;]","og_url":"https:\/\/tecmur2.es\/producto\/cocedor-vertical-t2-v\/","og_site_name":"Tecmur 2 S.L.","article_modified_time":"2020-12-09T13:15:17+00:00","og_image":[{"width":650,"height":625,"url":"https:\/\/tecmur2.es\/wp-content\/uploads\/2020\/12\/Cocedor-vertical-doble-camisa-e1607519634982.jpg","type":"image\/jpeg"}],"twitter_card":"summary_large_image","twitter_misc":{"Tiempo de lectura":"1 minuto"},"schema":{"@context":"https:\/\/schema.org","@graph":[{"@type":"WebPage","@id":"https:\/\/tecmur2.es\/producto\/cocedor-vertical-t2-v\/","url":"https:\/\/tecmur2.es\/producto\/cocedor-vertical-t2-v\/","name":"COCEDOR VERTICAL T2-V - Tecmur 2 S.L.","isPartOf":{"@id":"https:\/\/tecmur2.es\/#website"},"datePublished":"2020-12-09T13:12:19+00:00","dateModified":"2020-12-09T13:15:17+00:00","breadcrumb":{"@id":"https:\/\/tecmur2.es\/producto\/cocedor-vertical-t2-v\/#breadcrumb"},"inLanguage":"es","potentialAction":[{"@type":"ReadAction","target":["https:\/\/tecmur2.es\/producto\/cocedor-vertical-t2-v\/"]}]},{"@type":"BreadcrumbList","@id":"https:\/\/tecmur2.es\/producto\/cocedor-vertical-t2-v\/#breadcrumb","itemListElement":[{"@type":"ListItem","position":1,"name":"Portada","item":"https:\/\/tecmur2.es\/"},{"@type":"ListItem","position":2,"name":"Tienda","item":"https:\/\/tecmur2.es\/?page_id=6"},{"@type":"ListItem","position":3,"name":"COCEDOR VERTICAL T2-V"}]},{"@type":"WebSite","@id":"https:\/\/tecmur2.es\/#website","url":"https:\/\/tecmur2.es\/","name":"Tecmur 2 S.L.","description":"Maquinaria para la alimentaci\u00f3n","publisher":{"@id":"https:\/\/tecmur2.es\/#organization"},"potentialAction":[{"@type":"SearchAction","target":{"@type":"EntryPoint","urlTemplate":"https:\/\/tecmur2.es\/?s={search_term_string}"},"query-input":"required name=search_term_string"}],"inLanguage":"es"},{"@type":"Organization","@id":"https:\/\/tecmur2.es\/#organization","name":"Tecmur 2 S.L.","url":"https:\/\/tecmur2.es\/","logo":{"@type":"ImageObject","inLanguage":"es","@id":"https:\/\/tecmur2.es\/#\/schema\/logo\/image\/","url":"https:\/\/tecmur2.es\/wp-content\/uploads\/2022\/10\/logo_tecmur2_verde.jpg","contentUrl":"https:\/\/tecmur2.es\/wp-content\/uploads\/2022\/10\/logo_tecmur2_verde.jpg","width":2283,"height":539,"caption":"Tecmur 2 S.L."},"image":{"@id":"https:\/\/tecmur2.es\/#\/schema\/logo\/image\/"}}]}},"_links":{"self":[{"href":"https:\/\/tecmur2.es\/index.php?rest_route=\/wp\/v2\/product\/393"}],"collection":[{"href":"https:\/\/tecmur2.es\/index.php?rest_route=\/wp\/v2\/product"}],"about":[{"href":"https:\/\/tecmur2.es\/index.php?rest_route=\/wp\/v2\/types\/product"}],"replies":[{"embeddable":true,"href":"https:\/\/tecmur2.es\/index.php?rest_route=%2Fwp%2Fv2%2Fcomments&post=393"}],"wp:featuredmedia":[{"embeddable":true,"href":"https:\/\/tecmur2.es\/index.php?rest_route=\/wp\/v2\/media\/394"}],"wp:attachment":[{"href":"https:\/\/tecmur2.es\/index.php?rest_route=%2Fwp%2Fv2%2Fmedia&parent=393"}],"wp:term":[{"taxonomy":"product_cat","embeddable":true,"href":"https:\/\/tecmur2.es\/index.php?rest_route=%2Fwp%2Fv2%2Fproduct_cat&post=393"},{"taxonomy":"product_tag","embeddable":true,"href":"https:\/\/tecmur2.es\/index.php?rest_route=%2Fwp%2Fv2%2Fproduct_tag&post=393"}],"curies":[{"name":"wp","href":"https:\/\/api.w.org\/{rel}","templated":true}]}}