{"id":390,"date":"2020-12-09T13:03:01","date_gmt":"2020-12-09T13:03:01","guid":{"rendered":"https:\/\/tecmur2.es\/?post_type=product&#038;p=390"},"modified":"2022-10-24T17:15:57","modified_gmt":"2022-10-24T17:15:57","slug":"thermobreak-thbk-3000c-540l","status":"publish","type":"product","link":"https:\/\/tecmur2.es\/?product=thermobreak-thbk-3000c-540l","title":{"rendered":"THERMOBREAK THBK-3000C 540L"},"content":{"rendered":"<p>Nuestros Thermobreak o cocedores horizontales est\u00e1n dise\u00f1ados para cocer o enfriar pulpa de fruta o verduras. Est\u00e1n compuestos por un cuerpo principal semic\u00edrculo dividido en dos c\u00e1maras, una para el producto y la otra para fluido calefactor o enfriador, dependiendo del caso. Las c\u00e1maras son anexas produci\u00e9ndose un intercambio de calor que hace posible la cocci\u00f3n o el enfriamiento del producto.<br \/>\nEl movimiento del producto a lo largo de la c\u00e1mara se realiza por la acci\u00f3n de un husillo que incorpora el eje de la m\u00e1quina, el cual proporciona un avance lento de producto desde la entrada hasta la salida, produciendo as\u00ed un salto de temperaturas. Las aspas del eje funcionan a modo de agitador horizontal. La m\u00e1quina incorpora cuatro puertas en la parte superior para inspeccionar el pro-ducto a lo largo de la c\u00e1mara.<br \/>\nFabricada y dise\u00f1ada bajo los est\u00e1ndares de seguridad de m\u00e1quinas y seguridad alimentaria.<\/p>\n","protected":false},"excerpt":{"rendered":"<p>Nuestros Thermobreak o cocedores horizontales est\u00e1n dise\u00f1ados para cocer o enfriar pulpa de fruta o verduras. Est\u00e1n compuestos por un cuerpo principal semic\u00edrculo dividido en dos c\u00e1maras, una para el producto y la otra para fluido calefactor o enfriador, dependiendo del caso. Las c\u00e1maras son anexas produci\u00e9ndose un intercambio de calor que hace posible la [&hellip;]<\/p>\n","protected":false},"featured_media":371,"comment_status":"open","ping_status":"closed","template":"","meta":[],"product_cat":[16,24],"product_tag":[],"yoast_head":"<!-- This site is optimized with the Yoast SEO plugin v20.12 - https:\/\/yoast.com\/wordpress\/plugins\/seo\/ -->\n<title>THERMOBREAK THBK-3000C 540L - Tecmur 2 S.L.<\/title>\n<meta name=\"robots\" content=\"index, follow, max-snippet:-1, max-image-preview:large, max-video-preview:-1\" \/>\n<link rel=\"canonical\" href=\"https:\/\/tecmur2.es\/producto\/thermobreak-thbk-3000c-540l\/\" \/>\n<meta property=\"og:locale\" content=\"es_ES\" \/>\n<meta property=\"og:type\" content=\"article\" \/>\n<meta property=\"og:title\" content=\"THERMOBREAK THBK-3000C 540L - Tecmur 2 S.L.\" \/>\n<meta property=\"og:description\" content=\"Nuestros Thermobreak o cocedores horizontales est\u00e1n dise\u00f1ados para cocer o enfriar pulpa de fruta o verduras. Est\u00e1n compuestos por un cuerpo principal semic\u00edrculo dividido en dos c\u00e1maras, una para el producto y la otra para fluido calefactor o enfriador, dependiendo del caso. Las c\u00e1maras son anexas produci\u00e9ndose un intercambio de calor que hace posible la [&hellip;]\" \/>\n<meta property=\"og:url\" content=\"https:\/\/tecmur2.es\/producto\/thermobreak-thbk-3000c-540l\/\" \/>\n<meta property=\"og:site_name\" content=\"Tecmur 2 S.L.\" \/>\n<meta property=\"article:modified_time\" content=\"2022-10-24T17:15:57+00:00\" \/>\n<meta property=\"og:image\" content=\"https:\/\/tecmur2.es\/wp-content\/uploads\/2020\/11\/RENDER-THBK-3000C-325L-2-e1607250032449.jpg\" \/>\n\t<meta property=\"og:image:width\" content=\"900\" \/>\n\t<meta property=\"og:image:height\" content=\"527\" \/>\n\t<meta property=\"og:image:type\" content=\"image\/jpeg\" \/>\n<meta name=\"twitter:card\" content=\"summary_large_image\" \/>\n<meta name=\"twitter:label1\" content=\"Tiempo de lectura\" \/>\n\t<meta name=\"twitter:data1\" content=\"1 minuto\" \/>\n<script type=\"application\/ld+json\" class=\"yoast-schema-graph\">{\"@context\":\"https:\/\/schema.org\",\"@graph\":[{\"@type\":\"WebPage\",\"@id\":\"https:\/\/tecmur2.es\/producto\/thermobreak-thbk-3000c-540l\/\",\"url\":\"https:\/\/tecmur2.es\/producto\/thermobreak-thbk-3000c-540l\/\",\"name\":\"THERMOBREAK THBK-3000C 540L - Tecmur 2 S.L.\",\"isPartOf\":{\"@id\":\"https:\/\/tecmur2.es\/#website\"},\"datePublished\":\"2020-12-09T13:03:01+00:00\",\"dateModified\":\"2022-10-24T17:15:57+00:00\",\"breadcrumb\":{\"@id\":\"https:\/\/tecmur2.es\/producto\/thermobreak-thbk-3000c-540l\/#breadcrumb\"},\"inLanguage\":\"es\",\"potentialAction\":[{\"@type\":\"ReadAction\",\"target\":[\"https:\/\/tecmur2.es\/producto\/thermobreak-thbk-3000c-540l\/\"]}]},{\"@type\":\"BreadcrumbList\",\"@id\":\"https:\/\/tecmur2.es\/producto\/thermobreak-thbk-3000c-540l\/#breadcrumb\",\"itemListElement\":[{\"@type\":\"ListItem\",\"position\":1,\"name\":\"Portada\",\"item\":\"https:\/\/tecmur2.es\/\"},{\"@type\":\"ListItem\",\"position\":2,\"name\":\"Tienda\",\"item\":\"https:\/\/tecmur2.es\/?page_id=6\"},{\"@type\":\"ListItem\",\"position\":3,\"name\":\"THERMOBREAK THBK-3000C 540L\"}]},{\"@type\":\"WebSite\",\"@id\":\"https:\/\/tecmur2.es\/#website\",\"url\":\"https:\/\/tecmur2.es\/\",\"name\":\"Tecmur 2 S.L.\",\"description\":\"Maquinaria para la alimentaci\u00f3n\",\"publisher\":{\"@id\":\"https:\/\/tecmur2.es\/#organization\"},\"potentialAction\":[{\"@type\":\"SearchAction\",\"target\":{\"@type\":\"EntryPoint\",\"urlTemplate\":\"https:\/\/tecmur2.es\/?s={search_term_string}\"},\"query-input\":\"required name=search_term_string\"}],\"inLanguage\":\"es\"},{\"@type\":\"Organization\",\"@id\":\"https:\/\/tecmur2.es\/#organization\",\"name\":\"Tecmur 2 S.L.\",\"url\":\"https:\/\/tecmur2.es\/\",\"logo\":{\"@type\":\"ImageObject\",\"inLanguage\":\"es\",\"@id\":\"https:\/\/tecmur2.es\/#\/schema\/logo\/image\/\",\"url\":\"https:\/\/tecmur2.es\/wp-content\/uploads\/2022\/10\/logo_tecmur2_verde.jpg\",\"contentUrl\":\"https:\/\/tecmur2.es\/wp-content\/uploads\/2022\/10\/logo_tecmur2_verde.jpg\",\"width\":2283,\"height\":539,\"caption\":\"Tecmur 2 S.L.\"},\"image\":{\"@id\":\"https:\/\/tecmur2.es\/#\/schema\/logo\/image\/\"}}]}<\/script>\n<!-- \/ Yoast SEO plugin. -->","yoast_head_json":{"title":"THERMOBREAK THBK-3000C 540L - Tecmur 2 S.L.","robots":{"index":"index","follow":"follow","max-snippet":"max-snippet:-1","max-image-preview":"max-image-preview:large","max-video-preview":"max-video-preview:-1"},"canonical":"https:\/\/tecmur2.es\/producto\/thermobreak-thbk-3000c-540l\/","og_locale":"es_ES","og_type":"article","og_title":"THERMOBREAK THBK-3000C 540L - Tecmur 2 S.L.","og_description":"Nuestros Thermobreak o cocedores horizontales est\u00e1n dise\u00f1ados para cocer o enfriar pulpa de fruta o verduras. Est\u00e1n compuestos por un cuerpo principal semic\u00edrculo dividido en dos c\u00e1maras, una para el producto y la otra para fluido calefactor o enfriador, dependiendo del caso. Las c\u00e1maras son anexas produci\u00e9ndose un intercambio de calor que hace posible la [&hellip;]","og_url":"https:\/\/tecmur2.es\/producto\/thermobreak-thbk-3000c-540l\/","og_site_name":"Tecmur 2 S.L.","article_modified_time":"2022-10-24T17:15:57+00:00","og_image":[{"width":900,"height":527,"url":"https:\/\/tecmur2.es\/wp-content\/uploads\/2020\/11\/RENDER-THBK-3000C-325L-2-e1607250032449.jpg","type":"image\/jpeg"}],"twitter_card":"summary_large_image","twitter_misc":{"Tiempo de lectura":"1 minuto"},"schema":{"@context":"https:\/\/schema.org","@graph":[{"@type":"WebPage","@id":"https:\/\/tecmur2.es\/producto\/thermobreak-thbk-3000c-540l\/","url":"https:\/\/tecmur2.es\/producto\/thermobreak-thbk-3000c-540l\/","name":"THERMOBREAK THBK-3000C 540L - Tecmur 2 S.L.","isPartOf":{"@id":"https:\/\/tecmur2.es\/#website"},"datePublished":"2020-12-09T13:03:01+00:00","dateModified":"2022-10-24T17:15:57+00:00","breadcrumb":{"@id":"https:\/\/tecmur2.es\/producto\/thermobreak-thbk-3000c-540l\/#breadcrumb"},"inLanguage":"es","potentialAction":[{"@type":"ReadAction","target":["https:\/\/tecmur2.es\/producto\/thermobreak-thbk-3000c-540l\/"]}]},{"@type":"BreadcrumbList","@id":"https:\/\/tecmur2.es\/producto\/thermobreak-thbk-3000c-540l\/#breadcrumb","itemListElement":[{"@type":"ListItem","position":1,"name":"Portada","item":"https:\/\/tecmur2.es\/"},{"@type":"ListItem","position":2,"name":"Tienda","item":"https:\/\/tecmur2.es\/?page_id=6"},{"@type":"ListItem","position":3,"name":"THERMOBREAK THBK-3000C 540L"}]},{"@type":"WebSite","@id":"https:\/\/tecmur2.es\/#website","url":"https:\/\/tecmur2.es\/","name":"Tecmur 2 S.L.","description":"Maquinaria para la alimentaci\u00f3n","publisher":{"@id":"https:\/\/tecmur2.es\/#organization"},"potentialAction":[{"@type":"SearchAction","target":{"@type":"EntryPoint","urlTemplate":"https:\/\/tecmur2.es\/?s={search_term_string}"},"query-input":"required name=search_term_string"}],"inLanguage":"es"},{"@type":"Organization","@id":"https:\/\/tecmur2.es\/#organization","name":"Tecmur 2 S.L.","url":"https:\/\/tecmur2.es\/","logo":{"@type":"ImageObject","inLanguage":"es","@id":"https:\/\/tecmur2.es\/#\/schema\/logo\/image\/","url":"https:\/\/tecmur2.es\/wp-content\/uploads\/2022\/10\/logo_tecmur2_verde.jpg","contentUrl":"https:\/\/tecmur2.es\/wp-content\/uploads\/2022\/10\/logo_tecmur2_verde.jpg","width":2283,"height":539,"caption":"Tecmur 2 S.L."},"image":{"@id":"https:\/\/tecmur2.es\/#\/schema\/logo\/image\/"}}]}},"_links":{"self":[{"href":"https:\/\/tecmur2.es\/index.php?rest_route=\/wp\/v2\/product\/390"}],"collection":[{"href":"https:\/\/tecmur2.es\/index.php?rest_route=\/wp\/v2\/product"}],"about":[{"href":"https:\/\/tecmur2.es\/index.php?rest_route=\/wp\/v2\/types\/product"}],"replies":[{"embeddable":true,"href":"https:\/\/tecmur2.es\/index.php?rest_route=%2Fwp%2Fv2%2Fcomments&post=390"}],"wp:featuredmedia":[{"embeddable":true,"href":"https:\/\/tecmur2.es\/index.php?rest_route=\/wp\/v2\/media\/371"}],"wp:attachment":[{"href":"https:\/\/tecmur2.es\/index.php?rest_route=%2Fwp%2Fv2%2Fmedia&parent=390"}],"wp:term":[{"taxonomy":"product_cat","embeddable":true,"href":"https:\/\/tecmur2.es\/index.php?rest_route=%2Fwp%2Fv2%2Fproduct_cat&post=390"},{"taxonomy":"product_tag","embeddable":true,"href":"https:\/\/tecmur2.es\/index.php?rest_route=%2Fwp%2Fv2%2Fproduct_tag&post=390"}],"curies":[{"name":"wp","href":"https:\/\/api.w.org\/{rel}","templated":true}]}}