{"id":281,"date":"2020-12-04T18:18:03","date_gmt":"2020-12-04T18:18:03","guid":{"rendered":"https:\/\/tecmur2.es\/?post_type=product&#038;p=281"},"modified":"2022-10-24T17:46:42","modified_gmt":"2022-10-24T17:46:42","slug":"cocedor-mezclador-1000-l","status":"publish","type":"product","link":"https:\/\/tecmur2.es\/?product=cocedor-mezclador-1000-l","title":{"rendered":"COCEDOR MEZCLADOR 1000 L"},"content":{"rendered":"<p>Nuestro cocedor horizontal est\u00e1 dise\u00f1ado para cocer y mezclar homog\u00e9nea-mente pulpa de fruta o verduras. Est\u00e1 compuesto por un cuerpo principal semic\u00edrculo dividido en dos c\u00e1maras, una para el producto y la otra para el vapor de agua. Las c\u00e1maras son anexas produci\u00e9ndose un intercambio de calor que ha-ce posible la cocci\u00f3n o el enfriamiento del producto. El movimiento y mezcla del producto a lo largo de la c\u00e1mara se realiza por la acci\u00f3n de un husillo que incorpora el eje de la m\u00e1quina, el cual proporciona un avance lento de un lado a otro. Las aspas del eje funcionan a modo de agitador horizontal. La m\u00e1quina incorpora tres puertas en la parte superior para inspeccionar el producto a lo largo de la c\u00e1mara. Fabricada y dise\u00f1ada bajo los est\u00e1ndares de seguridad de m\u00e1quinas y seguridad alimentaria.<\/p>\n","protected":false},"excerpt":{"rendered":"<p>Nuestro cocedor horizontal est\u00e1 dise\u00f1ado para cocer y mezclar homog\u00e9nea-mente pulpa de fruta o verduras. Est\u00e1 compuesto por un cuerpo principal semic\u00edrculo dividido en dos c\u00e1maras, una para el producto y la otra para el vapor de agua. Las c\u00e1maras son anexas produci\u00e9ndose un intercambio de calor que ha-ce posible la cocci\u00f3n o el enfriamiento [&hellip;]<\/p>\n","protected":false},"featured_media":282,"comment_status":"open","ping_status":"closed","template":"","meta":[],"product_cat":[16,24],"product_tag":[],"yoast_head":"<!-- This site is optimized with the Yoast SEO plugin v20.12 - https:\/\/yoast.com\/wordpress\/plugins\/seo\/ -->\n<title>COCEDOR MEZCLADOR 1000 L - Tecmur 2 S.L.<\/title>\n<meta name=\"robots\" content=\"index, follow, max-snippet:-1, max-image-preview:large, max-video-preview:-1\" \/>\n<link rel=\"canonical\" href=\"https:\/\/tecmur2.es\/producto\/cocedor-mezclador-1000-l\/\" \/>\n<meta property=\"og:locale\" content=\"es_ES\" \/>\n<meta property=\"og:type\" content=\"article\" \/>\n<meta property=\"og:title\" content=\"COCEDOR MEZCLADOR 1000 L - Tecmur 2 S.L.\" \/>\n<meta property=\"og:description\" content=\"Nuestro cocedor horizontal est\u00e1 dise\u00f1ado para cocer y mezclar homog\u00e9nea-mente pulpa de fruta o verduras. Est\u00e1 compuesto por un cuerpo principal semic\u00edrculo dividido en dos c\u00e1maras, una para el producto y la otra para el vapor de agua. Las c\u00e1maras son anexas produci\u00e9ndose un intercambio de calor que ha-ce posible la cocci\u00f3n o el enfriamiento [&hellip;]\" \/>\n<meta property=\"og:url\" content=\"https:\/\/tecmur2.es\/producto\/cocedor-mezclador-1000-l\/\" \/>\n<meta property=\"og:site_name\" content=\"Tecmur 2 S.L.\" \/>\n<meta property=\"article:modified_time\" content=\"2022-10-24T17:46:42+00:00\" \/>\n<meta property=\"og:image\" content=\"https:\/\/tecmur2.es\/wp-content\/uploads\/2020\/12\/Marmita1000l-ISOMETRICO-600X500.jpg\" \/>\n\t<meta property=\"og:image:width\" content=\"600\" \/>\n\t<meta property=\"og:image:height\" content=\"464\" \/>\n\t<meta property=\"og:image:type\" content=\"image\/jpeg\" \/>\n<meta name=\"twitter:card\" content=\"summary_large_image\" \/>\n<meta name=\"twitter:label1\" content=\"Tiempo de lectura\" \/>\n\t<meta name=\"twitter:data1\" content=\"1 minuto\" \/>\n<script type=\"application\/ld+json\" class=\"yoast-schema-graph\">{\"@context\":\"https:\/\/schema.org\",\"@graph\":[{\"@type\":\"WebPage\",\"@id\":\"https:\/\/tecmur2.es\/producto\/cocedor-mezclador-1000-l\/\",\"url\":\"https:\/\/tecmur2.es\/producto\/cocedor-mezclador-1000-l\/\",\"name\":\"COCEDOR MEZCLADOR 1000 L - Tecmur 2 S.L.\",\"isPartOf\":{\"@id\":\"https:\/\/tecmur2.es\/#website\"},\"datePublished\":\"2020-12-04T18:18:03+00:00\",\"dateModified\":\"2022-10-24T17:46:42+00:00\",\"breadcrumb\":{\"@id\":\"https:\/\/tecmur2.es\/producto\/cocedor-mezclador-1000-l\/#breadcrumb\"},\"inLanguage\":\"es\",\"potentialAction\":[{\"@type\":\"ReadAction\",\"target\":[\"https:\/\/tecmur2.es\/producto\/cocedor-mezclador-1000-l\/\"]}]},{\"@type\":\"BreadcrumbList\",\"@id\":\"https:\/\/tecmur2.es\/producto\/cocedor-mezclador-1000-l\/#breadcrumb\",\"itemListElement\":[{\"@type\":\"ListItem\",\"position\":1,\"name\":\"Portada\",\"item\":\"https:\/\/tecmur2.es\/\"},{\"@type\":\"ListItem\",\"position\":2,\"name\":\"Tienda\",\"item\":\"https:\/\/tecmur2.es\/?page_id=6\"},{\"@type\":\"ListItem\",\"position\":3,\"name\":\"COCEDOR MEZCLADOR 1000 L\"}]},{\"@type\":\"WebSite\",\"@id\":\"https:\/\/tecmur2.es\/#website\",\"url\":\"https:\/\/tecmur2.es\/\",\"name\":\"Tecmur 2 S.L.\",\"description\":\"Maquinaria para la alimentaci\u00f3n\",\"publisher\":{\"@id\":\"https:\/\/tecmur2.es\/#organization\"},\"potentialAction\":[{\"@type\":\"SearchAction\",\"target\":{\"@type\":\"EntryPoint\",\"urlTemplate\":\"https:\/\/tecmur2.es\/?s={search_term_string}\"},\"query-input\":\"required name=search_term_string\"}],\"inLanguage\":\"es\"},{\"@type\":\"Organization\",\"@id\":\"https:\/\/tecmur2.es\/#organization\",\"name\":\"Tecmur 2 S.L.\",\"url\":\"https:\/\/tecmur2.es\/\",\"logo\":{\"@type\":\"ImageObject\",\"inLanguage\":\"es\",\"@id\":\"https:\/\/tecmur2.es\/#\/schema\/logo\/image\/\",\"url\":\"https:\/\/tecmur2.es\/wp-content\/uploads\/2022\/10\/logo_tecmur2_verde.jpg\",\"contentUrl\":\"https:\/\/tecmur2.es\/wp-content\/uploads\/2022\/10\/logo_tecmur2_verde.jpg\",\"width\":2283,\"height\":539,\"caption\":\"Tecmur 2 S.L.\"},\"image\":{\"@id\":\"https:\/\/tecmur2.es\/#\/schema\/logo\/image\/\"}}]}<\/script>\n<!-- \/ Yoast SEO plugin. -->","yoast_head_json":{"title":"COCEDOR MEZCLADOR 1000 L - Tecmur 2 S.L.","robots":{"index":"index","follow":"follow","max-snippet":"max-snippet:-1","max-image-preview":"max-image-preview:large","max-video-preview":"max-video-preview:-1"},"canonical":"https:\/\/tecmur2.es\/producto\/cocedor-mezclador-1000-l\/","og_locale":"es_ES","og_type":"article","og_title":"COCEDOR MEZCLADOR 1000 L - Tecmur 2 S.L.","og_description":"Nuestro cocedor horizontal est\u00e1 dise\u00f1ado para cocer y mezclar homog\u00e9nea-mente pulpa de fruta o verduras. Est\u00e1 compuesto por un cuerpo principal semic\u00edrculo dividido en dos c\u00e1maras, una para el producto y la otra para el vapor de agua. Las c\u00e1maras son anexas produci\u00e9ndose un intercambio de calor que ha-ce posible la cocci\u00f3n o el enfriamiento [&hellip;]","og_url":"https:\/\/tecmur2.es\/producto\/cocedor-mezclador-1000-l\/","og_site_name":"Tecmur 2 S.L.","article_modified_time":"2022-10-24T17:46:42+00:00","og_image":[{"width":600,"height":464,"url":"https:\/\/tecmur2.es\/wp-content\/uploads\/2020\/12\/Marmita1000l-ISOMETRICO-600X500.jpg","type":"image\/jpeg"}],"twitter_card":"summary_large_image","twitter_misc":{"Tiempo de lectura":"1 minuto"},"schema":{"@context":"https:\/\/schema.org","@graph":[{"@type":"WebPage","@id":"https:\/\/tecmur2.es\/producto\/cocedor-mezclador-1000-l\/","url":"https:\/\/tecmur2.es\/producto\/cocedor-mezclador-1000-l\/","name":"COCEDOR MEZCLADOR 1000 L - Tecmur 2 S.L.","isPartOf":{"@id":"https:\/\/tecmur2.es\/#website"},"datePublished":"2020-12-04T18:18:03+00:00","dateModified":"2022-10-24T17:46:42+00:00","breadcrumb":{"@id":"https:\/\/tecmur2.es\/producto\/cocedor-mezclador-1000-l\/#breadcrumb"},"inLanguage":"es","potentialAction":[{"@type":"ReadAction","target":["https:\/\/tecmur2.es\/producto\/cocedor-mezclador-1000-l\/"]}]},{"@type":"BreadcrumbList","@id":"https:\/\/tecmur2.es\/producto\/cocedor-mezclador-1000-l\/#breadcrumb","itemListElement":[{"@type":"ListItem","position":1,"name":"Portada","item":"https:\/\/tecmur2.es\/"},{"@type":"ListItem","position":2,"name":"Tienda","item":"https:\/\/tecmur2.es\/?page_id=6"},{"@type":"ListItem","position":3,"name":"COCEDOR MEZCLADOR 1000 L"}]},{"@type":"WebSite","@id":"https:\/\/tecmur2.es\/#website","url":"https:\/\/tecmur2.es\/","name":"Tecmur 2 S.L.","description":"Maquinaria para la alimentaci\u00f3n","publisher":{"@id":"https:\/\/tecmur2.es\/#organization"},"potentialAction":[{"@type":"SearchAction","target":{"@type":"EntryPoint","urlTemplate":"https:\/\/tecmur2.es\/?s={search_term_string}"},"query-input":"required name=search_term_string"}],"inLanguage":"es"},{"@type":"Organization","@id":"https:\/\/tecmur2.es\/#organization","name":"Tecmur 2 S.L.","url":"https:\/\/tecmur2.es\/","logo":{"@type":"ImageObject","inLanguage":"es","@id":"https:\/\/tecmur2.es\/#\/schema\/logo\/image\/","url":"https:\/\/tecmur2.es\/wp-content\/uploads\/2022\/10\/logo_tecmur2_verde.jpg","contentUrl":"https:\/\/tecmur2.es\/wp-content\/uploads\/2022\/10\/logo_tecmur2_verde.jpg","width":2283,"height":539,"caption":"Tecmur 2 S.L."},"image":{"@id":"https:\/\/tecmur2.es\/#\/schema\/logo\/image\/"}}]}},"_links":{"self":[{"href":"https:\/\/tecmur2.es\/index.php?rest_route=\/wp\/v2\/product\/281"}],"collection":[{"href":"https:\/\/tecmur2.es\/index.php?rest_route=\/wp\/v2\/product"}],"about":[{"href":"https:\/\/tecmur2.es\/index.php?rest_route=\/wp\/v2\/types\/product"}],"replies":[{"embeddable":true,"href":"https:\/\/tecmur2.es\/index.php?rest_route=%2Fwp%2Fv2%2Fcomments&post=281"}],"wp:featuredmedia":[{"embeddable":true,"href":"https:\/\/tecmur2.es\/index.php?rest_route=\/wp\/v2\/media\/282"}],"wp:attachment":[{"href":"https:\/\/tecmur2.es\/index.php?rest_route=%2Fwp%2Fv2%2Fmedia&parent=281"}],"wp:term":[{"taxonomy":"product_cat","embeddable":true,"href":"https:\/\/tecmur2.es\/index.php?rest_route=%2Fwp%2Fv2%2Fproduct_cat&post=281"},{"taxonomy":"product_tag","embeddable":true,"href":"https:\/\/tecmur2.es\/index.php?rest_route=%2Fwp%2Fv2%2Fproduct_tag&post=281"}],"curies":[{"name":"wp","href":"https:\/\/api.w.org\/{rel}","templated":true}]}}