{"id":216,"date":"2020-12-03T03:24:48","date_gmt":"2020-12-03T03:24:48","guid":{"rendered":"https:\/\/tecmur2.es\/?post_type=product&#038;p=216"},"modified":"2022-10-24T18:08:30","modified_gmt":"2022-10-24T18:08:30","slug":"tolva-inundada","status":"publish","type":"product","link":"https:\/\/tecmur2.es\/?product=tolva-inundada","title":{"rendered":"TOLVA INUNDADA"},"content":{"rendered":"<p>La tolva inundada ha sido dise\u00f1ada para acumular y distribuir cualquier tipo de alimento o producto. Se trata de un sistema de acumulaci\u00f3n y transporte continuo formado b\u00e1sicamente por una tolva para acumular producto y una banda con cazoletas para elevar el producto. La banda o tapiz es de lona con unas cazoletas con perforaciones que hace que el liquido no se deposite en el siguiente punto del proceso de producci\u00f3n. La banda es soportada entre dos tambores por gu\u00edas de acero forradas en polietileno para favorecer el deslizado.<\/p>\n","protected":false},"excerpt":{"rendered":"<p>La tolva inundada ha sido dise\u00f1ada para acumular y distribuir cualquier tipo de alimento o producto. Se trata de un sistema de acumulaci\u00f3n y transporte continuo formado b\u00e1sicamente por una tolva para acumular producto y una banda con cazoletas para elevar el producto. La banda o tapiz es de lona con unas cazoletas con perforaciones [&hellip;]<\/p>\n","protected":false},"featured_media":514,"comment_status":"open","ping_status":"closed","template":"","meta":[],"product_cat":[16,28,33],"product_tag":[],"yoast_head":"<!-- This site is optimized with the Yoast SEO plugin v20.12 - https:\/\/yoast.com\/wordpress\/plugins\/seo\/ -->\n<title>TOLVA INUNDADA - Tecmur 2 S.L.<\/title>\n<meta name=\"robots\" content=\"index, follow, max-snippet:-1, max-image-preview:large, max-video-preview:-1\" \/>\n<link rel=\"canonical\" href=\"https:\/\/tecmur2.es\/producto\/tolva-inundada\/\" \/>\n<meta property=\"og:locale\" content=\"es_ES\" \/>\n<meta property=\"og:type\" content=\"article\" \/>\n<meta property=\"og:title\" content=\"TOLVA INUNDADA - Tecmur 2 S.L.\" \/>\n<meta property=\"og:description\" content=\"La tolva inundada ha sido dise\u00f1ada para acumular y distribuir cualquier tipo de alimento o producto. Se trata de un sistema de acumulaci\u00f3n y transporte continuo formado b\u00e1sicamente por una tolva para acumular producto y una banda con cazoletas para elevar el producto. La banda o tapiz es de lona con unas cazoletas con perforaciones [&hellip;]\" \/>\n<meta property=\"og:url\" content=\"https:\/\/tecmur2.es\/producto\/tolva-inundada\/\" \/>\n<meta property=\"og:site_name\" content=\"Tecmur 2 S.L.\" \/>\n<meta property=\"article:modified_time\" content=\"2022-10-24T18:08:30+00:00\" \/>\n<meta property=\"og:image\" content=\"https:\/\/tecmur2.es\/wp-content\/uploads\/2020\/12\/TOLVA-INUNDADA-ISO2-e1607963528915.jpg\" \/>\n\t<meta property=\"og:image:width\" content=\"750\" \/>\n\t<meta property=\"og:image:height\" content=\"707\" \/>\n\t<meta property=\"og:image:type\" content=\"image\/jpeg\" \/>\n<meta name=\"twitter:card\" content=\"summary_large_image\" \/>\n<meta name=\"twitter:label1\" content=\"Tiempo de lectura\" \/>\n\t<meta name=\"twitter:data1\" content=\"1 minuto\" \/>\n<script type=\"application\/ld+json\" class=\"yoast-schema-graph\">{\"@context\":\"https:\/\/schema.org\",\"@graph\":[{\"@type\":\"WebPage\",\"@id\":\"https:\/\/tecmur2.es\/producto\/tolva-inundada\/\",\"url\":\"https:\/\/tecmur2.es\/producto\/tolva-inundada\/\",\"name\":\"TOLVA INUNDADA - Tecmur 2 S.L.\",\"isPartOf\":{\"@id\":\"https:\/\/tecmur2.es\/#website\"},\"datePublished\":\"2020-12-03T03:24:48+00:00\",\"dateModified\":\"2022-10-24T18:08:30+00:00\",\"breadcrumb\":{\"@id\":\"https:\/\/tecmur2.es\/producto\/tolva-inundada\/#breadcrumb\"},\"inLanguage\":\"es\",\"potentialAction\":[{\"@type\":\"ReadAction\",\"target\":[\"https:\/\/tecmur2.es\/producto\/tolva-inundada\/\"]}]},{\"@type\":\"BreadcrumbList\",\"@id\":\"https:\/\/tecmur2.es\/producto\/tolva-inundada\/#breadcrumb\",\"itemListElement\":[{\"@type\":\"ListItem\",\"position\":1,\"name\":\"Portada\",\"item\":\"https:\/\/tecmur2.es\/\"},{\"@type\":\"ListItem\",\"position\":2,\"name\":\"Tienda\",\"item\":\"https:\/\/tecmur2.es\/?page_id=6\"},{\"@type\":\"ListItem\",\"position\":3,\"name\":\"TOLVA INUNDADA\"}]},{\"@type\":\"WebSite\",\"@id\":\"https:\/\/tecmur2.es\/#website\",\"url\":\"https:\/\/tecmur2.es\/\",\"name\":\"Tecmur 2 S.L.\",\"description\":\"Maquinaria para la alimentaci\u00f3n\",\"publisher\":{\"@id\":\"https:\/\/tecmur2.es\/#organization\"},\"potentialAction\":[{\"@type\":\"SearchAction\",\"target\":{\"@type\":\"EntryPoint\",\"urlTemplate\":\"https:\/\/tecmur2.es\/?s={search_term_string}\"},\"query-input\":\"required name=search_term_string\"}],\"inLanguage\":\"es\"},{\"@type\":\"Organization\",\"@id\":\"https:\/\/tecmur2.es\/#organization\",\"name\":\"Tecmur 2 S.L.\",\"url\":\"https:\/\/tecmur2.es\/\",\"logo\":{\"@type\":\"ImageObject\",\"inLanguage\":\"es\",\"@id\":\"https:\/\/tecmur2.es\/#\/schema\/logo\/image\/\",\"url\":\"https:\/\/tecmur2.es\/wp-content\/uploads\/2022\/10\/logo_tecmur2_verde.jpg\",\"contentUrl\":\"https:\/\/tecmur2.es\/wp-content\/uploads\/2022\/10\/logo_tecmur2_verde.jpg\",\"width\":2283,\"height\":539,\"caption\":\"Tecmur 2 S.L.\"},\"image\":{\"@id\":\"https:\/\/tecmur2.es\/#\/schema\/logo\/image\/\"}}]}<\/script>\n<!-- \/ Yoast SEO plugin. -->","yoast_head_json":{"title":"TOLVA INUNDADA - Tecmur 2 S.L.","robots":{"index":"index","follow":"follow","max-snippet":"max-snippet:-1","max-image-preview":"max-image-preview:large","max-video-preview":"max-video-preview:-1"},"canonical":"https:\/\/tecmur2.es\/producto\/tolva-inundada\/","og_locale":"es_ES","og_type":"article","og_title":"TOLVA INUNDADA - Tecmur 2 S.L.","og_description":"La tolva inundada ha sido dise\u00f1ada para acumular y distribuir cualquier tipo de alimento o producto. Se trata de un sistema de acumulaci\u00f3n y transporte continuo formado b\u00e1sicamente por una tolva para acumular producto y una banda con cazoletas para elevar el producto. La banda o tapiz es de lona con unas cazoletas con perforaciones [&hellip;]","og_url":"https:\/\/tecmur2.es\/producto\/tolva-inundada\/","og_site_name":"Tecmur 2 S.L.","article_modified_time":"2022-10-24T18:08:30+00:00","og_image":[{"width":750,"height":707,"url":"https:\/\/tecmur2.es\/wp-content\/uploads\/2020\/12\/TOLVA-INUNDADA-ISO2-e1607963528915.jpg","type":"image\/jpeg"}],"twitter_card":"summary_large_image","twitter_misc":{"Tiempo de lectura":"1 minuto"},"schema":{"@context":"https:\/\/schema.org","@graph":[{"@type":"WebPage","@id":"https:\/\/tecmur2.es\/producto\/tolva-inundada\/","url":"https:\/\/tecmur2.es\/producto\/tolva-inundada\/","name":"TOLVA INUNDADA - Tecmur 2 S.L.","isPartOf":{"@id":"https:\/\/tecmur2.es\/#website"},"datePublished":"2020-12-03T03:24:48+00:00","dateModified":"2022-10-24T18:08:30+00:00","breadcrumb":{"@id":"https:\/\/tecmur2.es\/producto\/tolva-inundada\/#breadcrumb"},"inLanguage":"es","potentialAction":[{"@type":"ReadAction","target":["https:\/\/tecmur2.es\/producto\/tolva-inundada\/"]}]},{"@type":"BreadcrumbList","@id":"https:\/\/tecmur2.es\/producto\/tolva-inundada\/#breadcrumb","itemListElement":[{"@type":"ListItem","position":1,"name":"Portada","item":"https:\/\/tecmur2.es\/"},{"@type":"ListItem","position":2,"name":"Tienda","item":"https:\/\/tecmur2.es\/?page_id=6"},{"@type":"ListItem","position":3,"name":"TOLVA INUNDADA"}]},{"@type":"WebSite","@id":"https:\/\/tecmur2.es\/#website","url":"https:\/\/tecmur2.es\/","name":"Tecmur 2 S.L.","description":"Maquinaria para la alimentaci\u00f3n","publisher":{"@id":"https:\/\/tecmur2.es\/#organization"},"potentialAction":[{"@type":"SearchAction","target":{"@type":"EntryPoint","urlTemplate":"https:\/\/tecmur2.es\/?s={search_term_string}"},"query-input":"required name=search_term_string"}],"inLanguage":"es"},{"@type":"Organization","@id":"https:\/\/tecmur2.es\/#organization","name":"Tecmur 2 S.L.","url":"https:\/\/tecmur2.es\/","logo":{"@type":"ImageObject","inLanguage":"es","@id":"https:\/\/tecmur2.es\/#\/schema\/logo\/image\/","url":"https:\/\/tecmur2.es\/wp-content\/uploads\/2022\/10\/logo_tecmur2_verde.jpg","contentUrl":"https:\/\/tecmur2.es\/wp-content\/uploads\/2022\/10\/logo_tecmur2_verde.jpg","width":2283,"height":539,"caption":"Tecmur 2 S.L."},"image":{"@id":"https:\/\/tecmur2.es\/#\/schema\/logo\/image\/"}}]}},"_links":{"self":[{"href":"https:\/\/tecmur2.es\/index.php?rest_route=\/wp\/v2\/product\/216"}],"collection":[{"href":"https:\/\/tecmur2.es\/index.php?rest_route=\/wp\/v2\/product"}],"about":[{"href":"https:\/\/tecmur2.es\/index.php?rest_route=\/wp\/v2\/types\/product"}],"replies":[{"embeddable":true,"href":"https:\/\/tecmur2.es\/index.php?rest_route=%2Fwp%2Fv2%2Fcomments&post=216"}],"wp:featuredmedia":[{"embeddable":true,"href":"https:\/\/tecmur2.es\/index.php?rest_route=\/wp\/v2\/media\/514"}],"wp:attachment":[{"href":"https:\/\/tecmur2.es\/index.php?rest_route=%2Fwp%2Fv2%2Fmedia&parent=216"}],"wp:term":[{"taxonomy":"product_cat","embeddable":true,"href":"https:\/\/tecmur2.es\/index.php?rest_route=%2Fwp%2Fv2%2Fproduct_cat&post=216"},{"taxonomy":"product_tag","embeddable":true,"href":"https:\/\/tecmur2.es\/index.php?rest_route=%2Fwp%2Fv2%2Fproduct_tag&post=216"}],"curies":[{"name":"wp","href":"https:\/\/api.w.org\/{rel}","templated":true}]}}