{"id":151,"date":"2020-11-11T13:19:40","date_gmt":"2020-11-11T13:19:40","guid":{"rendered":"https:\/\/tecmur2.es\/?post_type=product&#038;p=151"},"modified":"2022-10-24T17:04:17","modified_gmt":"2022-10-24T17:04:17","slug":"cinta-previatria","status":"publish","type":"product","link":"https:\/\/tecmur2.es\/?product=cinta-previatria","title":{"rendered":"CINTA PREVIATRIA T2"},"content":{"rendered":"<p>Esta cinta se ha dise\u00f1ado para el transporte de cualquier tipo de alimento dentro de unas dimensiones medias y para eliminar restos de hojas y suciedad. Nuestra cinta de previa-tr\u00eda est\u00e1 formada por un conjunto de tubos a medida, que giran sobre s\u00ed mismos mediante rozamiento con un cord\u00f3n de silicona, a la vez que son transportados por cadena realizando el movimiento de avance de los mismos con un sistema de transmisi\u00f3n de pi\u00f1ones. Los tubos se disponen espaciados entre s\u00ed, de tal manera que el hueco permita el paso de la hoja o desecho, y no del producto. Para ello contamos con una gran variedad de dimensiones tanto de tubos como de cadenas, facilitando as\u00ed la adaptaci\u00f3n a cualquier tipo y dimensi\u00f3n de producto.<\/p>\n","protected":false},"excerpt":{"rendered":"<p>Esta cinta se ha dise\u00f1ado para el transporte de cualquier tipo de alimento dentro de unas dimensiones medias y para eliminar restos de hojas y suciedad. Nuestra cinta de previa-tr\u00eda est\u00e1 formada por un conjunto de tubos a medida, que giran sobre s\u00ed mismos mediante rozamiento con un cord\u00f3n de silicona, a la vez que [&hellip;]<\/p>\n","protected":false},"featured_media":152,"comment_status":"open","ping_status":"closed","template":"","meta":[],"product_cat":[16,47,37],"product_tag":[],"yoast_head":"<!-- This site is optimized with the Yoast SEO plugin v20.12 - https:\/\/yoast.com\/wordpress\/plugins\/seo\/ -->\n<title>CINTA PREVIATRIA T2 - Tecmur 2 S.L.<\/title>\n<meta name=\"robots\" content=\"index, follow, max-snippet:-1, max-image-preview:large, max-video-preview:-1\" \/>\n<link rel=\"canonical\" href=\"https:\/\/tecmur2.es\/producto\/cinta-previatria\/\" \/>\n<meta property=\"og:locale\" content=\"es_ES\" \/>\n<meta property=\"og:type\" content=\"article\" \/>\n<meta property=\"og:title\" content=\"CINTA PREVIATRIA T2 - Tecmur 2 S.L.\" \/>\n<meta property=\"og:description\" content=\"Esta cinta se ha dise\u00f1ado para el transporte de cualquier tipo de alimento dentro de unas dimensiones medias y para eliminar restos de hojas y suciedad. Nuestra cinta de previa-tr\u00eda est\u00e1 formada por un conjunto de tubos a medida, que giran sobre s\u00ed mismos mediante rozamiento con un cord\u00f3n de silicona, a la vez que [&hellip;]\" \/>\n<meta property=\"og:url\" content=\"https:\/\/tecmur2.es\/producto\/cinta-previatria\/\" \/>\n<meta property=\"og:site_name\" content=\"Tecmur 2 S.L.\" \/>\n<meta property=\"article:modified_time\" content=\"2022-10-24T17:04:17+00:00\" \/>\n<meta property=\"og:image\" content=\"https:\/\/tecmur2.es\/wp-content\/uploads\/2020\/11\/cinta-previatria.jpg\" \/>\n\t<meta property=\"og:image:width\" content=\"274\" \/>\n\t<meta property=\"og:image:height\" content=\"240\" \/>\n\t<meta property=\"og:image:type\" content=\"image\/jpeg\" \/>\n<meta name=\"twitter:card\" content=\"summary_large_image\" \/>\n<meta name=\"twitter:label1\" content=\"Tiempo de lectura\" \/>\n\t<meta name=\"twitter:data1\" content=\"1 minuto\" \/>\n<script type=\"application\/ld+json\" class=\"yoast-schema-graph\">{\"@context\":\"https:\/\/schema.org\",\"@graph\":[{\"@type\":\"WebPage\",\"@id\":\"https:\/\/tecmur2.es\/producto\/cinta-previatria\/\",\"url\":\"https:\/\/tecmur2.es\/producto\/cinta-previatria\/\",\"name\":\"CINTA PREVIATRIA T2 - Tecmur 2 S.L.\",\"isPartOf\":{\"@id\":\"https:\/\/tecmur2.es\/#website\"},\"datePublished\":\"2020-11-11T13:19:40+00:00\",\"dateModified\":\"2022-10-24T17:04:17+00:00\",\"breadcrumb\":{\"@id\":\"https:\/\/tecmur2.es\/producto\/cinta-previatria\/#breadcrumb\"},\"inLanguage\":\"es\",\"potentialAction\":[{\"@type\":\"ReadAction\",\"target\":[\"https:\/\/tecmur2.es\/producto\/cinta-previatria\/\"]}]},{\"@type\":\"BreadcrumbList\",\"@id\":\"https:\/\/tecmur2.es\/producto\/cinta-previatria\/#breadcrumb\",\"itemListElement\":[{\"@type\":\"ListItem\",\"position\":1,\"name\":\"Portada\",\"item\":\"https:\/\/tecmur2.es\/\"},{\"@type\":\"ListItem\",\"position\":2,\"name\":\"Tienda\",\"item\":\"https:\/\/tecmur2.es\/?page_id=6\"},{\"@type\":\"ListItem\",\"position\":3,\"name\":\"CINTA PREVIATRIA T2\"}]},{\"@type\":\"WebSite\",\"@id\":\"https:\/\/tecmur2.es\/#website\",\"url\":\"https:\/\/tecmur2.es\/\",\"name\":\"Tecmur 2 S.L.\",\"description\":\"Maquinaria para la alimentaci\u00f3n\",\"publisher\":{\"@id\":\"https:\/\/tecmur2.es\/#organization\"},\"potentialAction\":[{\"@type\":\"SearchAction\",\"target\":{\"@type\":\"EntryPoint\",\"urlTemplate\":\"https:\/\/tecmur2.es\/?s={search_term_string}\"},\"query-input\":\"required name=search_term_string\"}],\"inLanguage\":\"es\"},{\"@type\":\"Organization\",\"@id\":\"https:\/\/tecmur2.es\/#organization\",\"name\":\"Tecmur 2 S.L.\",\"url\":\"https:\/\/tecmur2.es\/\",\"logo\":{\"@type\":\"ImageObject\",\"inLanguage\":\"es\",\"@id\":\"https:\/\/tecmur2.es\/#\/schema\/logo\/image\/\",\"url\":\"https:\/\/tecmur2.es\/wp-content\/uploads\/2022\/10\/logo_tecmur2_verde.jpg\",\"contentUrl\":\"https:\/\/tecmur2.es\/wp-content\/uploads\/2022\/10\/logo_tecmur2_verde.jpg\",\"width\":2283,\"height\":539,\"caption\":\"Tecmur 2 S.L.\"},\"image\":{\"@id\":\"https:\/\/tecmur2.es\/#\/schema\/logo\/image\/\"}}]}<\/script>\n<!-- \/ Yoast SEO plugin. -->","yoast_head_json":{"title":"CINTA PREVIATRIA T2 - Tecmur 2 S.L.","robots":{"index":"index","follow":"follow","max-snippet":"max-snippet:-1","max-image-preview":"max-image-preview:large","max-video-preview":"max-video-preview:-1"},"canonical":"https:\/\/tecmur2.es\/producto\/cinta-previatria\/","og_locale":"es_ES","og_type":"article","og_title":"CINTA PREVIATRIA T2 - Tecmur 2 S.L.","og_description":"Esta cinta se ha dise\u00f1ado para el transporte de cualquier tipo de alimento dentro de unas dimensiones medias y para eliminar restos de hojas y suciedad. Nuestra cinta de previa-tr\u00eda est\u00e1 formada por un conjunto de tubos a medida, que giran sobre s\u00ed mismos mediante rozamiento con un cord\u00f3n de silicona, a la vez que [&hellip;]","og_url":"https:\/\/tecmur2.es\/producto\/cinta-previatria\/","og_site_name":"Tecmur 2 S.L.","article_modified_time":"2022-10-24T17:04:17+00:00","og_image":[{"width":274,"height":240,"url":"https:\/\/tecmur2.es\/wp-content\/uploads\/2020\/11\/cinta-previatria.jpg","type":"image\/jpeg"}],"twitter_card":"summary_large_image","twitter_misc":{"Tiempo de lectura":"1 minuto"},"schema":{"@context":"https:\/\/schema.org","@graph":[{"@type":"WebPage","@id":"https:\/\/tecmur2.es\/producto\/cinta-previatria\/","url":"https:\/\/tecmur2.es\/producto\/cinta-previatria\/","name":"CINTA PREVIATRIA T2 - Tecmur 2 S.L.","isPartOf":{"@id":"https:\/\/tecmur2.es\/#website"},"datePublished":"2020-11-11T13:19:40+00:00","dateModified":"2022-10-24T17:04:17+00:00","breadcrumb":{"@id":"https:\/\/tecmur2.es\/producto\/cinta-previatria\/#breadcrumb"},"inLanguage":"es","potentialAction":[{"@type":"ReadAction","target":["https:\/\/tecmur2.es\/producto\/cinta-previatria\/"]}]},{"@type":"BreadcrumbList","@id":"https:\/\/tecmur2.es\/producto\/cinta-previatria\/#breadcrumb","itemListElement":[{"@type":"ListItem","position":1,"name":"Portada","item":"https:\/\/tecmur2.es\/"},{"@type":"ListItem","position":2,"name":"Tienda","item":"https:\/\/tecmur2.es\/?page_id=6"},{"@type":"ListItem","position":3,"name":"CINTA PREVIATRIA T2"}]},{"@type":"WebSite","@id":"https:\/\/tecmur2.es\/#website","url":"https:\/\/tecmur2.es\/","name":"Tecmur 2 S.L.","description":"Maquinaria para la alimentaci\u00f3n","publisher":{"@id":"https:\/\/tecmur2.es\/#organization"},"potentialAction":[{"@type":"SearchAction","target":{"@type":"EntryPoint","urlTemplate":"https:\/\/tecmur2.es\/?s={search_term_string}"},"query-input":"required name=search_term_string"}],"inLanguage":"es"},{"@type":"Organization","@id":"https:\/\/tecmur2.es\/#organization","name":"Tecmur 2 S.L.","url":"https:\/\/tecmur2.es\/","logo":{"@type":"ImageObject","inLanguage":"es","@id":"https:\/\/tecmur2.es\/#\/schema\/logo\/image\/","url":"https:\/\/tecmur2.es\/wp-content\/uploads\/2022\/10\/logo_tecmur2_verde.jpg","contentUrl":"https:\/\/tecmur2.es\/wp-content\/uploads\/2022\/10\/logo_tecmur2_verde.jpg","width":2283,"height":539,"caption":"Tecmur 2 S.L."},"image":{"@id":"https:\/\/tecmur2.es\/#\/schema\/logo\/image\/"}}]}},"_links":{"self":[{"href":"https:\/\/tecmur2.es\/index.php?rest_route=\/wp\/v2\/product\/151"}],"collection":[{"href":"https:\/\/tecmur2.es\/index.php?rest_route=\/wp\/v2\/product"}],"about":[{"href":"https:\/\/tecmur2.es\/index.php?rest_route=\/wp\/v2\/types\/product"}],"replies":[{"embeddable":true,"href":"https:\/\/tecmur2.es\/index.php?rest_route=%2Fwp%2Fv2%2Fcomments&post=151"}],"wp:featuredmedia":[{"embeddable":true,"href":"https:\/\/tecmur2.es\/index.php?rest_route=\/wp\/v2\/media\/152"}],"wp:attachment":[{"href":"https:\/\/tecmur2.es\/index.php?rest_route=%2Fwp%2Fv2%2Fmedia&parent=151"}],"wp:term":[{"taxonomy":"product_cat","embeddable":true,"href":"https:\/\/tecmur2.es\/index.php?rest_route=%2Fwp%2Fv2%2Fproduct_cat&post=151"},{"taxonomy":"product_tag","embeddable":true,"href":"https:\/\/tecmur2.es\/index.php?rest_route=%2Fwp%2Fv2%2Fproduct_tag&post=151"}],"curies":[{"name":"wp","href":"https:\/\/api.w.org\/{rel}","templated":true}]}}