{"id":149,"date":"2020-11-11T13:19:02","date_gmt":"2020-11-11T13:19:02","guid":{"rendered":"https:\/\/tecmur2.es\/?post_type=product&#038;p=149"},"modified":"2020-12-14T18:38:10","modified_gmt":"2020-12-14T18:38:10","slug":"cinta-inspeccion","status":"publish","type":"product","link":"https:\/\/tecmur2.es\/?product=cinta-inspeccion","title":{"rendered":"CINTA INSPECCI\u00d3N"},"content":{"rendered":"<p>La cinta de transporte ha sido dise\u00f1ada para transportar cualquier tipo de alimento o pro-ducto. Se trata de un sistema de transporte continuo formado b\u00e1sicamente por una banda que se mueve.<br \/>\nLa banda o tapiz puede ser de distintos materiales, banda modular, lona, etc. La banda es soportada entre dos tambores por gu\u00edas de acero forradas en polietileno para favorecer el deslizado.<br \/>\nLa m\u00e1quina puede estar provista de inclinaci\u00f3n para facilitar la recogida del producto. Para favorecer el avance de la cinta, se pueden incluir unas aletas a modo de palas que eviten que el producto resbale o deslice hacia abajo.<\/p>\n","protected":false},"excerpt":{"rendered":"<p>La cinta de transporte ha sido dise\u00f1ada para transportar cualquier tipo de alimento o pro-ducto. Se trata de un sistema de transporte continuo formado b\u00e1sicamente por una banda que se mueve. La banda o tapiz puede ser de distintos materiales, banda modular, lona, etc. La banda es soportada entre dos tambores por gu\u00edas de acero [&hellip;]<\/p>\n","protected":false},"featured_media":150,"comment_status":"open","ping_status":"closed","template":"","meta":[],"product_cat":[16,47],"product_tag":[],"yoast_head":"<!-- This site is optimized with the Yoast SEO plugin v20.12 - https:\/\/yoast.com\/wordpress\/plugins\/seo\/ -->\n<title>CINTA INSPECCI\u00d3N - Tecmur 2 S.L.<\/title>\n<meta name=\"robots\" content=\"index, follow, max-snippet:-1, max-image-preview:large, max-video-preview:-1\" \/>\n<link rel=\"canonical\" href=\"https:\/\/tecmur2.es\/producto\/cinta-inspeccion\/\" \/>\n<meta property=\"og:locale\" content=\"es_ES\" \/>\n<meta property=\"og:type\" content=\"article\" \/>\n<meta property=\"og:title\" content=\"CINTA INSPECCI\u00d3N - Tecmur 2 S.L.\" \/>\n<meta property=\"og:description\" content=\"La cinta de transporte ha sido dise\u00f1ada para transportar cualquier tipo de alimento o pro-ducto. Se trata de un sistema de transporte continuo formado b\u00e1sicamente por una banda que se mueve. La banda o tapiz puede ser de distintos materiales, banda modular, lona, etc. La banda es soportada entre dos tambores por gu\u00edas de acero [&hellip;]\" \/>\n<meta property=\"og:url\" content=\"https:\/\/tecmur2.es\/producto\/cinta-inspeccion\/\" \/>\n<meta property=\"og:site_name\" content=\"Tecmur 2 S.L.\" \/>\n<meta property=\"article:modified_time\" content=\"2020-12-14T18:38:10+00:00\" \/>\n<meta property=\"og:image\" content=\"https:\/\/tecmur2.es\/wp-content\/uploads\/2020\/11\/cinta-inspeccion.jpg\" \/>\n\t<meta property=\"og:image:width\" content=\"286\" \/>\n\t<meta property=\"og:image:height\" content=\"221\" \/>\n\t<meta property=\"og:image:type\" content=\"image\/jpeg\" \/>\n<meta name=\"twitter:card\" content=\"summary_large_image\" \/>\n<meta name=\"twitter:label1\" content=\"Tiempo de lectura\" \/>\n\t<meta name=\"twitter:data1\" content=\"1 minuto\" \/>\n<script type=\"application\/ld+json\" class=\"yoast-schema-graph\">{\"@context\":\"https:\/\/schema.org\",\"@graph\":[{\"@type\":\"WebPage\",\"@id\":\"https:\/\/tecmur2.es\/producto\/cinta-inspeccion\/\",\"url\":\"https:\/\/tecmur2.es\/producto\/cinta-inspeccion\/\",\"name\":\"CINTA INSPECCI\u00d3N - Tecmur 2 S.L.\",\"isPartOf\":{\"@id\":\"https:\/\/tecmur2.es\/#website\"},\"datePublished\":\"2020-11-11T13:19:02+00:00\",\"dateModified\":\"2020-12-14T18:38:10+00:00\",\"breadcrumb\":{\"@id\":\"https:\/\/tecmur2.es\/producto\/cinta-inspeccion\/#breadcrumb\"},\"inLanguage\":\"es\",\"potentialAction\":[{\"@type\":\"ReadAction\",\"target\":[\"https:\/\/tecmur2.es\/producto\/cinta-inspeccion\/\"]}]},{\"@type\":\"BreadcrumbList\",\"@id\":\"https:\/\/tecmur2.es\/producto\/cinta-inspeccion\/#breadcrumb\",\"itemListElement\":[{\"@type\":\"ListItem\",\"position\":1,\"name\":\"Portada\",\"item\":\"https:\/\/tecmur2.es\/\"},{\"@type\":\"ListItem\",\"position\":2,\"name\":\"Tienda\",\"item\":\"https:\/\/tecmur2.es\/?page_id=6\"},{\"@type\":\"ListItem\",\"position\":3,\"name\":\"CINTA INSPECCI\u00d3N\"}]},{\"@type\":\"WebSite\",\"@id\":\"https:\/\/tecmur2.es\/#website\",\"url\":\"https:\/\/tecmur2.es\/\",\"name\":\"Tecmur 2 S.L.\",\"description\":\"Maquinaria para la alimentaci\u00f3n\",\"publisher\":{\"@id\":\"https:\/\/tecmur2.es\/#organization\"},\"potentialAction\":[{\"@type\":\"SearchAction\",\"target\":{\"@type\":\"EntryPoint\",\"urlTemplate\":\"https:\/\/tecmur2.es\/?s={search_term_string}\"},\"query-input\":\"required name=search_term_string\"}],\"inLanguage\":\"es\"},{\"@type\":\"Organization\",\"@id\":\"https:\/\/tecmur2.es\/#organization\",\"name\":\"Tecmur 2 S.L.\",\"url\":\"https:\/\/tecmur2.es\/\",\"logo\":{\"@type\":\"ImageObject\",\"inLanguage\":\"es\",\"@id\":\"https:\/\/tecmur2.es\/#\/schema\/logo\/image\/\",\"url\":\"https:\/\/tecmur2.es\/wp-content\/uploads\/2022\/10\/logo_tecmur2_verde.jpg\",\"contentUrl\":\"https:\/\/tecmur2.es\/wp-content\/uploads\/2022\/10\/logo_tecmur2_verde.jpg\",\"width\":2283,\"height\":539,\"caption\":\"Tecmur 2 S.L.\"},\"image\":{\"@id\":\"https:\/\/tecmur2.es\/#\/schema\/logo\/image\/\"}}]}<\/script>\n<!-- \/ Yoast SEO plugin. -->","yoast_head_json":{"title":"CINTA INSPECCI\u00d3N - Tecmur 2 S.L.","robots":{"index":"index","follow":"follow","max-snippet":"max-snippet:-1","max-image-preview":"max-image-preview:large","max-video-preview":"max-video-preview:-1"},"canonical":"https:\/\/tecmur2.es\/producto\/cinta-inspeccion\/","og_locale":"es_ES","og_type":"article","og_title":"CINTA INSPECCI\u00d3N - Tecmur 2 S.L.","og_description":"La cinta de transporte ha sido dise\u00f1ada para transportar cualquier tipo de alimento o pro-ducto. Se trata de un sistema de transporte continuo formado b\u00e1sicamente por una banda que se mueve. La banda o tapiz puede ser de distintos materiales, banda modular, lona, etc. La banda es soportada entre dos tambores por gu\u00edas de acero [&hellip;]","og_url":"https:\/\/tecmur2.es\/producto\/cinta-inspeccion\/","og_site_name":"Tecmur 2 S.L.","article_modified_time":"2020-12-14T18:38:10+00:00","og_image":[{"width":286,"height":221,"url":"https:\/\/tecmur2.es\/wp-content\/uploads\/2020\/11\/cinta-inspeccion.jpg","type":"image\/jpeg"}],"twitter_card":"summary_large_image","twitter_misc":{"Tiempo de lectura":"1 minuto"},"schema":{"@context":"https:\/\/schema.org","@graph":[{"@type":"WebPage","@id":"https:\/\/tecmur2.es\/producto\/cinta-inspeccion\/","url":"https:\/\/tecmur2.es\/producto\/cinta-inspeccion\/","name":"CINTA INSPECCI\u00d3N - Tecmur 2 S.L.","isPartOf":{"@id":"https:\/\/tecmur2.es\/#website"},"datePublished":"2020-11-11T13:19:02+00:00","dateModified":"2020-12-14T18:38:10+00:00","breadcrumb":{"@id":"https:\/\/tecmur2.es\/producto\/cinta-inspeccion\/#breadcrumb"},"inLanguage":"es","potentialAction":[{"@type":"ReadAction","target":["https:\/\/tecmur2.es\/producto\/cinta-inspeccion\/"]}]},{"@type":"BreadcrumbList","@id":"https:\/\/tecmur2.es\/producto\/cinta-inspeccion\/#breadcrumb","itemListElement":[{"@type":"ListItem","position":1,"name":"Portada","item":"https:\/\/tecmur2.es\/"},{"@type":"ListItem","position":2,"name":"Tienda","item":"https:\/\/tecmur2.es\/?page_id=6"},{"@type":"ListItem","position":3,"name":"CINTA INSPECCI\u00d3N"}]},{"@type":"WebSite","@id":"https:\/\/tecmur2.es\/#website","url":"https:\/\/tecmur2.es\/","name":"Tecmur 2 S.L.","description":"Maquinaria para la alimentaci\u00f3n","publisher":{"@id":"https:\/\/tecmur2.es\/#organization"},"potentialAction":[{"@type":"SearchAction","target":{"@type":"EntryPoint","urlTemplate":"https:\/\/tecmur2.es\/?s={search_term_string}"},"query-input":"required name=search_term_string"}],"inLanguage":"es"},{"@type":"Organization","@id":"https:\/\/tecmur2.es\/#organization","name":"Tecmur 2 S.L.","url":"https:\/\/tecmur2.es\/","logo":{"@type":"ImageObject","inLanguage":"es","@id":"https:\/\/tecmur2.es\/#\/schema\/logo\/image\/","url":"https:\/\/tecmur2.es\/wp-content\/uploads\/2022\/10\/logo_tecmur2_verde.jpg","contentUrl":"https:\/\/tecmur2.es\/wp-content\/uploads\/2022\/10\/logo_tecmur2_verde.jpg","width":2283,"height":539,"caption":"Tecmur 2 S.L."},"image":{"@id":"https:\/\/tecmur2.es\/#\/schema\/logo\/image\/"}}]}},"_links":{"self":[{"href":"https:\/\/tecmur2.es\/index.php?rest_route=\/wp\/v2\/product\/149"}],"collection":[{"href":"https:\/\/tecmur2.es\/index.php?rest_route=\/wp\/v2\/product"}],"about":[{"href":"https:\/\/tecmur2.es\/index.php?rest_route=\/wp\/v2\/types\/product"}],"replies":[{"embeddable":true,"href":"https:\/\/tecmur2.es\/index.php?rest_route=%2Fwp%2Fv2%2Fcomments&post=149"}],"wp:featuredmedia":[{"embeddable":true,"href":"https:\/\/tecmur2.es\/index.php?rest_route=\/wp\/v2\/media\/150"}],"wp:attachment":[{"href":"https:\/\/tecmur2.es\/index.php?rest_route=%2Fwp%2Fv2%2Fmedia&parent=149"}],"wp:term":[{"taxonomy":"product_cat","embeddable":true,"href":"https:\/\/tecmur2.es\/index.php?rest_route=%2Fwp%2Fv2%2Fproduct_cat&post=149"},{"taxonomy":"product_tag","embeddable":true,"href":"https:\/\/tecmur2.es\/index.php?rest_route=%2Fwp%2Fv2%2Fproduct_tag&post=149"}],"curies":[{"name":"wp","href":"https:\/\/api.w.org\/{rel}","templated":true}]}}