{"id":3,"date":"2020-10-03T13:30:14","date_gmt":"2020-10-03T13:30:14","guid":{"rendered":"https:\/\/tecmur2.es\/?page_id=3"},"modified":"2020-12-15T10:04:26","modified_gmt":"2020-12-15T10:04:26","slug":"politica-privacidad","status":"publish","type":"page","link":"https:\/\/tecmur2.es\/?page_id=3","title":{"rendered":"Pol\u00edtica de privacidad"},"content":{"rendered":"\n<div class=\"wp-block-group\"><div class=\"wp-block-group__inner-container is-layout-flow wp-block-group-is-layout-flow\">\n<h5 class=\"wp-block-heading\"><strong>Recogida, finalidad y tratamientos de datos<\/strong><\/h5>\n\n\n\n<p><strong>Tecmur2<\/strong>, S.L&nbsp;tiene el deber de informar a los usuarios de su sitio web acerca de la recogida de&nbsp;datos de car\u00e1cter personal que pueden llevarse a cabo, bien sea mediante el env\u00edo de correo&nbsp;electr\u00f3nico o al cumplimentar los formularios incluidos en el sitio web. En este sentido,&nbsp;<strong>Tecmur2<\/strong>&nbsp;ser\u00e1 considerada como responsable de los datos recabados mediante los medios&nbsp;anteriormente descritos.<br>A su vez&nbsp;<strong>Tecmur2<\/strong>&nbsp;informa a los usuarios de que la finalidad del tratamiento de los datos&nbsp;recabados contempla: La atenci\u00f3n de solicitudes realizadas por los usuarios, la inclusi\u00f3n en la agenda de contactos, la prestaci\u00f3n de servicios, la gesti\u00f3n de la relaci\u00f3n comercial y otras&nbsp;finalidades.<\/p>\n\n\n\n<p>Las operaciones, gestiones y procedimientos t\u00e9cnicos que se realicen de forma automatizada o no automatizada y que posibiliten la recogida, el almacenamiento, la modificaci\u00f3n, la&nbsp;transferencia y otras acciones sobre datos de car\u00e1cter personal, tienen la consideraci\u00f3n de&nbsp;tratamiento de datos personales.&nbsp;Todos los datos personales, que sean recogidos a trav\u00e9s del sitio web de&nbsp;<strong>Tecmur2<\/strong>, y por&nbsp;tanto tenga la consideraci\u00f3n de tratamiento de datos de car\u00e1cter personal, ser\u00e1n incorporados en los ficheros declarados ante la Agencia Espa\u00f1ola de Protecci\u00f3n de Datos por&nbsp;<strong>Tecmur2<\/strong>.<\/p>\n\n\n\n<h5 class=\"wp-block-heading\"><strong>Pol\u00edtica de privacidad<\/strong><\/h5>\n\n\n\n<p><strong>Tecmur2<\/strong>&nbsp;informa a los usuarios del sitio web sobre su pol\u00edtica respecto del tratamiento y protecci\u00f3n de los datos de car\u00e1cter personal de los usuarios y clientes que puedan ser recabados por la navegaci\u00f3n o contrataci\u00f3n de servicios a trav\u00e9s de su sitio web.<\/p>\n\n\n\n<p>En este sentido,&nbsp;<strong>Tecmur2<\/strong>&nbsp;garantiza el cumplimiento de la normativa vigente en materia de&nbsp;protecci\u00f3n de datos personales, reflejada en la Ley Org\u00e1nica 15\/1999 de 13 de diciembre, de&nbsp;Protecci\u00f3n de Datos de Car\u00e1cter Personal y en el Real Decreto 1720\/2007, de 21 diciembre, por el que se aprueba el Reglamento de Desarrollo de la LOPD.&nbsp;El uso de esta web implica la aceptaci\u00f3n de esta pol\u00edtica de privacidad.<\/p>\n\n\n\n<h5 class=\"wp-block-heading\"><strong>Comunicaci\u00f3n de informaci\u00f3n a terceros<\/strong><\/h5>\n\n\n\n<p><strong>Tecmur2<\/strong>&nbsp;informa a los usuarios de que sus datos personales no ser\u00e1n cedidos a terceras&nbsp;organizaciones, con la salvedad de que dicha cesi\u00f3n de datos este amparada en una obligaci\u00f3n legal o cuando la prestaci\u00f3n de un servicio implique la necesidad de una relaci\u00f3n contractual con un encargado de tratamiento. En este \u00faltimo caso, solo se llevar\u00e1 a cabo la cesi\u00f3n de datos al tercero cuando&nbsp;Tecmur2&nbsp;disponga del consentimiento expreso del usuario.<\/p>\n\n\n\n<h5 class=\"wp-block-heading\"><strong>Derechos de los usuarios<\/strong><\/h5>\n\n\n\n<p>La Ley Org\u00e1nica 15\/1999, de 13 de diciembre, de Protecci\u00f3n de Datos de Car\u00e1cter Personal&nbsp;concede a los interesados la posibilidad de ejercer una serie de derechos relacionados con el&nbsp;tratamiento de sus datos personales.<\/p>\n\n\n\n<p>En tanto en cuanto los datos del usuario son objeto de tratamiento por parte de&nbsp;<strong>Tecmur2<\/strong>. Los usuarios podr\u00e1n ejercer los derechos de acceso, rectificaci\u00f3n, cancelaci\u00f3n y oposici\u00f3n de&nbsp;acuerdo con lo previsto en la normativa legal vigente en materia de protecci\u00f3n de datos&nbsp;personales.<br>Para hacer uso del ejercicio de estos derechos, el usuario deber\u00e1 dirigirse mediante&nbsp;comunicaci\u00f3n escrita, aportando documentaci\u00f3n que acredite su identidad (DNI o pasaporte), a la siguiente direcci\u00f3n:&nbsp;Tecmur2,&nbsp;C\/La Estaci\u00f3n traves\u00eda 4.14, Aptdo. 108 \u2013 30564 Lorqu\u00ed, MURCIA o la direcci\u00f3n que sea sustituida en el Registro General de Protecci\u00f3n de Datos. Dicha comunicaci\u00f3n deber\u00e1 reflejar la siguiente informaci\u00f3n: Nombre y apellidos del usuario, la petici\u00f3n de solicitud, el domicilio y los datos acreditativos.<\/p>\n\n\n\n<p>El ejercicio de derechos deber\u00e1 ser realizado por el propio usuario. No obstante, podr\u00e1n ser&nbsp;ejecutados por una persona autorizada como representante legal del autorizado. En tal caso, se deber\u00e1 aportar la documentaci\u00f3n que acredite esta representaci\u00f3n del interesado.<\/p>\n<\/div><\/div>\n","protected":false},"excerpt":{"rendered":"<p>Recogida, finalidad y tratamientos de datos Tecmur2, S.L&nbsp;tiene el deber de informar a los usuarios de su sitio web acerca de la recogida de&nbsp;datos de car\u00e1cter personal que pueden llevarse a cabo, bien sea mediante el env\u00edo de correo&nbsp;electr\u00f3nico o al cumplimentar los formularios incluidos en el sitio web. En este sentido,&nbsp;Tecmur2&nbsp;ser\u00e1 considerada como responsable [&hellip;]<\/p>\n","protected":false},"author":2,"featured_media":0,"parent":0,"menu_order":0,"comment_status":"closed","ping_status":"closed","template":"noindex_tpl.php","meta":{"footnotes":""},"yoast_head":"<!-- This site is optimized with the Yoast SEO plugin v20.12 - https:\/\/yoast.com\/wordpress\/plugins\/seo\/ -->\n<title>Pol\u00edtica de privacidad - Tecmur 2 S.L.<\/title>\n<meta name=\"robots\" content=\"index, follow, max-snippet:-1, max-image-preview:large, max-video-preview:-1\" \/>\n<link rel=\"canonical\" href=\"https:\/\/tecmur2.es\/?page_id=3\" \/>\n<meta property=\"og:locale\" content=\"es_ES\" \/>\n<meta property=\"og:type\" content=\"article\" \/>\n<meta property=\"og:title\" content=\"Pol\u00edtica de privacidad - Tecmur 2 S.L.\" \/>\n<meta property=\"og:description\" content=\"Recogida, finalidad y tratamientos de datos Tecmur2, S.L&nbsp;tiene el deber de informar a los usuarios de su sitio web acerca de la recogida de&nbsp;datos de car\u00e1cter personal que pueden llevarse a cabo, bien sea mediante el env\u00edo de correo&nbsp;electr\u00f3nico o al cumplimentar los formularios incluidos en el sitio web. En este sentido,&nbsp;Tecmur2&nbsp;ser\u00e1 considerada como responsable [&hellip;]\" \/>\n<meta property=\"og:url\" content=\"https:\/\/tecmur2.es\/?page_id=3\" \/>\n<meta property=\"og:site_name\" content=\"Tecmur 2 S.L.\" \/>\n<meta property=\"article:modified_time\" content=\"2020-12-15T10:04:26+00:00\" \/>\n<meta name=\"twitter:card\" content=\"summary_large_image\" \/>\n<meta name=\"twitter:label1\" content=\"Tiempo de lectura\" \/>\n\t<meta name=\"twitter:data1\" content=\"3 minutos\" \/>\n<script type=\"application\/ld+json\" class=\"yoast-schema-graph\">{\"@context\":\"https:\/\/schema.org\",\"@graph\":[{\"@type\":\"WebPage\",\"@id\":\"https:\/\/tecmur2.es\/?page_id=3\",\"url\":\"https:\/\/tecmur2.es\/?page_id=3\",\"name\":\"Pol\u00edtica de privacidad - Tecmur 2 S.L.\",\"isPartOf\":{\"@id\":\"https:\/\/tecmur2.es\/#website\"},\"datePublished\":\"2020-10-03T13:30:14+00:00\",\"dateModified\":\"2020-12-15T10:04:26+00:00\",\"breadcrumb\":{\"@id\":\"https:\/\/tecmur2.es\/?page_id=3#breadcrumb\"},\"inLanguage\":\"es\",\"potentialAction\":[{\"@type\":\"ReadAction\",\"target\":[\"https:\/\/tecmur2.es\/?page_id=3\"]}]},{\"@type\":\"BreadcrumbList\",\"@id\":\"https:\/\/tecmur2.es\/?page_id=3#breadcrumb\",\"itemListElement\":[{\"@type\":\"ListItem\",\"position\":1,\"name\":\"Portada\",\"item\":\"https:\/\/tecmur2.es\/\"},{\"@type\":\"ListItem\",\"position\":2,\"name\":\"Pol\u00edtica de privacidad\"}]},{\"@type\":\"WebSite\",\"@id\":\"https:\/\/tecmur2.es\/#website\",\"url\":\"https:\/\/tecmur2.es\/\",\"name\":\"Tecmur 2 S.L.\",\"description\":\"Maquinaria para la alimentaci\u00f3n\",\"publisher\":{\"@id\":\"https:\/\/tecmur2.es\/#organization\"},\"potentialAction\":[{\"@type\":\"SearchAction\",\"target\":{\"@type\":\"EntryPoint\",\"urlTemplate\":\"https:\/\/tecmur2.es\/?s={search_term_string}\"},\"query-input\":\"required name=search_term_string\"}],\"inLanguage\":\"es\"},{\"@type\":\"Organization\",\"@id\":\"https:\/\/tecmur2.es\/#organization\",\"name\":\"Tecmur 2 S.L.\",\"url\":\"https:\/\/tecmur2.es\/\",\"logo\":{\"@type\":\"ImageObject\",\"inLanguage\":\"es\",\"@id\":\"https:\/\/tecmur2.es\/#\/schema\/logo\/image\/\",\"url\":\"https:\/\/tecmur2.es\/wp-content\/uploads\/2022\/10\/logo_tecmur2_verde.jpg\",\"contentUrl\":\"https:\/\/tecmur2.es\/wp-content\/uploads\/2022\/10\/logo_tecmur2_verde.jpg\",\"width\":2283,\"height\":539,\"caption\":\"Tecmur 2 S.L.\"},\"image\":{\"@id\":\"https:\/\/tecmur2.es\/#\/schema\/logo\/image\/\"}}]}<\/script>\n<!-- \/ Yoast SEO plugin. -->","yoast_head_json":{"title":"Pol\u00edtica de privacidad - Tecmur 2 S.L.","robots":{"index":"index","follow":"follow","max-snippet":"max-snippet:-1","max-image-preview":"max-image-preview:large","max-video-preview":"max-video-preview:-1"},"canonical":"https:\/\/tecmur2.es\/?page_id=3","og_locale":"es_ES","og_type":"article","og_title":"Pol\u00edtica de privacidad - Tecmur 2 S.L.","og_description":"Recogida, finalidad y tratamientos de datos Tecmur2, S.L&nbsp;tiene el deber de informar a los usuarios de su sitio web acerca de la recogida de&nbsp;datos de car\u00e1cter personal que pueden llevarse a cabo, bien sea mediante el env\u00edo de correo&nbsp;electr\u00f3nico o al cumplimentar los formularios incluidos en el sitio web. En este sentido,&nbsp;Tecmur2&nbsp;ser\u00e1 considerada como responsable [&hellip;]","og_url":"https:\/\/tecmur2.es\/?page_id=3","og_site_name":"Tecmur 2 S.L.","article_modified_time":"2020-12-15T10:04:26+00:00","twitter_card":"summary_large_image","twitter_misc":{"Tiempo de lectura":"3 minutos"},"schema":{"@context":"https:\/\/schema.org","@graph":[{"@type":"WebPage","@id":"https:\/\/tecmur2.es\/?page_id=3","url":"https:\/\/tecmur2.es\/?page_id=3","name":"Pol\u00edtica de privacidad - Tecmur 2 S.L.","isPartOf":{"@id":"https:\/\/tecmur2.es\/#website"},"datePublished":"2020-10-03T13:30:14+00:00","dateModified":"2020-12-15T10:04:26+00:00","breadcrumb":{"@id":"https:\/\/tecmur2.es\/?page_id=3#breadcrumb"},"inLanguage":"es","potentialAction":[{"@type":"ReadAction","target":["https:\/\/tecmur2.es\/?page_id=3"]}]},{"@type":"BreadcrumbList","@id":"https:\/\/tecmur2.es\/?page_id=3#breadcrumb","itemListElement":[{"@type":"ListItem","position":1,"name":"Portada","item":"https:\/\/tecmur2.es\/"},{"@type":"ListItem","position":2,"name":"Pol\u00edtica de privacidad"}]},{"@type":"WebSite","@id":"https:\/\/tecmur2.es\/#website","url":"https:\/\/tecmur2.es\/","name":"Tecmur 2 S.L.","description":"Maquinaria para la alimentaci\u00f3n","publisher":{"@id":"https:\/\/tecmur2.es\/#organization"},"potentialAction":[{"@type":"SearchAction","target":{"@type":"EntryPoint","urlTemplate":"https:\/\/tecmur2.es\/?s={search_term_string}"},"query-input":"required name=search_term_string"}],"inLanguage":"es"},{"@type":"Organization","@id":"https:\/\/tecmur2.es\/#organization","name":"Tecmur 2 S.L.","url":"https:\/\/tecmur2.es\/","logo":{"@type":"ImageObject","inLanguage":"es","@id":"https:\/\/tecmur2.es\/#\/schema\/logo\/image\/","url":"https:\/\/tecmur2.es\/wp-content\/uploads\/2022\/10\/logo_tecmur2_verde.jpg","contentUrl":"https:\/\/tecmur2.es\/wp-content\/uploads\/2022\/10\/logo_tecmur2_verde.jpg","width":2283,"height":539,"caption":"Tecmur 2 S.L."},"image":{"@id":"https:\/\/tecmur2.es\/#\/schema\/logo\/image\/"}}]}},"_links":{"self":[{"href":"https:\/\/tecmur2.es\/index.php?rest_route=\/wp\/v2\/pages\/3"}],"collection":[{"href":"https:\/\/tecmur2.es\/index.php?rest_route=\/wp\/v2\/pages"}],"about":[{"href":"https:\/\/tecmur2.es\/index.php?rest_route=\/wp\/v2\/types\/page"}],"author":[{"embeddable":true,"href":"https:\/\/tecmur2.es\/index.php?rest_route=\/wp\/v2\/users\/2"}],"replies":[{"embeddable":true,"href":"https:\/\/tecmur2.es\/index.php?rest_route=%2Fwp%2Fv2%2Fcomments&post=3"}],"version-history":[{"count":4,"href":"https:\/\/tecmur2.es\/index.php?rest_route=\/wp\/v2\/pages\/3\/revisions"}],"predecessor-version":[{"id":575,"href":"https:\/\/tecmur2.es\/index.php?rest_route=\/wp\/v2\/pages\/3\/revisions\/575"}],"wp:attachment":[{"href":"https:\/\/tecmur2.es\/index.php?rest_route=%2Fwp%2Fv2%2Fmedia&parent=3"}],"curies":[{"name":"wp","href":"https:\/\/api.w.org\/{rel}","templated":true}]}}