{"id":26,"date":"2020-10-03T13:59:30","date_gmt":"2020-10-03T13:59:30","guid":{"rendered":"https:\/\/tecmur2.es\/?page_id=26"},"modified":"2020-12-04T12:51:30","modified_gmt":"2020-12-04T12:51:30","slug":"contacto","status":"publish","type":"page","link":"https:\/\/tecmur2.es\/?page_id=26","title":{"rendered":"Contacto"},"content":{"rendered":"\n<div class=\"wp-block-group box_form_contacto_info\"><div class=\"wp-block-group__inner-container is-layout-flow wp-block-group-is-layout-flow\">\n<div class=\"wp-block-columns is-layout-flex wp-container-core-columns-layout-1 wp-block-columns-is-layout-flex\">\n<div class=\"wp-block-column is-layout-flow wp-block-column-is-layout-flow\" style=\"flex-basis:66.66%\">\n<h2 class=\"wp-block-heading\"><strong>Formulario de Contacto<\/strong><\/h2>\n\n\n\n<p>Si quieres obtener m\u00e1s informaci\u00f3n sobre nuestros productos o servicios, sugerirnos alguna idea, propuesta o cualquier otro comentario, no dudes en dejarnos un mensaje y nos pondremos en contacto contigo a la mayor brevedad posible.<\/p>\n\n\n\n<div class=\"wp-block-contact-form-7-contact-form-selector\">\n<div class=\"wpcf7 no-js\" id=\"wpcf7-f195-o1\" lang=\"es-ES\" dir=\"ltr\">\n<div class=\"screen-reader-response\"><p role=\"status\" aria-live=\"polite\" aria-atomic=\"true\"><\/p> <ul><\/ul><\/div>\n<form action=\"\/index.php?rest_route=%2Fwp%2Fv2%2Fpages%2F26#wpcf7-f195-o1\" method=\"post\" class=\"wpcf7-form init\" aria-label=\"Formulario de contacto\" novalidate=\"novalidate\" data-status=\"init\">\n<div style=\"display: none;\">\n<input type=\"hidden\" name=\"_wpcf7\" value=\"195\" \/>\n<input type=\"hidden\" name=\"_wpcf7_version\" value=\"5.7.7\" \/>\n<input type=\"hidden\" name=\"_wpcf7_locale\" value=\"es_ES\" \/>\n<input type=\"hidden\" name=\"_wpcf7_unit_tag\" value=\"wpcf7-f195-o1\" \/>\n<input type=\"hidden\" name=\"_wpcf7_container_post\" value=\"0\" \/>\n<input type=\"hidden\" name=\"_wpcf7_posted_data_hash\" value=\"\" \/>\n<input type=\"hidden\" name=\"_wpcf7_recaptcha_response\" value=\"\" \/>\n<\/div>\n<div>\n\t<p><span>Preferentemente por <\/span><span><span class=\"wpcf7-form-control-wrap\" data-name=\"radio-129\"><span class=\"wpcf7-form-control wpcf7-radio\"><span class=\"wpcf7-list-item first last\"><input type=\"radio\" name=\"radio-129\" value=\"Por la ma\u00f1ana\" \/><span class=\"wpcf7-list-item-label\">Por la ma\u00f1ana<\/span><\/span><\/span><\/span><\/span><span><span class=\"wpcf7-form-control-wrap\" data-name=\"radio-129\"><span class=\"wpcf7-form-control wpcf7-radio\"><span class=\"wpcf7-list-item first last\"><input type=\"radio\" name=\"radio-129\" value=\"Por la tarde\" \/><span class=\"wpcf7-list-item-label\">Por la tarde<\/span><\/span><\/span><\/span><\/span><span><span class=\"wpcf7-form-control-wrap\" data-name=\"radio-129\"><span class=\"wpcf7-form-control wpcf7-radio\"><span class=\"wpcf7-list-item first last\"><input type=\"radio\" name=\"radio-129\" value=\"Da igual\" checked=\"checked\" \/><span class=\"wpcf7-list-item-label\">Da igual<\/span><\/span><\/span><\/span><\/span>\n\t<\/p>\n<\/div>\n<p><label> \u00bfPor qui\u00e9n preguntamos? <span>*<\/span><br \/>\n<span class=\"wpcf7-form-control-wrap\" data-name=\"your-name\"><input size=\"40\" class=\"wpcf7-form-control wpcf7-text wpcf7-validates-as-required\" aria-required=\"true\" aria-invalid=\"false\" placeholder=\"introduce tu nombre\" value=\"\" type=\"text\" name=\"your-name\" \/><\/span> <\/label>\n<\/p>\n<p><label> Necesitamos tu correo electr\u00f3nico <span>*<\/span><br \/>\n<span class=\"wpcf7-form-control-wrap\" data-name=\"your-email\"><input size=\"40\" class=\"wpcf7-form-control wpcf7-text wpcf7-email wpcf7-validates-as-required wpcf7-validates-as-email\" aria-required=\"true\" aria-invalid=\"false\" placeholder=\"intruduce tu e-mail\" value=\"\" type=\"email\" name=\"your-email\" \/><\/span> <\/label>\n<\/p>\n<p><label> \u00bfA qu\u00e9 n\u00famero de tel\u00e9fono? <span>*<\/span><br \/>\n<span class=\"wpcf7-form-control-wrap\" data-name=\"your-phone\"><input size=\"40\" class=\"wpcf7-form-control wpcf7-text wpcf7-tel wpcf7-validates-as-required wpcf7-validates-as-tel\" aria-required=\"true\" aria-invalid=\"false\" placeholder=\"introduce tu tel\u00e9fono\" value=\"\" type=\"tel\" name=\"your-phone\" \/><\/span> <\/label>\n<\/p>\n<p><label class=\"spaceBottom0\"> \u00bfCual es el motivo principal de la llamada?<br \/>\n<span class=\"wpcf7-form-control-wrap\" data-name=\"message\"><textarea cols=\"40\" rows=\"10\" class=\"wpcf7-form-control wpcf7-textarea\" id=\"messageForm\" aria-invalid=\"false\" placeholder=\"introduce un breve resumen de tu mensaje\" name=\"message\"><\/textarea><\/span> <\/label>\n<\/p>\n<div class=\"wp-block-columns\">\n\t<div class=\"wp-block-column\">\n\t\t<div class=\"field-obl\">\n\t\t\t<p><span>*<\/span> Campos obligatorios\n\t\t\t<\/p>\n\t\t<\/div>\n\t<span class=\"wpcf7-form-control-wrap recaptcha\" data-name=\"recaptcha\"><span data-sitekey=\"6LfpsEkUAAAAAPGJ_WEbqbT-t96HLsZW1jsJJbgZ\" class=\"wpcf7-form-control g-recaptcha wpcf7-recaptcha\" id=\"captchaTec\"><\/span>\r\n<noscript>\r\n\t<div class=\"grecaptcha-noscript\">\r\n\t\t<iframe loading=\"lazy\" src=\"https:\/\/www.google.com\/recaptcha\/api\/fallback?k=6LfpsEkUAAAAAPGJ_WEbqbT-t96HLsZW1jsJJbgZ\" frameborder=\"0\" scrolling=\"no\" width=\"310\" height=\"430\">\r\n\t\t<\/iframe>\r\n\t\t<textarea name=\"g-recaptcha-response\" rows=\"3\" cols=\"40\" placeholder=\"Aqu\u00ed la respuesta de reCAPTCHA\">\r\n\t\t<\/textarea>\r\n\t<\/div>\r\n<\/noscript>\r\n<\/span>\n\t<\/div>\n\t<div class=\"wp-block-column nobg\">\n\t\t<p><span class=\"wpcf7-form-control-wrap\" data-name=\"radio-699\"><span class=\"wpcf7-form-control wpcf7-radio\"><span class=\"wpcf7-list-item first last\"><label><input type=\"radio\" name=\"radio-699\" value=\"\" \/><span class=\"wpcf7-list-item-label\"><\/span><\/label><\/span><\/span><\/span> Acepto la <a href=\"\">Politica de Privacidad<\/a>\n\t\t<\/p>\n\t\t<p><input class=\"wpcf7-form-control has-spinner wpcf7-submit\" type=\"submit\" value=\"Enviar\" \/>\n\t\t<\/p>\n\t<\/div>\n<\/div><div class=\"wpcf7-response-output\" aria-hidden=\"true\"><\/div>\n<\/form>\n<\/div>\n<\/div>\n<\/div>\n\n\n\n<div class=\"wp-block-column is-layout-flow wp-block-column-is-layout-flow\" style=\"flex-basis:33.33%\">\n<p><strong>O si quieres tambi\u00e9n puedes contactar con nosotros en \u2026<\/strong><\/p>\n\n\n\n<p class=\"textAddress\">C\/La Estaci\u00f3n travesia 4.14, Aptd. 108<br>CP: 30564, Lorqu\u00ed, Murcia Espa\u00f1a<\/p>\n\n\n\n<p class=\"iconoPhone\">(+34) 968 694 888<\/p>\n\n\n\n<p class=\"iconoEmail\">info@tecmur2.es<\/p>\n\n\n\n<p><strong>y aqu\u00ed nos tienes si prefieres visitarnos\u2026<\/strong><\/p>\n\n\n\n<div class=\"wp-block-image\"><figure class=\"aligncenter size-large\"><a href=\"https:\/\/www.google.com\/maps\/place\/TECMUR+2+S.L.\/@38.088825,-1.238703,15z\/data=!4m5!3m4!1s0x0:0xef2497e148e42ba1!8m2!3d38.088825!4d-1.238703?shorturl=1\" target=\"_blank\" rel=\"noopener noreferrer\"><img loading=\"lazy\" decoding=\"async\" width=\"119\" height=\"119\" src=\"https:\/\/tecmur2.es\/wp-content\/uploads\/2020\/11\/iconMapHome.png\" alt=\"\" class=\"wp-image-196\" srcset=\"https:\/\/tecmur2.es\/wp-content\/uploads\/2020\/11\/iconMapHome.png 119w, https:\/\/tecmur2.es\/wp-content\/uploads\/2020\/11\/iconMapHome-100x100.png 100w\" sizes=\"(max-width: 119px) 100vw, 119px\" \/><\/a><\/figure><\/div>\n<\/div>\n<\/div>\n<\/div><\/div>\n","protected":false},"excerpt":{"rendered":"<p>Formulario de Contacto Si quieres obtener m\u00e1s informaci\u00f3n sobre nuestros productos o servicios, sugerirnos alguna idea, propuesta o cualquier otro comentario, no dudes en dejarnos un mensaje y nos pondremos en contacto contigo a la mayor brevedad posible. O si quieres tambi\u00e9n puedes contactar con nosotros en \u2026 C\/La Estaci\u00f3n travesia 4.14, Aptd. 108CP: 30564, [&hellip;]<\/p>\n","protected":false},"author":2,"featured_media":0,"parent":0,"menu_order":0,"comment_status":"closed","ping_status":"closed","template":"","meta":{"footnotes":""},"yoast_head":"<!-- This site is optimized with the Yoast SEO plugin v20.12 - https:\/\/yoast.com\/wordpress\/plugins\/seo\/ -->\n<title>Contacto - Tecmur 2 S.L.<\/title>\n<meta name=\"robots\" content=\"index, follow, max-snippet:-1, max-image-preview:large, max-video-preview:-1\" \/>\n<link rel=\"canonical\" href=\"https:\/\/tecmur2.es\/?page_id=26\" \/>\n<meta property=\"og:locale\" content=\"es_ES\" \/>\n<meta property=\"og:type\" content=\"article\" \/>\n<meta property=\"og:title\" content=\"Contacto - Tecmur 2 S.L.\" \/>\n<meta property=\"og:description\" content=\"Formulario de Contacto Si quieres obtener m\u00e1s informaci\u00f3n sobre nuestros productos o servicios, sugerirnos alguna idea, propuesta o cualquier otro comentario, no dudes en dejarnos un mensaje y nos pondremos en contacto contigo a la mayor brevedad posible. O si quieres tambi\u00e9n puedes contactar con nosotros en \u2026 C\/La Estaci\u00f3n travesia 4.14, Aptd. 108CP: 30564, [&hellip;]\" \/>\n<meta property=\"og:url\" content=\"https:\/\/tecmur2.es\/?page_id=26\" \/>\n<meta property=\"og:site_name\" content=\"Tecmur 2 S.L.\" \/>\n<meta property=\"article:modified_time\" content=\"2020-12-04T12:51:30+00:00\" \/>\n<meta property=\"og:image\" content=\"https:\/\/tecmur2.es\/wp-content\/uploads\/2020\/11\/iconMapHome.png\" \/>\n<meta name=\"twitter:card\" content=\"summary_large_image\" \/>\n<script type=\"application\/ld+json\" class=\"yoast-schema-graph\">{\"@context\":\"https:\/\/schema.org\",\"@graph\":[{\"@type\":\"WebPage\",\"@id\":\"https:\/\/tecmur2.es\/?page_id=26\",\"url\":\"https:\/\/tecmur2.es\/?page_id=26\",\"name\":\"Contacto - Tecmur 2 S.L.\",\"isPartOf\":{\"@id\":\"https:\/\/tecmur2.es\/#website\"},\"datePublished\":\"2020-10-03T13:59:30+00:00\",\"dateModified\":\"2020-12-04T12:51:30+00:00\",\"breadcrumb\":{\"@id\":\"https:\/\/tecmur2.es\/?page_id=26#breadcrumb\"},\"inLanguage\":\"es\",\"potentialAction\":[{\"@type\":\"ReadAction\",\"target\":[\"https:\/\/tecmur2.es\/?page_id=26\"]}]},{\"@type\":\"BreadcrumbList\",\"@id\":\"https:\/\/tecmur2.es\/?page_id=26#breadcrumb\",\"itemListElement\":[{\"@type\":\"ListItem\",\"position\":1,\"name\":\"Portada\",\"item\":\"https:\/\/tecmur2.es\/\"},{\"@type\":\"ListItem\",\"position\":2,\"name\":\"Contacto\"}]},{\"@type\":\"WebSite\",\"@id\":\"https:\/\/tecmur2.es\/#website\",\"url\":\"https:\/\/tecmur2.es\/\",\"name\":\"Tecmur 2 S.L.\",\"description\":\"Maquinaria para la alimentaci\u00f3n\",\"publisher\":{\"@id\":\"https:\/\/tecmur2.es\/#organization\"},\"potentialAction\":[{\"@type\":\"SearchAction\",\"target\":{\"@type\":\"EntryPoint\",\"urlTemplate\":\"https:\/\/tecmur2.es\/?s={search_term_string}\"},\"query-input\":\"required name=search_term_string\"}],\"inLanguage\":\"es\"},{\"@type\":\"Organization\",\"@id\":\"https:\/\/tecmur2.es\/#organization\",\"name\":\"Tecmur 2 S.L.\",\"url\":\"https:\/\/tecmur2.es\/\",\"logo\":{\"@type\":\"ImageObject\",\"inLanguage\":\"es\",\"@id\":\"https:\/\/tecmur2.es\/#\/schema\/logo\/image\/\",\"url\":\"https:\/\/tecmur2.es\/wp-content\/uploads\/2022\/10\/logo_tecmur2_verde.jpg\",\"contentUrl\":\"https:\/\/tecmur2.es\/wp-content\/uploads\/2022\/10\/logo_tecmur2_verde.jpg\",\"width\":2283,\"height\":539,\"caption\":\"Tecmur 2 S.L.\"},\"image\":{\"@id\":\"https:\/\/tecmur2.es\/#\/schema\/logo\/image\/\"}}]}<\/script>\n<!-- \/ Yoast SEO plugin. -->","yoast_head_json":{"title":"Contacto - Tecmur 2 S.L.","robots":{"index":"index","follow":"follow","max-snippet":"max-snippet:-1","max-image-preview":"max-image-preview:large","max-video-preview":"max-video-preview:-1"},"canonical":"https:\/\/tecmur2.es\/?page_id=26","og_locale":"es_ES","og_type":"article","og_title":"Contacto - Tecmur 2 S.L.","og_description":"Formulario de Contacto Si quieres obtener m\u00e1s informaci\u00f3n sobre nuestros productos o servicios, sugerirnos alguna idea, propuesta o cualquier otro comentario, no dudes en dejarnos un mensaje y nos pondremos en contacto contigo a la mayor brevedad posible. O si quieres tambi\u00e9n puedes contactar con nosotros en \u2026 C\/La Estaci\u00f3n travesia 4.14, Aptd. 108CP: 30564, [&hellip;]","og_url":"https:\/\/tecmur2.es\/?page_id=26","og_site_name":"Tecmur 2 S.L.","article_modified_time":"2020-12-04T12:51:30+00:00","og_image":[{"url":"https:\/\/tecmur2.es\/wp-content\/uploads\/2020\/11\/iconMapHome.png"}],"twitter_card":"summary_large_image","schema":{"@context":"https:\/\/schema.org","@graph":[{"@type":"WebPage","@id":"https:\/\/tecmur2.es\/?page_id=26","url":"https:\/\/tecmur2.es\/?page_id=26","name":"Contacto - Tecmur 2 S.L.","isPartOf":{"@id":"https:\/\/tecmur2.es\/#website"},"datePublished":"2020-10-03T13:59:30+00:00","dateModified":"2020-12-04T12:51:30+00:00","breadcrumb":{"@id":"https:\/\/tecmur2.es\/?page_id=26#breadcrumb"},"inLanguage":"es","potentialAction":[{"@type":"ReadAction","target":["https:\/\/tecmur2.es\/?page_id=26"]}]},{"@type":"BreadcrumbList","@id":"https:\/\/tecmur2.es\/?page_id=26#breadcrumb","itemListElement":[{"@type":"ListItem","position":1,"name":"Portada","item":"https:\/\/tecmur2.es\/"},{"@type":"ListItem","position":2,"name":"Contacto"}]},{"@type":"WebSite","@id":"https:\/\/tecmur2.es\/#website","url":"https:\/\/tecmur2.es\/","name":"Tecmur 2 S.L.","description":"Maquinaria para la alimentaci\u00f3n","publisher":{"@id":"https:\/\/tecmur2.es\/#organization"},"potentialAction":[{"@type":"SearchAction","target":{"@type":"EntryPoint","urlTemplate":"https:\/\/tecmur2.es\/?s={search_term_string}"},"query-input":"required name=search_term_string"}],"inLanguage":"es"},{"@type":"Organization","@id":"https:\/\/tecmur2.es\/#organization","name":"Tecmur 2 S.L.","url":"https:\/\/tecmur2.es\/","logo":{"@type":"ImageObject","inLanguage":"es","@id":"https:\/\/tecmur2.es\/#\/schema\/logo\/image\/","url":"https:\/\/tecmur2.es\/wp-content\/uploads\/2022\/10\/logo_tecmur2_verde.jpg","contentUrl":"https:\/\/tecmur2.es\/wp-content\/uploads\/2022\/10\/logo_tecmur2_verde.jpg","width":2283,"height":539,"caption":"Tecmur 2 S.L."},"image":{"@id":"https:\/\/tecmur2.es\/#\/schema\/logo\/image\/"}}]}},"_links":{"self":[{"href":"https:\/\/tecmur2.es\/index.php?rest_route=\/wp\/v2\/pages\/26"}],"collection":[{"href":"https:\/\/tecmur2.es\/index.php?rest_route=\/wp\/v2\/pages"}],"about":[{"href":"https:\/\/tecmur2.es\/index.php?rest_route=\/wp\/v2\/types\/page"}],"author":[{"embeddable":true,"href":"https:\/\/tecmur2.es\/index.php?rest_route=\/wp\/v2\/users\/2"}],"replies":[{"embeddable":true,"href":"https:\/\/tecmur2.es\/index.php?rest_route=%2Fwp%2Fv2%2Fcomments&post=26"}],"version-history":[{"count":3,"href":"https:\/\/tecmur2.es\/index.php?rest_route=\/wp\/v2\/pages\/26\/revisions"}],"predecessor-version":[{"id":238,"href":"https:\/\/tecmur2.es\/index.php?rest_route=\/wp\/v2\/pages\/26\/revisions\/238"}],"wp:attachment":[{"href":"https:\/\/tecmur2.es\/index.php?rest_route=%2Fwp%2Fv2%2Fmedia&parent=26"}],"curies":[{"name":"wp","href":"https:\/\/api.w.org\/{rel}","templated":true}]}}