{"id":2,"date":"2020-10-03T13:30:14","date_gmt":"2020-10-03T13:30:14","guid":{"rendered":"https:\/\/tecmur2.es\/?page_id=2"},"modified":"2020-11-16T00:16:36","modified_gmt":"2020-11-16T00:16:36","slug":"inicio","status":"publish","type":"page","link":"https:\/\/tecmur2.es\/","title":{"rendered":"Inicio"},"content":{"rendered":"    <div id=\"cSlider220\" class=\"carousel\" data-ride=\"carousel\">\n        <div class=\"carousel-inner\">\n                            <div class=\"carousel-item active\">\n                    <img decoding=\"async\" class=\"d-block w-100\" src=\"https:\/\/tecmur2.es\/wp-content\/uploads\/2020\/10\/slider1-1.jpg\" alt=\" \">\n                    <div class=\"carousel-caption\">\n                        <div class=\"content-carousel\">\n<div class=\"wp-block-group boxSliderAlimentacion\"><div class=\"wp-block-group__inner-container is-layout-flow wp-block-group-is-layout-flow\">\n<h2 class=\"has-text-align-center wp-block-heading\">MAQUINARIA INDUSTRIAL PARA LA ALIMENTACI\u00d3N<\/h2>\n\n\n\n<p class=\"has-text-align-center\">Dise\u00f1amos y fabricamos maquinaria para la alimentaci\u00f3n, nos adaptamos a sus necesidades y fabricamos a medida.<\/p>\n<\/div><\/div>\n\n\n\n<p><\/p>\n<\/div>\n                    <\/div>\n                <\/div>\n                                            <div class=\"carousel-item \">\n                    <img decoding=\"async\" class=\"d-block w-100\" src=\"https:\/\/tecmur2.es\/wp-content\/uploads\/2020\/10\/slider2.jpg\" alt=\" \">\n                    <div class=\"carousel-caption\">\n                        <div class=\"content-carousel\">\n<div class=\"wp-block-group boxSliderFabricacionP\"><div class=\"wp-block-group__inner-container is-layout-flow wp-block-group-is-layout-flow\">\n<div class=\"wp-block-columns is-layout-flex wp-container-core-columns-layout-4 wp-block-columns-is-layout-flex\">\n<div class=\"wp-block-column is-layout-flow wp-block-column-is-layout-flow\">\n<h3 class=\"wp-block-heading\">INGENIERIA<\/h3>\n\n\n\n<p>Deje que nuestro departamento de ingenier\u00eda le gu\u00ede y aconseje desde el inicio del dise\u00f1o hasta la puesta en marcha en la elaboraci\u00f3n de su producto.<\/p>\n<\/div>\n\n\n\n<div class=\"wp-block-column is-layout-flow wp-block-column-is-layout-flow\">\n<h3 class=\"wp-block-heading\">INSTALACIONES INDUSTRIALES<\/h3>\n\n\n\n<p>Servicio global de montaje industrial en todos los procesos productivos industriales que lo precisen<\/p>\n<\/div>\n\n\n\n<div class=\"wp-block-column is-layout-flow wp-block-column-is-layout-flow\">\n<h3 class=\"wp-block-heading\">MANTENIMIENTO INDUSTRIAL<\/h3>\n\n\n\n<p>Disponemos de un Servicio de Mantenimiento en f\u00e1brica ofreciendo personal cualificado y con experiencia acreditada.<\/p>\n<\/div>\n<\/div>\n<\/div><\/div>\n<\/div>\n                    <\/div>\n                <\/div>\n                                            <div class=\"carousel-item \">\n                    <img decoding=\"async\" class=\"d-block w-100\" src=\"https:\/\/tecmur2.es\/wp-content\/uploads\/2020\/10\/slider3.jpg\" alt=\" \">\n                    <div class=\"carousel-caption\">\n                        <div class=\"content-carousel\">\n<div class=\"wp-block-group boxTextoSliderTop\"><div class=\"wp-block-group__inner-container is-layout-flow wp-block-group-is-layout-flow\">\n<h2 class=\"has-text-align-center wp-block-heading\">I + D + i<\/h2>\n\n\n\n<p class=\"has-text-align-center\">Nuestro departamento de I + D + i est\u00e1 dedicado a mejorar y dise\u00f1ar nuevas herramientas<br>especializadas en ayudar a aumentar la calidad de los productos, contando con todos los <br>recursos necesarios para llevar a cabo proyectos de investigaci\u00f3n, desarrollo e innovaci\u00f3n.<\/p>\n<\/div><\/div>\n<\/div>\n                    <\/div>\n                <\/div>\n                            \n            \n        <\/div>\n        <ol class=\"carousel-indicators\"> <li data-target=\"#cSlider220\" data-slide-to=\"0\" class=\"active\" ><\/li><li data-target=\"#cSlider220\" data-slide-to=\"1\"><\/li><li data-target=\"#cSlider220\" data-slide-to=\"2\"><\/li><\/ol>\n            <\/div>\n    \n\n\n\n<div class=\"wp-block-group bxCaracteristicas\"><div class=\"wp-block-group__inner-container is-layout-flow wp-block-group-is-layout-flow\">\n<div class=\"wp-block-columns is-layout-flex wp-container-core-columns-layout-1 wp-block-columns-is-layout-flex\">\n<div class=\"wp-block-column is-layout-flow wp-block-column-is-layout-flow\">\n<h4 class=\"titleSection wp-block-heading\">MAQUINARIA INDUSTRIAL PARA ALIMENTACI\u00d3N<\/h4>\n\n\n\n<h5 class=\"colorDefaultText wp-block-heading\">TECMUR 2 S.L.<\/h5>\n\n\n\n<p>somos una empresa especializada en la maquinaria de alimentaci\u00f3n. Nos dedicamos al dise\u00f1o, fabricaci\u00f3n, instalaci\u00f3n, y venta de equipos para el procesado de alimentos.<\/p>\n<\/div>\n\n\n\n<div class=\"wp-block-column is-layout-flow wp-block-column-is-layout-flow\">\n<div class=\"wp-block-image\"><figure class=\"aligncenter size-large\"><img loading=\"lazy\" decoding=\"async\" width=\"86\" height=\"86\" src=\"https:\/\/tecmur2.es\/wp-content\/uploads\/2020\/11\/trofeo.png\" alt=\"\" class=\"wp-image-114\"\/><\/figure><\/div>\n\n\n\n<h4 class=\"has-text-align-center fontBlack wp-block-heading\">CALIDAD<\/h4>\n\n\n\n<p class=\"has-text-align-center\">NORMA UNE-EN-ISO 9001, generalizada en todos los \u00e1mbitos de la empresa, pretendiendo al tiempo, la satisfacci\u00f3n de los clientes, la optimizaci\u00f3n de los medios y recursos disponibles, as\u00ed como la motivaci\u00f3n y satisfacci\u00f3n del personal integrante de la empresa.<\/p>\n<\/div>\n\n\n\n<div class=\"wp-block-column is-layout-flow wp-block-column-is-layout-flow\">\n<div class=\"wp-block-image\"><figure class=\"aligncenter size-large\"><img loading=\"lazy\" decoding=\"async\" width=\"106\" height=\"86\" src=\"https:\/\/tecmur2.es\/wp-content\/uploads\/2020\/11\/like.png\" alt=\"\" class=\"wp-image-112\"\/><\/figure><\/div>\n\n\n\n<h4 class=\"has-text-align-center fontBlack wp-block-heading\">PROFESIONALIDAD<\/h4>\n\n\n\n<p class=\"has-text-align-center\">Nuestro departamento de ingenier\u00eda se compromete con el cliente desarrollando estudios y asesoramiento para dar la mejor soluci\u00f3n a su problema. Nos adaptamos a sus necesidades.<\/p>\n<\/div>\n\n\n\n<div class=\"wp-block-column is-layout-flow wp-block-column-is-layout-flow\">\n<div class=\"wp-block-image\"><figure class=\"aligncenter size-large\"><img loading=\"lazy\" decoding=\"async\" width=\"79\" height=\"85\" src=\"https:\/\/tecmur2.es\/wp-content\/uploads\/2020\/11\/frasco.png\" alt=\"\" class=\"wp-image-113\"\/><\/figure><\/div>\n\n\n\n<h4 class=\"has-text-align-center fontBlack wp-block-heading\">EXPERIENCIA<\/h4>\n\n\n\n<p class=\"has-text-align-center\">La experiencia adquirida durante muchos a\u00f1os de trabajo y esfuerzo se ve reflejada en nuestros productos. Disponemos de un completo cat\u00e1logo donde encontrar\u00e1 nuestra gama de maquinaria para industria alimentaria.<\/p>\n<\/div>\n<\/div>\n<\/div><\/div>\n\n\n\n<div class=\"wp-block-group boxBanner1\"><div class=\"wp-block-group__inner-container is-layout-flow wp-block-group-is-layout-flow\">\n<p>\u00abNo creo que haya alguna emoci\u00f3n m\u00e1s intensa para un inventor, que ver una de sus creaciones funcionando\u00bb<\/p>\n\n\n\n<p class=\"has-text-align-right autor\">Nikola Tesla<\/p>\n<\/div><\/div>\n\n\n\n<div class=\"wp-block-group boxObjetivosHome\"><div class=\"wp-block-group__inner-container is-layout-flow wp-block-group-is-layout-flow\">\n<h2 class=\"has-text-align-left titleSection wp-block-heading\">NUESTRO OBJETIVO<\/h2>\n\n\n\n<div class=\"wp-block-columns is-layout-flex wp-container-core-columns-layout-2 wp-block-columns-is-layout-flex\">\n<div class=\"wp-block-column is-layout-flow wp-block-column-is-layout-flow\">\n<figure class=\"wp-block-image size-full\"><img decoding=\"async\" src=\"https:\/\/tecmur2.es\/wp-content\/uploads\/2020\/11\/im_nuestra_empresa.jpg\" alt=\"\" class=\"wp-image-122\" width=\"NaN\" height=\"NaN\" srcset=\"https:\/\/tecmur2.es\/wp-content\/uploads\/2020\/11\/im_nuestra_empresa.jpg 700w, https:\/\/tecmur2.es\/wp-content\/uploads\/2020\/11\/im_nuestra_empresa-600x423.jpg 600w, https:\/\/tecmur2.es\/wp-content\/uploads\/2020\/11\/im_nuestra_empresa-300x212.jpg 300w\" sizes=\"(max-width: 700px) 100vw, 700px\" \/><\/figure>\n<\/div>\n\n\n\n<div class=\"wp-block-column is-layout-flow wp-block-column-is-layout-flow\">\n<p>Contamos con m\u00e1s de 50 a\u00f1os de experiencia en el sector y una larga lista de clientes nos avala, tanto dentro como fuera de Espa\u00f1a. <\/p>\n\n\n\n<p>Nuestro principal objetivo es ofrecer productos de calidad y adaptados a las necesidades del cliente.<\/p>\n<\/div>\n<\/div>\n<\/div><\/div>\n\n\n\n<div class=\"wp-block-group bxNuestrosProductos\"><div class=\"wp-block-group__inner-container is-layout-flow wp-block-group-is-layout-flow\">\n<h2 class=\"titleSection wp-block-heading\">NUESTROS PRODUCTOS<\/h2>\n\n\n\n<div class=\"wp-block-columns is-layout-flex wp-container-core-columns-layout-3 wp-block-columns-is-layout-flex\">\n<div class=\"wp-block-column is-layout-flow wp-block-column-is-layout-flow\">\n<figure class=\"wp-block-image size-large efectoHover\"><img loading=\"lazy\" decoding=\"async\" width=\"670\" height=\"557\" src=\"https:\/\/tecmur2.es\/wp-content\/uploads\/2020\/10\/cerradora_tarros_t40.png\" alt=\"\" class=\"wp-image-159\" srcset=\"https:\/\/tecmur2.es\/wp-content\/uploads\/2020\/10\/cerradora_tarros_t40.png 670w, https:\/\/tecmur2.es\/wp-content\/uploads\/2020\/10\/cerradora_tarros_t40-600x499.png 600w, https:\/\/tecmur2.es\/wp-content\/uploads\/2020\/10\/cerradora_tarros_t40-300x249.png 300w\" sizes=\"(max-width: 670px) 100vw, 670px\" \/><figcaption><span>Equipos Independientes<\/span><a href=\"https:\/\/tecmur2.es\/categoria-producto\/equipos-independientes\/\">M\u00e1s informaci\u00f3n<\/a><\/figcaption><\/figure>\n\n\n\n<p class=\"has-text-align-center\"><strong>Equipos Independientes<\/strong><\/p>\n<\/div>\n\n\n\n<div class=\"wp-block-column is-layout-flow wp-block-column-is-layout-flow\">\n<figure class=\"wp-block-image size-full efectoHover\"><img loading=\"lazy\" decoding=\"async\" width=\"527\" height=\"318\" src=\"https:\/\/tecmur2.es\/wp-content\/uploads\/2020\/11\/linea-produccion.jpg\" alt=\"\" class=\"wp-image-107\" srcset=\"https:\/\/tecmur2.es\/wp-content\/uploads\/2020\/11\/linea-produccion.jpg 527w, https:\/\/tecmur2.es\/wp-content\/uploads\/2020\/11\/linea-produccion-300x181.jpg 300w\" sizes=\"(max-width: 527px) 100vw, 527px\" \/><figcaption><span>L\u00edneas de producci\u00f3n<\/span><a href=\"https:\/\/tecmur2.es\/categoria-producto\/lineas\/\">M\u00e1s informaci\u00f3n<\/a><\/figcaption><\/figure>\n\n\n\n<p class=\"has-text-align-center\"><strong>L\u00edneas de Producci\u00f3n<\/strong><\/p>\n<\/div>\n<\/div>\n\n\n\n<p><\/p>\n<\/div><\/div>\n","protected":false},"excerpt":{"rendered":"<p>MAQUINARIA INDUSTRIAL PARA ALIMENTACI\u00d3N TECMUR 2 S.L. somos una empresa especializada en la maquinaria de alimentaci\u00f3n. Nos dedicamos al dise\u00f1o, fabricaci\u00f3n, instalaci\u00f3n, y venta de equipos para el procesado de alimentos. CALIDAD NORMA UNE-EN-ISO 9001, generalizada en todos los \u00e1mbitos de la empresa, pretendiendo al tiempo, la satisfacci\u00f3n de los clientes, la optimizaci\u00f3n de los [&hellip;]<\/p>\n","protected":false},"author":2,"featured_media":0,"parent":0,"menu_order":0,"comment_status":"closed","ping_status":"closed","template":"","meta":{"footnotes":""},"yoast_head":"<!-- This site is optimized with the Yoast SEO plugin v20.12 - https:\/\/yoast.com\/wordpress\/plugins\/seo\/ -->\n<title>Inicio - Tecmur 2 S.L.<\/title>\n<meta name=\"robots\" content=\"index, follow, max-snippet:-1, max-image-preview:large, max-video-preview:-1\" \/>\n<link rel=\"canonical\" href=\"https:\/\/tecmur2.es\/\" \/>\n<meta property=\"og:locale\" content=\"es_ES\" \/>\n<meta property=\"og:type\" content=\"article\" \/>\n<meta property=\"og:title\" content=\"Inicio - Tecmur 2 S.L.\" \/>\n<meta property=\"og:description\" content=\"MAQUINARIA INDUSTRIAL PARA ALIMENTACI\u00d3N TECMUR 2 S.L. somos una empresa especializada en la maquinaria de alimentaci\u00f3n. Nos dedicamos al dise\u00f1o, fabricaci\u00f3n, instalaci\u00f3n, y venta de equipos para el procesado de alimentos. CALIDAD NORMA UNE-EN-ISO 9001, generalizada en todos los \u00e1mbitos de la empresa, pretendiendo al tiempo, la satisfacci\u00f3n de los clientes, la optimizaci\u00f3n de los [&hellip;]\" \/>\n<meta property=\"og:url\" content=\"https:\/\/tecmur2.es\/\" \/>\n<meta property=\"og:site_name\" content=\"Tecmur 2 S.L.\" \/>\n<meta property=\"article:modified_time\" content=\"2020-11-16T00:16:36+00:00\" \/>\n<meta property=\"og:image\" content=\"https:\/\/tecmur2.es\/wp-content\/uploads\/2020\/11\/trofeo.png\" \/>\n<meta name=\"twitter:card\" content=\"summary_large_image\" \/>\n<meta name=\"twitter:label1\" content=\"Tiempo de lectura\" \/>\n\t<meta name=\"twitter:data1\" content=\"1 minuto\" \/>\n<script type=\"application\/ld+json\" class=\"yoast-schema-graph\">{\"@context\":\"https:\/\/schema.org\",\"@graph\":[{\"@type\":\"WebPage\",\"@id\":\"https:\/\/tecmur2.es\/\",\"url\":\"https:\/\/tecmur2.es\/\",\"name\":\"Inicio - Tecmur 2 S.L.\",\"isPartOf\":{\"@id\":\"https:\/\/tecmur2.es\/#website\"},\"datePublished\":\"2020-10-03T13:30:14+00:00\",\"dateModified\":\"2020-11-16T00:16:36+00:00\",\"breadcrumb\":{\"@id\":\"https:\/\/tecmur2.es\/#breadcrumb\"},\"inLanguage\":\"es\",\"potentialAction\":[{\"@type\":\"ReadAction\",\"target\":[\"https:\/\/tecmur2.es\/\"]}]},{\"@type\":\"BreadcrumbList\",\"@id\":\"https:\/\/tecmur2.es\/#breadcrumb\",\"itemListElement\":[{\"@type\":\"ListItem\",\"position\":1,\"name\":\"Portada\",\"item\":\"https:\/\/tecmur2.es\/\"},{\"@type\":\"ListItem\",\"position\":2,\"name\":\"Inicio\"}]},{\"@type\":\"WebSite\",\"@id\":\"https:\/\/tecmur2.es\/#website\",\"url\":\"https:\/\/tecmur2.es\/\",\"name\":\"Tecmur 2 S.L.\",\"description\":\"Maquinaria para la alimentaci\u00f3n\",\"publisher\":{\"@id\":\"https:\/\/tecmur2.es\/#organization\"},\"potentialAction\":[{\"@type\":\"SearchAction\",\"target\":{\"@type\":\"EntryPoint\",\"urlTemplate\":\"https:\/\/tecmur2.es\/?s={search_term_string}\"},\"query-input\":\"required name=search_term_string\"}],\"inLanguage\":\"es\"},{\"@type\":\"Organization\",\"@id\":\"https:\/\/tecmur2.es\/#organization\",\"name\":\"Tecmur 2 S.L.\",\"url\":\"https:\/\/tecmur2.es\/\",\"logo\":{\"@type\":\"ImageObject\",\"inLanguage\":\"es\",\"@id\":\"https:\/\/tecmur2.es\/#\/schema\/logo\/image\/\",\"url\":\"https:\/\/tecmur2.es\/wp-content\/uploads\/2022\/10\/logo_tecmur2_verde.jpg\",\"contentUrl\":\"https:\/\/tecmur2.es\/wp-content\/uploads\/2022\/10\/logo_tecmur2_verde.jpg\",\"width\":2283,\"height\":539,\"caption\":\"Tecmur 2 S.L.\"},\"image\":{\"@id\":\"https:\/\/tecmur2.es\/#\/schema\/logo\/image\/\"}}]}<\/script>\n<!-- \/ Yoast SEO plugin. -->","yoast_head_json":{"title":"Inicio - Tecmur 2 S.L.","robots":{"index":"index","follow":"follow","max-snippet":"max-snippet:-1","max-image-preview":"max-image-preview:large","max-video-preview":"max-video-preview:-1"},"canonical":"https:\/\/tecmur2.es\/","og_locale":"es_ES","og_type":"article","og_title":"Inicio - Tecmur 2 S.L.","og_description":"MAQUINARIA INDUSTRIAL PARA ALIMENTACI\u00d3N TECMUR 2 S.L. somos una empresa especializada en la maquinaria de alimentaci\u00f3n. Nos dedicamos al dise\u00f1o, fabricaci\u00f3n, instalaci\u00f3n, y venta de equipos para el procesado de alimentos. CALIDAD NORMA UNE-EN-ISO 9001, generalizada en todos los \u00e1mbitos de la empresa, pretendiendo al tiempo, la satisfacci\u00f3n de los clientes, la optimizaci\u00f3n de los [&hellip;]","og_url":"https:\/\/tecmur2.es\/","og_site_name":"Tecmur 2 S.L.","article_modified_time":"2020-11-16T00:16:36+00:00","og_image":[{"url":"https:\/\/tecmur2.es\/wp-content\/uploads\/2020\/11\/trofeo.png"}],"twitter_card":"summary_large_image","twitter_misc":{"Tiempo de lectura":"1 minuto"},"schema":{"@context":"https:\/\/schema.org","@graph":[{"@type":"WebPage","@id":"https:\/\/tecmur2.es\/","url":"https:\/\/tecmur2.es\/","name":"Inicio - Tecmur 2 S.L.","isPartOf":{"@id":"https:\/\/tecmur2.es\/#website"},"datePublished":"2020-10-03T13:30:14+00:00","dateModified":"2020-11-16T00:16:36+00:00","breadcrumb":{"@id":"https:\/\/tecmur2.es\/#breadcrumb"},"inLanguage":"es","potentialAction":[{"@type":"ReadAction","target":["https:\/\/tecmur2.es\/"]}]},{"@type":"BreadcrumbList","@id":"https:\/\/tecmur2.es\/#breadcrumb","itemListElement":[{"@type":"ListItem","position":1,"name":"Portada","item":"https:\/\/tecmur2.es\/"},{"@type":"ListItem","position":2,"name":"Inicio"}]},{"@type":"WebSite","@id":"https:\/\/tecmur2.es\/#website","url":"https:\/\/tecmur2.es\/","name":"Tecmur 2 S.L.","description":"Maquinaria para la alimentaci\u00f3n","publisher":{"@id":"https:\/\/tecmur2.es\/#organization"},"potentialAction":[{"@type":"SearchAction","target":{"@type":"EntryPoint","urlTemplate":"https:\/\/tecmur2.es\/?s={search_term_string}"},"query-input":"required name=search_term_string"}],"inLanguage":"es"},{"@type":"Organization","@id":"https:\/\/tecmur2.es\/#organization","name":"Tecmur 2 S.L.","url":"https:\/\/tecmur2.es\/","logo":{"@type":"ImageObject","inLanguage":"es","@id":"https:\/\/tecmur2.es\/#\/schema\/logo\/image\/","url":"https:\/\/tecmur2.es\/wp-content\/uploads\/2022\/10\/logo_tecmur2_verde.jpg","contentUrl":"https:\/\/tecmur2.es\/wp-content\/uploads\/2022\/10\/logo_tecmur2_verde.jpg","width":2283,"height":539,"caption":"Tecmur 2 S.L."},"image":{"@id":"https:\/\/tecmur2.es\/#\/schema\/logo\/image\/"}}]}},"_links":{"self":[{"href":"https:\/\/tecmur2.es\/index.php?rest_route=\/wp\/v2\/pages\/2"}],"collection":[{"href":"https:\/\/tecmur2.es\/index.php?rest_route=\/wp\/v2\/pages"}],"about":[{"href":"https:\/\/tecmur2.es\/index.php?rest_route=\/wp\/v2\/types\/page"}],"author":[{"embeddable":true,"href":"https:\/\/tecmur2.es\/index.php?rest_route=\/wp\/v2\/users\/2"}],"replies":[{"embeddable":true,"href":"https:\/\/tecmur2.es\/index.php?rest_route=%2Fwp%2Fv2%2Fcomments&post=2"}],"version-history":[{"count":53,"href":"https:\/\/tecmur2.es\/index.php?rest_route=\/wp\/v2\/pages\/2\/revisions"}],"predecessor-version":[{"id":191,"href":"https:\/\/tecmur2.es\/index.php?rest_route=\/wp\/v2\/pages\/2\/revisions\/191"}],"wp:attachment":[{"href":"https:\/\/tecmur2.es\/index.php?rest_route=%2Fwp%2Fv2%2Fmedia&parent=2"}],"curies":[{"name":"wp","href":"https:\/\/api.w.org\/{rel}","templated":true}]}}